{"id":138836,"date":"2023-07-27T00:00:00","date_gmt":"2023-07-27T05:00:00","guid":{"rendered":"https:\/\/gpl-love.com\/es\/producto\/paid-memberships-pro-sponsored-members-addon\/"},"modified":"2026-03-31T17:16:34","modified_gmt":"2026-03-31T22:16:34","slug":"paid-memberships-pro-sponsored-members-addon","status":"publish","type":"product","link":"https:\/\/gpl-love.com\/es\/producto\/paid-memberships-pro-sponsored-members-addon\/","title":{"rendered":"Paid Memberships Pro Sponsored Members Addon 0.8"},"content":{"rendered":"<h3>Paid Memberships Pro Sponsored Members Addon Caracteristicas<\/h3>\n<p>El complemento de miembros patrocinados por Memberships Pro Paying Pro, una herramienta muy valiosa, demuestra ser un recurso esencial para las personas que buscan monetizar su sitio web a trav\u00e9s de membres\u00edas patrocinadas. Este complemento permite efectivamente a los propietarios del sitio web extender las membres\u00edas patrocinadas a sus usuarios, sirviendo as\u00ed como un enfoque excepcional para atraer a nuevos suscriptores y generar ingresos. Con la inclusi\u00f3n de este complemento, los usuarios obtienen la capacidad de establecer sin esfuerzo niveles de membres\u00eda patrocinados, configurar diversas opciones de precios y definir intrincadamente los t\u00e9rminos y condiciones de membres\u00eda. Adem\u00e1s, este complemento muestra caracter\u00edsticas formidables, que abarca la capacidad de restringir la cantidad de membres\u00edas patrocinadas disponibles, monitorear diligentemente las ventas de membres\u00edas patrocinadas e incluso enviar notificaciones por correo electr\u00f3nico a los usuarios con respecto al estado de su membres\u00eda. Independientemente de si uno es un empresario empresarial, un blogger competente o simplemente un individuo que aspira a acumular ingresos suplementarios de su sitio web, los miembros patrocinados por Pro Pays Programados, el complemento, se presenta indudablemente como una inversi\u00f3n inteligente.<\/p>\n<ul>\n<li>Le permite patrocinar a los miembros actualizando su cuenta a un nivel de membres\u00eda pagado<\/li>\n<li>Proporciona una forma f\u00e1cil y automatizada de administrar miembros patrocinados<\/li>\n<li>Le permite especificar qu\u00e9 niveles de membres\u00eda son elegibles para el patrocinio<\/li>\n<li>Le permite establecer la duraci\u00f3n del patrocinio y el n\u00famero de patrocinios permitidos<\/li>\n<li>Env\u00eda notificaciones por correo electr\u00f3nico a los patrocinadores y a los miembros patrocinados<\/li>\n<li>Proporciona informes y seguimiento detallados para membres\u00edas patrocinadas<\/li>\n<li>Se integra a la perfecci\u00f3n con MemberShips Pro y otros complementos de terceros<\/li>\n<li>Admite m\u00faltiples pasarelas de pago para que los patrocinadores realicen pagos<\/li>\n<li>Ofrece precios flexibles y opciones de facturaci\u00f3n para el patrocinio<\/li>\n<li>Viene con una excelente atenci\u00f3n al cliente y actualizaciones regulares.<\/li>\n<\/ul>\n","protected":false},"excerpt":{"rendered":"<p>El complemento de los miembros patrocinados por Pro Pay MemberShips se presenta como un instrumento robusto e influyente con el fin de monetizar su sitio de membres\u00eda, ofreciendo una variedad de capacidades que realmente pueden transformar su plataforma en l\u00ednea. Al aprovechar este notable complemento, se le otorga la capacidad de extender los patrocinios pagados a sus miembros estimados, otorg\u00e1ndoles acceso a una mir\u00edada de contenido y beneficios exclusivos que de otro modo son inalcanzables por los usuarios comunes. Adem\u00e1s, este complemento excepcional lo equipa con las herramientas necesarias para rastrear sin esfuerzo los patrocinios y administrar efectivamente los pagos, lo que le permite generar ingresos sustanciales sin esfuerzo al tiempo que preserva simult\u00e1neamente la gesti\u00f3n general de su sitio. Independientemente de si opera una comunidad de nicho o un sitio de membres\u00eda vasto y expansivo, se garantiza que este complemento formidable aumente sus m\u00e1rgenes de ganancias y ampl\u00ede la gama de ofertas disponibles para sus leales patrocinadores.<\/p>\n","protected":false},"featured_media":168875,"comment_status":"open","ping_status":"open","template":"","meta":[],"product_brand":[2524],"product_cat":[1214,1206,1211],"product_tag":[2255],"class_list":{"0":"post-138836","1":"product","2":"type-product","3":"status-publish","4":"has-post-thumbnail","6":"product_brand-paid-memberships-pro","7":"product_cat-personalizacion","8":"product_cat-plugins","9":"product_cat-wordpress-plugins","10":"product_tag-paid-memberships-pro","11":"member-discount","12":"discount-restricted","14":"first","15":"instock","16":"sale","17":"downloadable","18":"virtual","19":"sold-individually","20":"purchasable","21":"product-type-simple"},"_links":{"self":[{"href":"https:\/\/gpl-love.com\/es\/wp-json\/wp\/v2\/product\/138836","targetHints":{"allow":["GET"]}}],"collection":[{"href":"https:\/\/gpl-love.com\/es\/wp-json\/wp\/v2\/product"}],"about":[{"href":"https:\/\/gpl-love.com\/es\/wp-json\/wp\/v2\/types\/product"}],"replies":[{"embeddable":true,"href":"https:\/\/gpl-love.com\/es\/wp-json\/wp\/v2\/comments?post=138836"}],"wp:featuredmedia":[{"embeddable":true,"href":"https:\/\/gpl-love.com\/es\/wp-json\/wp\/v2\/media\/168875"}],"wp:attachment":[{"href":"https:\/\/gpl-love.com\/es\/wp-json\/wp\/v2\/media?parent=138836"}],"wp:term":[{"taxonomy":"product_brand","embeddable":true,"href":"https:\/\/gpl-love.com\/es\/wp-json\/wp\/v2\/product_brand?post=138836"},{"taxonomy":"product_cat","embeddable":true,"href":"https:\/\/gpl-love.com\/es\/wp-json\/wp\/v2\/product_cat?post=138836"},{"taxonomy":"product_tag","embeddable":true,"href":"https:\/\/gpl-love.com\/es\/wp-json\/wp\/v2\/product_tag?post=138836"}],"curies":[{"name":"wp","href":"https:\/\/api.w.org\/{rel}","templated":true}]}}