{"id":138807,"date":"2024-12-16T00:00:00","date_gmt":"2024-12-16T05:00:00","guid":{"rendered":"https:\/\/gpl-love.com\/es\/producto\/enjoytube-pro\/"},"modified":"2026-03-13T17:36:10","modified_gmt":"2026-03-13T22:36:10","slug":"enjoytube-pro","status":"publish","type":"product","link":"https:\/\/gpl-love.com\/es\/producto\/enjoytube-pro\/","title":{"rendered":"EnjoyTube Pro 1.0.8"},"content":{"rendered":"<h3>EnjoyTube Pro Caracteristicas<\/h3>\n<p>El DiseStube Pro es un producto avanzado y de vanguardia que brinda a los usuarios una experiencia de visualizaci\u00f3n de videos incomparable y excepcional. Este dispositivo innovador y de vanguardia otorga a las personas la capacidad de transmitir videos sin esfuerzo y sin problemas de la m\u00e1s alta calidad de sus sitios web preferidos directamente en una variedad de pantallas, incluidos televisores, computadoras port\u00e1tiles y dispositivos m\u00f3viles. Con el disfrutar de Pro Ficture Pro, acceder y disfrutar de sus preciadas pel\u00edculas, series de televisi\u00f3n cautivadores, emocionantes eventos deportivos y mucho m\u00e1s es muy f\u00e1cil, ya que todo el contenido puede acceder sin esfuerzo y disfrutar en una impresionante calidad de alta definici\u00f3n. El dispositivo en s\u00ed es f\u00e1cil de usar, lo que hace que el proceso de configurarlo y utilizar sus caracter\u00edsticas sea una experiencia perfecta y sin problemas. La interfaz del disfrutar de Pro se dise\u00f1a teniendo en cuenta el usuario, proporcionando una plataforma simple e intuitiva que permite una f\u00e1cil navegaci\u00f3n a trav\u00e9s de su vasta colecci\u00f3n de contenido. Ya sea que sea un \u00e1vido entusiasta de las pel\u00edculas, un fan\u00e1tico de los deportes devotos o alguien que simplemente se deleite con el placer de ver videos en l\u00ednea, el disfrutar de Pro Ficture Pro es la soluci\u00f3n definitiva para todos sus deseos de transmisi\u00f3n de video. Entonces, en lugar de conformarse con alternativas de baja parte, \u00bfpor qu\u00e9 no disfrutar de lo mejor que el disfrute que el profesional tiene para ofrecer?<\/p>\n<ul>\n<li>Transmisi\u00f3n de alta calidad para todos tus videos favoritos<\/li>\n<li>No hay amortiguaci\u00f3n o rezagamiento con un rendimiento r\u00e1pido y confiable<\/li>\n<li>Admite varios formatos de video que incluyen HD y 4K<\/li>\n<li>Interfaz f\u00e1cil de usar con opciones de navegaci\u00f3n intuitiva y b\u00fasqueda<\/li>\n<li>Recomendaciones personalizadas basadas en su historial de visualizaci\u00f3n<\/li>\n<li>Experiencia de visualizaci\u00f3n sin publicidad para entretenimiento ininterrumpido<\/li>\n<li>Se puede usar en una variedad de dispositivos como tel\u00e9fonos inteligentes, tabletas y televisores inteligentes<\/li>\n<li>Protecci\u00f3n de la privacidad sin seguimiento de la actividad del usuario o datos<\/li>\n<li>Actualizaciones regulares para mejorar las funciones y abordar cualquier problema<\/li>\n<li>Planes de suscripci\u00f3n asequibles con opciones de pago flexibles disponibles.<\/li>\n<\/ul>\n","protected":false},"excerpt":{"rendered":"<p>Disfruttube Pro es un software multimedia incre\u00edblemente vers\u00e1til que ofrece una multitud de caracter\u00edsticas dise\u00f1adas para mejorar su experiencia en los medios. Le permite descargar, convertir y administrar sus videos y m\u00fasica favoritos. Con su interfaz f\u00e1cil de usar y su rendimiento excepcional, puede acceder f\u00e1cilmente a una amplia gama de contenido en l\u00ednea desde varias plataformas, como YouTube, Vimeo, Dailymotion, Vevo y m\u00e1s. Ya sea que desee guardar videos para ver, extraer pistas de audio o convertir archivos multimedia a diferentes formatos, DisfrutyTube Pro asegura que todas sus necesidades se satisfagan. Adem\u00e1s, proporciona la conveniencia de organizar su biblioteca de medios, crear listas de reproducci\u00f3n y sincronizar sin problemas su contenido en m\u00faltiples dispositivos. No se pierda la oportunidad de actualizar su experiencia en los medios: \u00a1tome la sabia elecci\u00f3n y opte por disfrutar de Pro hoy!<\/p>\n","protected":false},"featured_media":168874,"comment_status":"open","ping_status":"open","template":"","meta":[],"product_brand":[2661],"product_cat":[1245,1237,1238],"product_tag":[2282],"class_list":{"0":"post-138807","1":"product","2":"type-product","3":"status-publish","4":"has-post-thumbnail","6":"product_brand-wp-enjoy","7":"product_cat-blog-revista","8":"product_cat-temas","9":"product_cat-wordpress-temas","10":"product_tag-wp-enjoy","11":"member-discount","12":"discount-restricted","14":"first","15":"instock","16":"sale","17":"downloadable","18":"virtual","19":"sold-individually","20":"purchasable","21":"product-type-simple"},"_links":{"self":[{"href":"https:\/\/gpl-love.com\/es\/wp-json\/wp\/v2\/product\/138807","targetHints":{"allow":["GET"]}}],"collection":[{"href":"https:\/\/gpl-love.com\/es\/wp-json\/wp\/v2\/product"}],"about":[{"href":"https:\/\/gpl-love.com\/es\/wp-json\/wp\/v2\/types\/product"}],"replies":[{"embeddable":true,"href":"https:\/\/gpl-love.com\/es\/wp-json\/wp\/v2\/comments?post=138807"}],"wp:featuredmedia":[{"embeddable":true,"href":"https:\/\/gpl-love.com\/es\/wp-json\/wp\/v2\/media\/168874"}],"wp:attachment":[{"href":"https:\/\/gpl-love.com\/es\/wp-json\/wp\/v2\/media?parent=138807"}],"wp:term":[{"taxonomy":"product_brand","embeddable":true,"href":"https:\/\/gpl-love.com\/es\/wp-json\/wp\/v2\/product_brand?post=138807"},{"taxonomy":"product_cat","embeddable":true,"href":"https:\/\/gpl-love.com\/es\/wp-json\/wp\/v2\/product_cat?post=138807"},{"taxonomy":"product_tag","embeddable":true,"href":"https:\/\/gpl-love.com\/es\/wp-json\/wp\/v2\/product_tag?post=138807"}],"curies":[{"name":"wp","href":"https:\/\/api.w.org\/{rel}","templated":true}]}}