{"id":138797,"date":"2025-02-06T00:00:00","date_gmt":"2025-02-06T05:00:00","guid":{"rendered":"https:\/\/gpl-love.com\/es\/producto\/enjoypress-pro\/"},"modified":"2026-03-13T17:36:05","modified_gmt":"2026-03-13T22:36:05","slug":"enjoypress-pro","status":"publish","type":"product","link":"https:\/\/gpl-love.com\/es\/producto\/enjoypress-pro\/","title":{"rendered":"EnjoyPress Pro 1.1.0"},"content":{"rendered":"<h3>EnjoyPress Pro Caracteristicas<\/h3>\n<p>El DisfrinPress Pro, una herramienta de cocina excepcionalmente vers\u00e1til y eficiente, es el ep\u00edtome de la excelencia cuando se trata de cumplir con todos sus requisitos de cocina. Este dispositivo de cocina multifac\u00e9tico y altamente capaz facilita sin esfuerzo la creaci\u00f3n de comidas deliciosas con la mayor comodidad. Simplemente presionando un bot\u00f3n, puede llevar a cabo sin esfuerzo una mir\u00edada de tareas culinarias, como cortar, mezclar, mezclar y purificar sus ingredientes preferidos para crear sopas, salsas, batidos y mucho m\u00e1s. Las cuchillas robustas de motor y afeitar de rasurla incorporadas dentro de la garant\u00eda de disfrutar de una textura constantemente impecable cada vez. Adem\u00e1s, el dise\u00f1o compacto y que ahorra espacio de este notable aparato permite un almacenamiento sin esfuerzo dentro de su cocina, mientras que los componentes seguros para lavavajillas aseguran una limpieza sin problemas y r\u00e1pidos. Independientemente de si es un estimado chef profesional o un cocinero casero apasionado, el disfrutado de Profess, sin duda, reina suprema como el dispositivo de cocina por excelencia que atiende a todas sus necesidades gastron\u00f3micas.<\/p>\n<ul>\n<li>Soluci\u00f3n de software avanzada para mejorar y optimizar la creaci\u00f3n de contenido<\/li>\n<li>Generar art\u00edculos sin esfuerzo de alta calidad, publicaciones de blog y m\u00e1s<\/li>\n<li>Acceso a una vasta biblioteca de materiales de investigaci\u00f3n para ayudar en la creaci\u00f3n de contenido<\/li>\n<li>La interfaz f\u00e1cil de usar hace que la creaci\u00f3n de contenido sea accesible para todos<\/li>\n<li>Plantillas personalizables y opciones de formato para un acabado profesional<\/li>\n<li>Herramientas de edici\u00f3n intuitivas para perfeccionar su trabajo<\/li>\n<li>Integraci\u00f3n con plataformas CMS populares para una f\u00e1cil publicaci\u00f3n<\/li>\n<li>Compatible con todos los dispositivos principales para la creaci\u00f3n de contenido sobre la marcha<\/li>\n<\/ul>\n","protected":false},"excerpt":{"rendered":"<p>Estamos encantados de presentar el DisfrinPress Pro, un compa\u00f1ero de cocina de \u00faltima generaci\u00f3n que satisface las necesidades de los entusiastas de los alimentos y los chefs caseros. Con un dise\u00f1o intuitivo y utilizando tecnolog\u00eda de vanguardia, este dispositivo multifuncional simplifica el proceso de crear comidas deliciosas y nutritivas en la comodidad de su propio hogar. Simplemente ingrese sus preferencias deseadas y permita que el disfrutar Proper maneje el resto, ya sea cocinar a presi\u00f3n, cocinar lenta, saltear o vapor, este dispositivo formidable produce constantemente resultados tentadores. Independientemente de si est\u00e1 cocinando para usted o un grupo grande, esta potencia culinaria asegura que se satisfagan sus necesidades, lo que hace que sea una adici\u00f3n indispensable a cualquier cocina. En consecuencia, no hay necesidad de retrasar: \u00a1aprovecha la oportunidad para ordenar el disfrute de Pro hoy y embarcarse en un viaje de exploraci\u00f3n culinaria ilimitada!<\/p>\n","protected":false},"featured_media":168869,"comment_status":"open","ping_status":"open","template":"","meta":[],"product_brand":[2661],"product_cat":[1245,1237,1238],"product_tag":[2282],"class_list":{"0":"post-138797","1":"product","2":"type-product","3":"status-publish","4":"has-post-thumbnail","6":"product_brand-wp-enjoy","7":"product_cat-blog-revista","8":"product_cat-temas","9":"product_cat-wordpress-temas","10":"product_tag-wp-enjoy","11":"member-discount","12":"discount-restricted","14":"first","15":"instock","16":"sale","17":"downloadable","18":"virtual","19":"sold-individually","20":"purchasable","21":"product-type-simple"},"_links":{"self":[{"href":"https:\/\/gpl-love.com\/es\/wp-json\/wp\/v2\/product\/138797","targetHints":{"allow":["GET"]}}],"collection":[{"href":"https:\/\/gpl-love.com\/es\/wp-json\/wp\/v2\/product"}],"about":[{"href":"https:\/\/gpl-love.com\/es\/wp-json\/wp\/v2\/types\/product"}],"replies":[{"embeddable":true,"href":"https:\/\/gpl-love.com\/es\/wp-json\/wp\/v2\/comments?post=138797"}],"wp:featuredmedia":[{"embeddable":true,"href":"https:\/\/gpl-love.com\/es\/wp-json\/wp\/v2\/media\/168869"}],"wp:attachment":[{"href":"https:\/\/gpl-love.com\/es\/wp-json\/wp\/v2\/media?parent=138797"}],"wp:term":[{"taxonomy":"product_brand","embeddable":true,"href":"https:\/\/gpl-love.com\/es\/wp-json\/wp\/v2\/product_brand?post=138797"},{"taxonomy":"product_cat","embeddable":true,"href":"https:\/\/gpl-love.com\/es\/wp-json\/wp\/v2\/product_cat?post=138797"},{"taxonomy":"product_tag","embeddable":true,"href":"https:\/\/gpl-love.com\/es\/wp-json\/wp\/v2\/product_tag?post=138797"}],"curies":[{"name":"wp","href":"https:\/\/api.w.org\/{rel}","templated":true}]}}