{"id":138793,"date":"2024-12-23T00:00:00","date_gmt":"2024-12-23T05:00:00","guid":{"rendered":"https:\/\/gpl-love.com\/es\/producto\/enjoynow-pro\/"},"modified":"2026-03-13T17:36:04","modified_gmt":"2026-03-13T22:36:04","slug":"enjoynow-pro","status":"publish","type":"product","link":"https:\/\/gpl-love.com\/es\/producto\/enjoynow-pro\/","title":{"rendered":"EnjoyNow Pro 1.1.4"},"content":{"rendered":"<h3>EnjoyNow Pro Caracteristicas<\/h3>\n<p>El disfrute de Ficture Pro, un dispositivo de entrada de vanguardia dise\u00f1ado para optimizar su experiencia inform\u00e1tica, cuenta con un dise\u00f1o elegante y ergon\u00f3mico que prioriza la mayor comodidad y facilidad de uso. Equipado con tecnolog\u00eda de \u00faltima generaci\u00f3n, este dispositivo garantiza un seguimiento perfecto y preciso, lo que lo hace ideal para una multitud de actividades como juegos, navegaci\u00f3n y tareas relacionadas con el trabajo. Adem\u00e1s, sus botones y configuraciones personalizables le otorgan la libertad de adaptar su experiencia, lo que aumenta sus niveles de productividad. Sin lugar a dudas, la capacidad de plug-and-play de The Flotnow Pro simplifica su configuraci\u00f3n y utilizaci\u00f3n, lo que lo convierte en una opci\u00f3n excepcionalmente f\u00e1cil de usar. Adem\u00e1s, su compatibilidad se extiende a una amplia gama de dispositivos, desde computadoras port\u00e1tiles y computadoras de escritorio hasta tabletas, lo que le hace una herramienta indispensable para las personas que priorizan la comodidad, la precisi\u00f3n y la adaptabilidad.<\/p>\n<ul>\n<li>Software de grabaci\u00f3n de audio de calidad profesional<\/li>\n<li>Interfaz f\u00e1cil de usar para una f\u00e1cil operaci\u00f3n<\/li>\n<li>Admite m\u00faltiples formatos de audio<\/li>\n<li>Niveles de micr\u00f3fono ajustables para una calidad de grabaci\u00f3n \u00f3ptima<\/li>\n<li>Herramientas de edici\u00f3n incorporadas para la edici\u00f3n de postproducci\u00f3n<\/li>\n<li>Compatible con los sistemas operativos de PC y Mac<\/li>\n<li>Perfecto para podcasts, voces en off y grabaci\u00f3n de m\u00fasica<\/li>\n<li>Incluye una prueba gratuita de 30 d\u00edas para probar el software<\/li>\n<li>Opciones de precios asequibles para uso personal y profesional<\/li>\n<li>Atenci\u00f3n al cliente disponible para asistencia t\u00e9cnica y soluci\u00f3n de problemas<\/li>\n<\/ul>\n","protected":false},"excerpt":{"rendered":"<p>El disfrute de Ficture Pro, un dispositivo de entrada altamente avanzado, sirve para mejorar la productividad y la eficiencia con su variedad de caracter\u00edsticas e innovaciones. Sus botones personalizables, junto con su software programable, ofrecen a los usuarios una experiencia personalizada y personalizada. Adem\u00e1s, su dise\u00f1o elegante y ergon\u00f3mico asegura comodidad incluso durante per\u00edodos prolongados de uso. El disfrute de Program se distingue con su notable velocidad de respuesta y precisi\u00f3n inigualable, por lo que es una herramienta indispensable para cualquier profesional dedicado que busque optimizar su flujo de trabajo. Ya sea que se encuentre involucrado en el dise\u00f1o gr\u00e1fico, la edici\u00f3n de video, la escritura o los juegos, este dispositivo de vanguardia est\u00e1 garantizado para revolucionar su experiencia y impulsar su salida a alturas sin precedentes.<\/p>\n","protected":false},"featured_media":168867,"comment_status":"open","ping_status":"open","template":"","meta":[],"product_brand":[2661],"product_cat":[1245,1237,1238],"product_tag":[2282],"class_list":{"0":"post-138793","1":"product","2":"type-product","3":"status-publish","4":"has-post-thumbnail","6":"product_brand-wp-enjoy","7":"product_cat-blog-revista","8":"product_cat-temas","9":"product_cat-wordpress-temas","10":"product_tag-wp-enjoy","11":"member-discount","12":"discount-restricted","14":"first","15":"instock","16":"sale","17":"downloadable","18":"virtual","19":"sold-individually","20":"purchasable","21":"product-type-simple"},"_links":{"self":[{"href":"https:\/\/gpl-love.com\/es\/wp-json\/wp\/v2\/product\/138793","targetHints":{"allow":["GET"]}}],"collection":[{"href":"https:\/\/gpl-love.com\/es\/wp-json\/wp\/v2\/product"}],"about":[{"href":"https:\/\/gpl-love.com\/es\/wp-json\/wp\/v2\/types\/product"}],"replies":[{"embeddable":true,"href":"https:\/\/gpl-love.com\/es\/wp-json\/wp\/v2\/comments?post=138793"}],"wp:featuredmedia":[{"embeddable":true,"href":"https:\/\/gpl-love.com\/es\/wp-json\/wp\/v2\/media\/168867"}],"wp:attachment":[{"href":"https:\/\/gpl-love.com\/es\/wp-json\/wp\/v2\/media?parent=138793"}],"wp:term":[{"taxonomy":"product_brand","embeddable":true,"href":"https:\/\/gpl-love.com\/es\/wp-json\/wp\/v2\/product_brand?post=138793"},{"taxonomy":"product_cat","embeddable":true,"href":"https:\/\/gpl-love.com\/es\/wp-json\/wp\/v2\/product_cat?post=138793"},{"taxonomy":"product_tag","embeddable":true,"href":"https:\/\/gpl-love.com\/es\/wp-json\/wp\/v2\/product_tag?post=138793"}],"curies":[{"name":"wp","href":"https:\/\/api.w.org\/{rel}","templated":true}]}}