{"id":138786,"date":"2024-06-02T00:00:00","date_gmt":"2024-06-02T05:00:00","guid":{"rendered":"https:\/\/gpl-love.com\/es\/producto\/coinpress-ico-cryptocurrency-magazine-y-blog-theme\/"},"modified":"2026-03-13T17:36:02","modified_gmt":"2026-03-13T22:36:02","slug":"coinpress-ico-cryptocurrency-magazine-y-blog-theme","status":"publish","type":"product","link":"https:\/\/gpl-love.com\/es\/producto\/coinpress-ico-cryptocurrency-magazine-y-blog-theme\/","title":{"rendered":"Coinpress ICO Cryptocurrency Magazine y Blog Theme 1.0.11"},"content":{"rendered":"<h3>Coinpress ICO Cryptocurrency Magazine y Blog Theme Caracteristicas<\/h3>\n<p>La revista de criptomonedas y el tema del blog Coinpress ICO es un producto extremadamente ejemplar que ha sido meticulosamente elaborado para atender los gustos e intereses exigentes de las personas que poseen una ferviente curiosidad y entusiasmo por el reino de las criptomonedas. Con la utilizaci\u00f3n de este tema notable, los usuarios tienen la capacidad de construir sin esfuerzo y sin esfuerzo una revista o blog excinada y refinada que se centre en la difusi\u00f3n de noticias de criptomonedas informativas, absorbentes y de vanguardia, ideas astutas y tendencias emergentes.<\/p>\n<p>Enriquecido con una extensa variedad de caracter\u00edsticas y funcionalidades, este tema permite a los usuarios una gran cantidad de opciones para la personalizaci\u00f3n perfecta y la usabilidad \u00f3ptima. Los usuarios pueden disfrutar del deleite y la satisfacci\u00f3n de seleccionar desde una variedad diversa de dise\u00f1os y esquemas de color visualmente cautivadores, con la conveniencia adicional y la versatilidad de un dise\u00f1o totalmente receptivo que garantiza una exhibici\u00f3n est\u00e9ticamente agradable y visualmente armoniosa en todos los dispositivos concebibles.<\/p>\n<p>Adem\u00e1s, la revista de criptomonedas y el tema del blog Coinpress ICO se ha dise\u00f1ado y meticulosamente dise\u00f1ado meticulosamente para poseer una facilidad de SEO inherente, lo que permite a los usuarios de manera indiscutible e inequ\u00edvoca mejorar y aumentar la visibilidad y el descubrimiento de su sitio web dentro del paisaje digital digital e intrincado. .<\/p>\n<p>En esencia, este producto excepcional es un activo inequ\u00edvoco e indispensable que es absolutamente imperativo y esencial para cualquier persona que aspira a establecer y cultivar una presencia en l\u00ednea resplandeciente, refinada e innegablemente profesional dentro del asombro en el asombro de los blogs de criptomonedas y la publicaci\u00f3n de la revista. .<\/p>\n<ul>\n<li>Dise\u00f1o elegante y moderno que muestra contenido de criptomonedas de una manera visualmente atractiva<\/li>\n<li>Soporte incorporado para listados y seguimiento de ICO (oferta inicial de monedas)<\/li>\n<li>Incluye un dise\u00f1o de blog totalmente personalizable, lo que le permite adaptar su contenido a su audiencia<\/li>\n<li>Caracter\u00edsticas de navegaci\u00f3n mejoradas que permiten un f\u00e1cil acceso a todos los aspectos del sitio<\/li>\n<li>Optimizaci\u00f3n avanzada de SEO para ayudar a impulsar el tr\u00e1fico y mejorar las clasificaciones de los motores de b\u00fasqueda<\/li>\n<li>Se integra a la perfecci\u00f3n con los complementos populares de WordPress, incluidos WooCommerce y WPForms<\/li>\n<li>El dise\u00f1o de respuesta m\u00f3vil garantiza que su sitio web se vea muy bien en cualquier dispositivo<\/li>\n<li>Equipo de soporte dedicado disponible para responder cualquier pregunta o ayuda con cualquier problema<\/li>\n<li>Instalaci\u00f3n de un solo clic e interfaz f\u00e1cil de usar, lo que hace que sea accesible para los propietarios de sitios web para principiantes y experimentados<\/li>\n<li>Incluye una variedad de plantillas de p\u00e1gina preconstruidas que se pueden personalizar para satisfacer sus necesidades.<\/li>\n<li>Incluye la integraci\u00f3n de las redes sociales que le permite compartir contenido de manera r\u00e1pida y f\u00e1cil en plataformas sociales populares.<\/li>\n<\/ul>\n","protected":false},"excerpt":{"rendered":"<p>Presentando la revista de criptomonedas y el tema del blog de Coinpress ICO, un tema de WordPress dise\u00f1ado espec\u00edficamente para satisfacer las necesidades de los entusiastas de la criptomoneda y la cadena de bloques. Con un dise\u00f1o elegante y contempor\u00e1neo, Coinpress est\u00e1 listo para elevar la est\u00e9tica y la funcionalidad de su sitio web, lo que le da una apariencia profesional y eficiente. Sirve como la plataforma ideal para exhibir art\u00edculos educativos convincentes, actualizaciones de noticias y opiniones perspicaces sobre las \u00faltimas tendencias y avances en la industria de criptomonedas en constante evoluci\u00f3n. Equipado con una variedad de caracter\u00edsticas avanzadas, que incluyen amplias opciones de personalizaci\u00f3n, capacidades de optimizaci\u00f3n de motores de b\u00fasqueda y un dise\u00f1o receptivo, Coinpress emerge como la soluci\u00f3n definitiva para las personas que buscan establecer un pr\u00f3spero blog o revista de criptomonedas. \u00a1Prep\u00e1rese para trascender los l\u00edmites de su presencia en l\u00ednea aprovechando el potencial de la revista de criptomonedas y el tema del blog de Coinpress ICO!<\/p>\n","protected":false},"featured_media":168865,"comment_status":"open","ping_status":"open","template":"","meta":[],"product_brand":[2337],"product_cat":[1307,1237,1238],"product_tag":[1391],"class_list":{"0":"post-138786","1":"product","2":"type-product","3":"status-publish","4":"has-post-thumbnail","6":"product_brand-themeforest","7":"product_cat-negocio-wordpress-temas","8":"product_cat-temas","9":"product_cat-wordpress-temas","10":"product_tag-themeforest","11":"member-discount","12":"discount-restricted","14":"first","15":"instock","16":"sale","17":"downloadable","18":"virtual","19":"sold-individually","20":"purchasable","21":"product-type-simple"},"_links":{"self":[{"href":"https:\/\/gpl-love.com\/es\/wp-json\/wp\/v2\/product\/138786","targetHints":{"allow":["GET"]}}],"collection":[{"href":"https:\/\/gpl-love.com\/es\/wp-json\/wp\/v2\/product"}],"about":[{"href":"https:\/\/gpl-love.com\/es\/wp-json\/wp\/v2\/types\/product"}],"replies":[{"embeddable":true,"href":"https:\/\/gpl-love.com\/es\/wp-json\/wp\/v2\/comments?post=138786"}],"wp:featuredmedia":[{"embeddable":true,"href":"https:\/\/gpl-love.com\/es\/wp-json\/wp\/v2\/media\/168865"}],"wp:attachment":[{"href":"https:\/\/gpl-love.com\/es\/wp-json\/wp\/v2\/media?parent=138786"}],"wp:term":[{"taxonomy":"product_brand","embeddable":true,"href":"https:\/\/gpl-love.com\/es\/wp-json\/wp\/v2\/product_brand?post=138786"},{"taxonomy":"product_cat","embeddable":true,"href":"https:\/\/gpl-love.com\/es\/wp-json\/wp\/v2\/product_cat?post=138786"},{"taxonomy":"product_tag","embeddable":true,"href":"https:\/\/gpl-love.com\/es\/wp-json\/wp\/v2\/product_tag?post=138786"}],"curies":[{"name":"wp","href":"https:\/\/api.w.org\/{rel}","templated":true}]}}