{"id":138784,"date":"2025-11-14T00:00:00","date_gmt":"2025-11-14T05:00:00","guid":{"rendered":"https:\/\/gpl-love.com\/es\/producto\/pixelyoursite-wordpress-feed-para-facebook-dynamic-ads\/"},"modified":"2026-03-09T08:39:05","modified_gmt":"2026-03-09T13:39:05","slug":"pixelyoursite-wordpress-feed-para-facebook-dynamic-ads","status":"publish","type":"product","link":"https:\/\/gpl-love.com\/es\/producto\/pixelyoursite-wordpress-feed-para-facebook-dynamic-ads\/","title":{"rendered":"PixelYourSite WordPress Feed para Facebook Dynamic Ads 1.0.4.1"},"content":{"rendered":"<h3>PixelYourSite WordPress Feed para Facebook Dynamic Ads Caracteristicas<\/h3>\n<p>PixelyOursite WordPress Feed para Facebook Dynamic AD es una herramienta incre\u00edblemente innovadora y excepcionalmente efectiva que otorga a los propietarios de sitios web la capacidad de generar anuncios din\u00e1micos personalizados de Facebook de Facebook. Esta notable soluci\u00f3n faculta a los usuarios para los anuncios de productos din\u00e1micos de moda que se adaptan meticulosamente para adaptarse a las distintas preferencias y comportamientos exhibidos por audiencias espec\u00edficas en sus interacciones en l\u00ednea. Al aprovechar el poder de esta herramienta, los propietarios de sitios web tienen la oportunidad \u00fanica de monitorear meticulosamente y rastrear meticulosamente el tr\u00e1fico y los eventos de su sitio web, utilizando posteriormente estos datos invaluables para fabricar anuncios que no solo son profundamente pertinentes, sino que tambi\u00e9n cautivan profundamente, en escamosar los plenos. atenci\u00f3n y devoci\u00f3n de su p\u00fablico objetivo previsto. Adem\u00e1s, a trav\u00e9s de la utilizaci\u00f3n de los anuncios din\u00e1micos de WordPress Pixelyursite para Facebook, el proceso de creaci\u00f3n y gesti\u00f3n de AD y que de otro modo consume mucho tiempo, se puede automatizar de manera efectiva, lo que resulta en la preservaci\u00f3n sustancial tanto del tiempo como del dinero. En esencia, esta soluci\u00f3n es un activo indispensable y no negociable para cualquier propietario de un sitio web exigente que alberga el deseo de optimizar sus campa\u00f1as publicitarias de Facebook y, en \u00faltima instancia, alcanzar los objetivos gemelos de aumentar el flujo de tr\u00e1fico y aumentar las ventas dentro de su dominio digital.<\/p>\n<ul>\n<li>Crear eficientemente anuncios din\u00e1micos de Facebook directamente desde su feed de WordPress<\/li>\n<li>Actualice autom\u00e1ticamente los anuncios con cambios en tiempo real en su sitio web<\/li>\n<li>Personalice f\u00e1cilmente el formato de anuncios y el dise\u00f1o para que se ajuste a su marca<\/li>\n<li>Rastrear las conversiones y analizar el rendimiento con Analytics Advanced<\/li>\n<li>Integrar con plataformas populares de comercio electr\u00f3nico como WooCommerce y descargas digitales f\u00e1ciles<\/li>\n<li>Ahorre tiempo y aumente los ingresos con la creaci\u00f3n y optimizaci\u00f3n de anuncios automatizados<\/li>\n<li>Instalaci\u00f3n de interfaz y complementos f\u00e1ciles de usar para una integraci\u00f3n perfecta en su sitio de WordPress<\/li>\n<li>Equipo de soporte receptivo disponible para ayudar con cualquier pregunta o problema t\u00e9cnico<\/li>\n<li>GDPR compatible con funciones avanzadas de protecci\u00f3n de datos<\/li>\n<li>Actualizaciones y mejoras peri\u00f3dicas para mejorar la funcionalidad y la experiencia del usuario<\/li>\n<\/ul>\n","protected":false},"excerpt":{"rendered":"<p>Estamos entusiasmados de presentar el Feed de WordPress PixyOursite para los anuncios din\u00e1micos de Facebook, que sirve como la mejor soluci\u00f3n para mejorar la efectividad de sus campa\u00f1as publicitarias de Facebook. Esta herramienta incre\u00edblemente robusta se integra perfectamente con su sitio web de WordPress, otorg\u00e1ndole la capacidad de crear campa\u00f1as publicitarias din\u00e1micas que exhiban efectivamente sus productos o servicios a un p\u00fablico objetivo de clientes potenciales que han expresado inter\u00e9s. Al aprovechar sus funciones avanzadas de seguimiento y optimizaci\u00f3n, tendr\u00e1 la capacidad de optimizar su gasto publicitario y presenciar resultados sustanciales en un per\u00edodo relativamente corto. Independientemente de si usted es un propietario de una peque\u00f1a empresa o un vendedor experimentado, el Feed de WordPress PixyOursite para anuncios din\u00e1micos de Facebook es un recurso indispensable para implementar una estrategia publicitaria exitosa. \u00a1Tome la iniciativa hoy y observe el crecimiento de su negocio de primera mano!<\/p>\n","protected":false},"featured_media":168864,"comment_status":"open","ping_status":"open","template":"","meta":[],"product_brand":[2531],"product_cat":[1232,1206,1211],"product_tag":[1352],"class_list":{"0":"post-138784","1":"product","2":"type-product","3":"status-publish","4":"has-post-thumbnail","6":"product_brand-pixelyoursite","7":"product_cat-marketing-wordpress-plugins","8":"product_cat-plugins","9":"product_cat-wordpress-plugins","10":"product_tag-pixelyoursite","11":"member-discount","12":"discount-restricted","14":"first","15":"instock","16":"sale","17":"downloadable","18":"virtual","19":"sold-individually","20":"purchasable","21":"product-type-simple"},"_links":{"self":[{"href":"https:\/\/gpl-love.com\/es\/wp-json\/wp\/v2\/product\/138784","targetHints":{"allow":["GET"]}}],"collection":[{"href":"https:\/\/gpl-love.com\/es\/wp-json\/wp\/v2\/product"}],"about":[{"href":"https:\/\/gpl-love.com\/es\/wp-json\/wp\/v2\/types\/product"}],"replies":[{"embeddable":true,"href":"https:\/\/gpl-love.com\/es\/wp-json\/wp\/v2\/comments?post=138784"}],"wp:featuredmedia":[{"embeddable":true,"href":"https:\/\/gpl-love.com\/es\/wp-json\/wp\/v2\/media\/168864"}],"wp:attachment":[{"href":"https:\/\/gpl-love.com\/es\/wp-json\/wp\/v2\/media?parent=138784"}],"wp:term":[{"taxonomy":"product_brand","embeddable":true,"href":"https:\/\/gpl-love.com\/es\/wp-json\/wp\/v2\/product_brand?post=138784"},{"taxonomy":"product_cat","embeddable":true,"href":"https:\/\/gpl-love.com\/es\/wp-json\/wp\/v2\/product_cat?post=138784"},{"taxonomy":"product_tag","embeddable":true,"href":"https:\/\/gpl-love.com\/es\/wp-json\/wp\/v2\/product_tag?post=138784"}],"curies":[{"name":"wp","href":"https:\/\/api.w.org\/{rel}","templated":true}]}}