{"id":138782,"date":"2023-04-06T00:00:00","date_gmt":"2023-04-06T05:00:00","guid":{"rendered":"https:\/\/gpl-love.com\/es\/producto\/pixelyoursite-edd-product-catalog-feed\/"},"modified":"2026-03-09T08:39:03","modified_gmt":"2026-03-09T13:39:03","slug":"pixelyoursite-edd-product-catalog-feed","status":"publish","type":"product","link":"https:\/\/gpl-love.com\/es\/producto\/pixelyoursite-edd-product-catalog-feed\/","title":{"rendered":"PixelYourSite EDD Product Catalog Feed 1.0.2"},"content":{"rendered":"<h3>PixelYourSite EDD Product Catalog Feed Caracteristicas<\/h3>\n<p>PixyOursite EDD Product Cat\u00e1loga Feed es una herramienta excepcionalmente robusta e influyente que faculta a los usuarios generar y supervisar eficientemente los alimentos de productos para sus tiendas en l\u00ednea a trav\u00e9s de la utilizaci\u00f3n de la plataforma f\u00e1cil de descargas digitales (EDD). Esta innovadora herramienta sirve como un conducto, conectando perfectamente su tienda EDD con una gran cantidad de diversos canales de comercializaci\u00f3n, que abarca, entre otros, Facebook, Instagram, Google y otras redes publicitarias. Al aprovechar las innumerables funcionalidades ofrecidas por la alimentaci\u00f3n del cat\u00e1logo de productos EDD de PixyOursite, se puede elaborar y cultivar alimentos de productos sin esfuerzo que abarquen toda la informaci\u00f3n indispensable relacionada con sus productos, que abarca, pero no se limitan al t\u00edtulo del producto, descripci\u00f3n, precios, im\u00e1genes e im\u00e1genes e im\u00e1genes e im\u00e1genes e im\u00e1genes. Otros datos sobresalientes. Adem\u00e1s, esta invaluable herramienta tiene la capacidad de apoyar eficazmente los anuncios din\u00e1micos de productos, lo que permite al usuario crear y personalizar meticulosamente el p\u00fablico objetivo basado en los productos que las personas han examinado o agregado a sus carros de compras virtuales. Esto, a su vez, aumenta la probabilidad de convertir a estas personas en clientes leales y satisfechos. Por lo tanto, es incontrovertible que la alimentaci\u00f3n del cat\u00e1logo de productos EDD PixyOursite sea un activo indispensable para cualquier minorista en l\u00ednea emprendedor que busque optimizar la exposici\u00f3n de su producto y mejorar exponencialmente sus cifras de ventas.<\/p>\n<ul>\n<li>Integraci\u00f3n perfecta con descargas digitales f\u00e1ciles<\/li>\n<li>Generaci\u00f3n autom\u00e1tica de alimentos para el cat\u00e1logo de productos para Facebook y Google<\/li>\n<li>Capacidad para personalizar la plantilla de alimentaci\u00f3n del producto<\/li>\n<li>Opci\u00f3n para excluir ciertos productos del feed<\/li>\n<li>Soporte de idiomas m\u00faltiples para campa\u00f1as internacionales<\/li>\n<li>Actualizaciones en tiempo real para cambios de productos y niveles de inventario<\/li>\n<li>Configuraci\u00f3n y configuraci\u00f3n f\u00e1cil con instrucciones paso a paso<\/li>\n<li>Documentaci\u00f3n y apoyo integrales<\/li>\n<li>Mejora el rendimiento general y la visibilidad de las tiendas en l\u00ednea<\/li>\n<li>Ahorra tiempo y esfuerzo en la creaci\u00f3n y actualizaciones de alimentos de productos manuales<\/li>\n<li>Precios asequibles con planes de suscripci\u00f3n flexibles.<\/li>\n<\/ul>\n","protected":false},"excerpt":{"rendered":"<p>La alimentaci\u00f3n del cat\u00e1logo de productos PixyOursite EDD es una herramienta altamente eficiente y efectiva que se ha desarrollado espec\u00edficamente para optimizar y optimizar su cat\u00e1logo de productos EDD (descargas digitales f\u00e1ciles). Ofrece una variedad de caracter\u00edsticas robustas que le permiten generar y supervisar los archivos de alimentaci\u00f3n sin esfuerzo, que abarcan informaci\u00f3n vital relacionada con sus productos digitales, como descargas, detalles de precios, im\u00e1genes cautivadoras visualmente y descripciones cautivadoras. Estos archivos de alimentaci\u00f3n meticulosamente dise\u00f1ados se pueden utilizar sin problemas para sincronizar y actualizar autom\u00e1ticamente su cat\u00e1logo de productos en varios mercados prominentes y plataformas de redes sociales, incluidas, entre otros, Google Shopping, Facebook, Instagram y una multitud de otros. Al aprovechar el poder de esta soluci\u00f3n innovadora, puede conservar de manera efectiva y eficiente su valioso tiempo y energ\u00eda que de otro modo se gastar\u00eda en la tarea laboriosa de administrar sus listados de productos, lo que le permite concentrarse de todo coraz\u00f3n en las facetas cruciales e indispensables de sus brogenes. negocio. Adem\u00e1s, es imperativo tener en cuenta que la alimentaci\u00f3n del cat\u00e1logo de productos EDD PixyOursite es incre\u00edblemente f\u00e1cil de usar, acompa\u00f1ado de una documentaci\u00f3n y un sistema de soporte integral y que lo abarca que garantice su utilizaci\u00f3n sin interrupciones y sin obst\u00e1culos de esta notable herramienta.<\/p>\n","protected":false},"featured_media":168863,"comment_status":"open","ping_status":"open","template":"","meta":[],"product_brand":[2531],"product_cat":[1207,1225,1206],"product_tag":[1352],"class_list":{"0":"post-138782","1":"product","2":"type-product","3":"status-publish","4":"has-post-thumbnail","6":"product_brand-pixelyoursite","7":"product_cat-comercio-electronico-plugins","8":"product_cat-marketing","9":"product_cat-plugins","10":"product_tag-pixelyoursite","11":"member-discount","12":"discount-restricted","14":"first","15":"instock","16":"sale","17":"downloadable","18":"virtual","19":"sold-individually","20":"purchasable","21":"product-type-simple"},"_links":{"self":[{"href":"https:\/\/gpl-love.com\/es\/wp-json\/wp\/v2\/product\/138782","targetHints":{"allow":["GET"]}}],"collection":[{"href":"https:\/\/gpl-love.com\/es\/wp-json\/wp\/v2\/product"}],"about":[{"href":"https:\/\/gpl-love.com\/es\/wp-json\/wp\/v2\/types\/product"}],"replies":[{"embeddable":true,"href":"https:\/\/gpl-love.com\/es\/wp-json\/wp\/v2\/comments?post=138782"}],"wp:featuredmedia":[{"embeddable":true,"href":"https:\/\/gpl-love.com\/es\/wp-json\/wp\/v2\/media\/168863"}],"wp:attachment":[{"href":"https:\/\/gpl-love.com\/es\/wp-json\/wp\/v2\/media?parent=138782"}],"wp:term":[{"taxonomy":"product_brand","embeddable":true,"href":"https:\/\/gpl-love.com\/es\/wp-json\/wp\/v2\/product_brand?post=138782"},{"taxonomy":"product_cat","embeddable":true,"href":"https:\/\/gpl-love.com\/es\/wp-json\/wp\/v2\/product_cat?post=138782"},{"taxonomy":"product_tag","embeddable":true,"href":"https:\/\/gpl-love.com\/es\/wp-json\/wp\/v2\/product_tag?post=138782"}],"curies":[{"name":"wp","href":"https:\/\/api.w.org\/{rel}","templated":true}]}}