{"id":138780,"date":"2026-03-24T00:00:00","date_gmt":"2026-03-24T05:00:00","guid":{"rendered":"https:\/\/gpl-love.com\/es\/producto\/pixelyoursite-woocommerce-cost-of-goods\/"},"modified":"2026-03-24T17:16:19","modified_gmt":"2026-03-24T22:16:19","slug":"pixelyoursite-woocommerce-cost-of-goods","status":"publish","type":"product","link":"https:\/\/gpl-love.com\/es\/producto\/pixelyoursite-woocommerce-cost-of-goods\/","title":{"rendered":"PixelYourSite WooCommerce Cost of Goods 1.2.10"},"content":{"rendered":"<h3>PixelYourSite WooCommerce Cost of Goods Caracteristicas<\/h3>\n<p>El estimado Costo de WooCommerce de Pixelyursite del complemento de bienes es una herramienta altamente efectiva y potente que ayuda a los propietarios de las tiendas en l\u00ednea en la gesti\u00f3n eficiente de sus costos y ganancias. Este complemento en particular cuenta con una capacidad impecable para rastrear meticulosamente los costos asociados con los bienes vendidos en una tienda WooCommerce, proporcionando as\u00ed ideas invaluables sobre el rendimiento de cada producto individual. Adem\u00e1s, permite a los propietarios de tiendas la capacidad de establecer precios de costos para productos o variaciones individuales, lo que les permite calcular con precisi\u00f3n sus m\u00e1rgenes de beneficio y tomar decisiones bien informadas con respecto a las estrategias de precios y las campa\u00f1as promocionales. Adem\u00e1s, este notable complemento se integra sin problemas con la reconocida plataforma de Google Analytics, que ofrece a los usuarios la conveniencia de monitorear sus ingresos y costos de los bienes vendidos de datos desde una ubicaci\u00f3n centralizada \u00fanica. La amalgama de su interfaz f\u00e1cil de usar y su gama integral de caracter\u00edsticas robustas hacen que el costo de los bienes de WooCommerce de Pixelyursite sea una herramienta indispensable para cualquier propietario de la tienda WooCommerce que busque optimizar su rendimiento comercial a su potencial m\u00e1s alto.<\/p>\n<ul>\n<li>Integraci\u00f3n con WooCommerce<\/li>\n<li>Representaci\u00f3n gr\u00e1fica de los m\u00e1rgenes de ganancias de su negocio<\/li>\n<li>An\u00e1lisis del costo de los bienes de su tienda vendidos<\/li>\n<li>Vista m\u00e1s precisa de los ingresos y las ganancias de su tienda<\/li>\n<li>Capacidad para tomar mejores decisiones de compra y optimizaci\u00f3n de precios<\/li>\n<li>Ahorre dinero y aumente las ganancias al mantenerse al tanto de sus finanzas<\/li>\n<li>Tipos de costos personalizables y m\u00e9todos de c\u00e1lculo de costos<\/li>\n<li>Instalaci\u00f3n f\u00e1cil e interfaz f\u00e1cil de usar<\/li>\n<li>Actualizaciones regulares y atenci\u00f3n al cliente<\/li>\n<\/ul>\n","protected":false},"excerpt":{"rendered":"<p>El costo de los bienes de los bienes de WooCommerce de PixyOursite es un complemento funcional altamente eficiente y sin esfuerzo que le permite monitorear y rastrear los costos de los bienes vendidos para todos y cada uno de los productos en su tienda de WooCommerce. Al utilizar esta herramienta notable, puede acceder a la perfecci\u00f3n e instant\u00e1neamente los datos en tiempo real relacionados con sus m\u00e1rgenes de ganancia, lo que le permite tomar decisiones bien informadas y altamente estrat\u00e9gicas con respecto a sus estrategias de precios. Atenci\u00f3n a las necesidades y requisitos de los due\u00f1os de negocios, este complemento excepcional sirve como un recurso invaluable, ofreciendo informaci\u00f3n invaluable y perspicaz relacionada con los costos de su producto, asegurando as\u00ed que mantenga constantemente una ventaja competitiva sobre sus rivales y siempre permanezca por delante de la curva.<\/p>\n","protected":false},"featured_media":168862,"comment_status":"open","ping_status":"open","template":"","meta":[],"product_brand":[2531],"product_cat":[1207,1225,1206],"product_tag":[1352],"class_list":{"0":"post-138780","1":"product","2":"type-product","3":"status-publish","4":"has-post-thumbnail","6":"product_brand-pixelyoursite","7":"product_cat-comercio-electronico-plugins","8":"product_cat-marketing","9":"product_cat-plugins","10":"product_tag-pixelyoursite","11":"member-discount","12":"discount-restricted","14":"first","15":"instock","16":"sale","17":"downloadable","18":"virtual","19":"sold-individually","20":"purchasable","21":"product-type-simple"},"_links":{"self":[{"href":"https:\/\/gpl-love.com\/es\/wp-json\/wp\/v2\/product\/138780","targetHints":{"allow":["GET"]}}],"collection":[{"href":"https:\/\/gpl-love.com\/es\/wp-json\/wp\/v2\/product"}],"about":[{"href":"https:\/\/gpl-love.com\/es\/wp-json\/wp\/v2\/types\/product"}],"replies":[{"embeddable":true,"href":"https:\/\/gpl-love.com\/es\/wp-json\/wp\/v2\/comments?post=138780"}],"wp:featuredmedia":[{"embeddable":true,"href":"https:\/\/gpl-love.com\/es\/wp-json\/wp\/v2\/media\/168862"}],"wp:attachment":[{"href":"https:\/\/gpl-love.com\/es\/wp-json\/wp\/v2\/media?parent=138780"}],"wp:term":[{"taxonomy":"product_brand","embeddable":true,"href":"https:\/\/gpl-love.com\/es\/wp-json\/wp\/v2\/product_brand?post=138780"},{"taxonomy":"product_cat","embeddable":true,"href":"https:\/\/gpl-love.com\/es\/wp-json\/wp\/v2\/product_cat?post=138780"},{"taxonomy":"product_tag","embeddable":true,"href":"https:\/\/gpl-love.com\/es\/wp-json\/wp\/v2\/product_tag?post=138780"}],"curies":[{"name":"wp","href":"https:\/\/api.w.org\/{rel}","templated":true}]}}