{"id":138778,"date":"2025-07-23T00:00:00","date_gmt":"2025-07-23T05:00:00","guid":{"rendered":"https:\/\/gpl-love.com\/es\/producto\/pixelyoursite-microsoft-uet-bing\/"},"modified":"2026-03-09T08:39:01","modified_gmt":"2026-03-09T13:39:01","slug":"pixelyoursite-microsoft-uet-bing","status":"publish","type":"product","link":"https:\/\/gpl-love.com\/es\/producto\/pixelyoursite-microsoft-uet-bing\/","title":{"rendered":"PixelYourSite Microsoft UET Bing 4.1.1"},"content":{"rendered":"<h3>PixelYourSite Microsoft UET Bing Caracteristicas<\/h3>\n<p>La integraci\u00f3n de PixelyOursite Microsoft Uet Bing es un m\u00e9todo incre\u00edblemente robusto y efectivo para que los propietarios de sitios web rastreen y mejoren sin esfuerzo sus campa\u00f1as publicitarias de Bing. Al utilizar esta herramienta de vanguardia, a las personas se les otorga la capacidad de establecer y administrar directamente sus etiquetas Bing Uet a trav\u00e9s de su tablero de WordPress, proporcion\u00e1ndoles una autoridad total sobre sus esfuerzos de seguimiento y optimizaci\u00f3n de conversi\u00f3n. Con la inclusi\u00f3n de Microsoft Uet Bing de Pixelyursite, el seguimiento del rendimiento de los anuncios de Bing, las conversiones de monitoreo del sitio y la maximizaci\u00f3n del \u00e9xito de la campa\u00f1a para un retorno de inversi\u00f3n \u00f3ptimo se convierte en un proceso sin costuras y sin problemas. Si se encuentra anhelando elevar sus esfuerzos publicitarios de Bing a un escal\u00f3n sin precedentes, no busque m\u00e1s que PixelyOursite Microsoft Uet Bing como la soluci\u00f3n definitiva que ha estado buscando fervientemente.<\/p>\n<ul>\n<li>Integre el seguimiento de los anuncios de Bing con facilidad utilizando PixyOursite Microsoft Uet Bing<\/li>\n<li>Rastrear conversiones, eventos e interacciones de usuario en su sitio web con precisi\u00f3n<\/li>\n<li>Mejore sus campa\u00f1as publicitarias midiendo la efectividad de sus anuncios de Bing<\/li>\n<li>Compatible con WordPress y otros sistemas importantes de gesti\u00f3n de contenido<\/li>\n<li>No se requiere codificaci\u00f3n, solo instale y comience a seguir de inmediato<\/li>\n<li>Informes detallados y an\u00e1lisis para ayudarlo a tomar decisiones basadas en datos para su negocio<\/li>\n<li>Tecnolog\u00eda de seguimiento robusta y confiable impulsada por Microsoft UET para una mayor precisi\u00f3n y confiabilidad.<\/li>\n<\/ul>\n","protected":false},"excerpt":{"rendered":"<p>PixyOursite Microsoft Uet Bing sirve como una herramienta incre\u00edblemente potente dise\u00f1ada espec\u00edficamente para ayudar en el seguimiento de los visitantes del sitio web que llegan a trav\u00e9s del motor de b\u00fasqueda de Bing. Este producto en particular cuenta con la capacidad de optimizar su estrategia de marketing digital mediante la recopilaci\u00f3n de datos e ideas invaluables relacionadas con el comportamiento de la audiencia de su sitio web. Con su integraci\u00f3n con Microsoft UET, Microsoft UET Uet Bing facilita sin problemas el establecimiento de etiquetas de seguimiento, seguimiento de conversi\u00f3n y listas de remarketing. En consecuencia, perfeccionando sin esfuerzo y reorientar su audiencia prevista, analizar la eficacia de sus esfuerzos de marketing y, en \u00faltima instancia, tomar decisiones informadas e basadas en datos que impulsan efectivamente el crecimiento de los ingresos es posible. Adquirir hoy Microsoft Uet Bing de PixyOursite y impulse su destreza de marketing digital a alturas sin precedentes.<\/p>\n","protected":false},"featured_media":168861,"comment_status":"open","ping_status":"open","template":"","meta":[],"product_brand":[2531],"product_cat":[1232,1206,1211],"product_tag":[1352],"class_list":{"0":"post-138778","1":"product","2":"type-product","3":"status-publish","4":"has-post-thumbnail","6":"product_brand-pixelyoursite","7":"product_cat-marketing-wordpress-plugins","8":"product_cat-plugins","9":"product_cat-wordpress-plugins","10":"product_tag-pixelyoursite","11":"member-discount","12":"discount-restricted","14":"first","15":"instock","16":"sale","17":"downloadable","18":"virtual","19":"sold-individually","20":"purchasable","21":"product-type-simple"},"_links":{"self":[{"href":"https:\/\/gpl-love.com\/es\/wp-json\/wp\/v2\/product\/138778","targetHints":{"allow":["GET"]}}],"collection":[{"href":"https:\/\/gpl-love.com\/es\/wp-json\/wp\/v2\/product"}],"about":[{"href":"https:\/\/gpl-love.com\/es\/wp-json\/wp\/v2\/types\/product"}],"replies":[{"embeddable":true,"href":"https:\/\/gpl-love.com\/es\/wp-json\/wp\/v2\/comments?post=138778"}],"wp:featuredmedia":[{"embeddable":true,"href":"https:\/\/gpl-love.com\/es\/wp-json\/wp\/v2\/media\/168861"}],"wp:attachment":[{"href":"https:\/\/gpl-love.com\/es\/wp-json\/wp\/v2\/media?parent=138778"}],"wp:term":[{"taxonomy":"product_brand","embeddable":true,"href":"https:\/\/gpl-love.com\/es\/wp-json\/wp\/v2\/product_brand?post=138778"},{"taxonomy":"product_cat","embeddable":true,"href":"https:\/\/gpl-love.com\/es\/wp-json\/wp\/v2\/product_cat?post=138778"},{"taxonomy":"product_tag","embeddable":true,"href":"https:\/\/gpl-love.com\/es\/wp-json\/wp\/v2\/product_tag?post=138778"}],"curies":[{"name":"wp","href":"https:\/\/api.w.org\/{rel}","templated":true}]}}