{"id":138776,"date":"2026-01-10T00:00:00","date_gmt":"2026-01-10T05:00:00","guid":{"rendered":"https:\/\/gpl-love.com\/es\/producto\/pixelyoursite-pinterest\/"},"modified":"2026-03-09T08:39:00","modified_gmt":"2026-03-09T13:39:00","slug":"pixelyoursite-pinterest","status":"publish","type":"product","link":"https:\/\/gpl-love.com\/es\/producto\/pixelyoursite-pinterest\/","title":{"rendered":"PixelYourSite Pinterest 6.1.9.2"},"content":{"rendered":"<h3>PixelYourSite Pinterest Caracteristicas<\/h3>\n<p>PixyOursite Pinterest es un complemento extremadamente robusto y potente que otorga a los propietarios de sitios web la capacidad de monitorear y mejorar sin esfuerzo sus esfuerzos de marketing de Pinterest. Al incorporar este complemento en su sitio web, est\u00e1 facultado para integrar sin problemas el p\u00edxel de conversi\u00f3n de Pinterest, monitorear meticulosamente el rendimiento de sus anuncios y promociones de Pinterest, y elaborar meticulosamente los grupos de usuarios de Pinterest personalizados con el prop\u00f3sito de reorganizar. Adem\u00e1s, PixelyOursite Pinterest ofrece una gran cantidad de an\u00e1lisis avanzados y funcionalidades de informes, lo que le permite evaluar de manera integral el triunfo de sus campa\u00f1as de Pinterest y tomar decisiones juiciosas basadas en evidencia emp\u00edrica. Independientemente de si usted es un empresario que dirige un negocio a peque\u00f1a escala o un magnate que supervisa a una gran corporaci\u00f3n, PixelyOursite Pinterest est\u00e1 equipado para facilitar la mejora de sus estrategias de marketing de Pinterest y reforzar sus cifras de ventas en l\u00ednea.<\/p>\n<ul>\n<li>PixyOursite Pinterest es un poderoso complemento dise\u00f1ado para aquellos que desean optimizar sus esfuerzos de marketing de Pinterest<\/li>\n<li>El complemento le permite rastrear conversiones, crear listas de audiencia y optimizar sus campa\u00f1as de Pinterest directamente desde su sitio web de WordPress<\/li>\n<li>Puede configurar f\u00e1cilmente el seguimiento de la conversi\u00f3n de Pinterest con algunos clics y comenzar a rastrear el comportamiento de la audiencia de su sitio web en Pinterest<\/li>\n<li>El complemento proporciona un seguimiento de eventos avanzados, que le permite rastrear acciones como completar, pagar y comprar en su sitio web<\/li>\n<li>Con PixelyOursite Pinterest, puede crear listas de audiencia personalizadas para reorientar los visitantes de su sitio web en Pinterest y crear audiencias parecidas para expandir su alcance<\/li>\n<li>El complemento le permite optimizar sus campa\u00f1as de Pinterest generando etiquetas Pinterest y envi\u00e1ndolas a su cuenta de Pinterest<\/li>\n<li>Podr\u00e1 crear anuncios din\u00e1micos basados \u200b\u200ben la actividad de su sitio web, dirigir audiencias espec\u00edficas y medir el \u00e9xito de la campa\u00f1a con la poderosa funci\u00f3n de informes<\/li>\n<li>PixelyOursite Pinterest se integra a la perfecci\u00f3n con otras herramientas populares de PixyOursite, asegurando un enfoque de marketing totalmente integrado en su presencia en l\u00ednea.<\/li>\n<\/ul>\n","protected":false},"excerpt":{"rendered":"<p>PixyOursite Pinterest es una herramienta robusta y altamente efectiva que le permite monitorear y medir sin esfuerzo las conversiones de Pinterest, al tiempo que facilita la creaci\u00f3n de audiencias personalizadas con el fin de implementar estrategias publicitarias altamente espec\u00edficas. A trav\u00e9s de su sencillo proceso de instalaci\u00f3n y su interfaz f\u00e1cil de usar, incluso las personas que carecen de experiencia t\u00e9cnica pueden optimizar sin problemas sus campa\u00f1as de Pinterest. Adem\u00e1s, esta aplicaci\u00f3n va m\u00e1s all\u00e1 de suministro de an\u00e1lisis integrales y capacidades de informes, lo que permite a los usuarios obtener una comprensi\u00f3n m\u00e1s profunda de su audiencia y, en consecuencia, tomar decisiones astutas y bien informadas para sus negocios. Al aprovechar el poder de PixelyOursite Pinterest, las personas pueden mejorar sustancialmente la eficacia de sus esfuerzos de marketing de Pinterest e impulsar efectivamente un volumen de tr\u00e1fico significativamente mayor a sus respectivos sitios web.<\/p>\n","protected":false},"featured_media":168860,"comment_status":"open","ping_status":"open","template":"","meta":[],"product_brand":[2531],"product_cat":[1232,1206,1211],"product_tag":[1352],"class_list":{"0":"post-138776","1":"product","2":"type-product","3":"status-publish","4":"has-post-thumbnail","6":"product_brand-pixelyoursite","7":"product_cat-marketing-wordpress-plugins","8":"product_cat-plugins","9":"product_cat-wordpress-plugins","10":"product_tag-pixelyoursite","11":"member-discount","12":"discount-restricted","14":"first","15":"instock","16":"sale","17":"downloadable","18":"virtual","19":"sold-individually","20":"purchasable","21":"product-type-simple"},"_links":{"self":[{"href":"https:\/\/gpl-love.com\/es\/wp-json\/wp\/v2\/product\/138776","targetHints":{"allow":["GET"]}}],"collection":[{"href":"https:\/\/gpl-love.com\/es\/wp-json\/wp\/v2\/product"}],"about":[{"href":"https:\/\/gpl-love.com\/es\/wp-json\/wp\/v2\/types\/product"}],"replies":[{"embeddable":true,"href":"https:\/\/gpl-love.com\/es\/wp-json\/wp\/v2\/comments?post=138776"}],"wp:featuredmedia":[{"embeddable":true,"href":"https:\/\/gpl-love.com\/es\/wp-json\/wp\/v2\/media\/168860"}],"wp:attachment":[{"href":"https:\/\/gpl-love.com\/es\/wp-json\/wp\/v2\/media?parent=138776"}],"wp:term":[{"taxonomy":"product_brand","embeddable":true,"href":"https:\/\/gpl-love.com\/es\/wp-json\/wp\/v2\/product_brand?post=138776"},{"taxonomy":"product_cat","embeddable":true,"href":"https:\/\/gpl-love.com\/es\/wp-json\/wp\/v2\/product_cat?post=138776"},{"taxonomy":"product_tag","embeddable":true,"href":"https:\/\/gpl-love.com\/es\/wp-json\/wp\/v2\/product_tag?post=138776"}],"curies":[{"name":"wp","href":"https:\/\/api.w.org\/{rel}","templated":true}]}}