{"id":138774,"date":"2025-10-18T00:00:00","date_gmt":"2025-10-18T05:00:00","guid":{"rendered":"https:\/\/gpl-love.com\/es\/producto\/wpforms-google-sheets\/"},"modified":"2026-03-09T08:38:58","modified_gmt":"2026-03-09T13:38:58","slug":"wpforms-google-sheets","status":"publish","type":"product","link":"https:\/\/gpl-love.com\/es\/producto\/wpforms-google-sheets\/","title":{"rendered":"WPForms Google Sheets 2.5.0"},"content":{"rendered":"<h3>WPForms Google Sheets Caracteristicas<\/h3>\n<p>WPFORMS Google Sheets es un producto excepcional que sirve para permitir a los usuarios optimizar y mejorar sus procesos de recopilaci\u00f3n y gesti\u00f3n de datos de una manera altamente eficiente y efectiva. Al aprovechar las capacidades robustas de WPFORMS y Hojas de Google, esta herramienta integra perfectamente estas dos plataformas para ofrecer una experiencia de usuario verdaderamente simplificada e incomparable. A trav\u00e9s de la utilizaci\u00f3n de WPForms Google Sheets, los usuarios pueden construir formas a medida sin esfuerzo con la mayor facilidad y conveniencia, al tiempo que se benefician de la transmisi\u00f3n autom\u00e1tica de datos a las hojas de Google para un seguimiento sin esfuerzo y un an\u00e1lisis en profundidad. Este notable producto atiende espec\u00edficamente a las necesidades y requisitos de las empresas y organizaciones que requieren la recopilaci\u00f3n y gesti\u00f3n de datos competentes de una mir\u00edada de diversas fuentes. WPForms Google Sheets proporciona una resoluci\u00f3n elegantemente directa y extremadamente productiva para la gesti\u00f3n de datos, ahorrando as\u00ed un tiempo valioso y minimizando significativamente la ocurrencia de errores.<\/p>\n<ul>\n<li>Integraci\u00f3n f\u00e1cil: WPForms Google Sheets permite a los usuarios integrar a la perfecci\u00f3n los datos WPFORMS en las hojas de Google, ahorrando tiempo y energ\u00eda en la entrada de datos manuales.<\/li>\n<li>Mapeo personalizable: los usuarios pueden personalizar c\u00f3mo se asignan los datos WPFORMS a columnas espec\u00edficas en sus hojas de Google, lo que facilita el seguimiento y el an\u00e1lisis de los datos.<\/li>\n<li>Actualizaciones en tiempo real: los datos aparecen en las hojas de Google en tiempo real, por lo que los usuarios nunca tienen que preocuparse por perderse las nuevas actualizaciones de datos.<\/li>\n<li>Copia de seguridad de datos automatizada: con WPForms Google Sheets, los usuarios pueden hacer una copia de seguridad autom\u00e1ticamente de sus datos WPForms a las hojas de Google, asegurando que nunca pierdan informaci\u00f3n importante.<\/li>\n<li>Organizaci\u00f3n mejorada: al centralizar los datos de WPForms en las hojas de Google, los usuarios pueden organizar y ordenar m\u00e1s f\u00e1cilmente sus datos, lo que facilita la informaci\u00f3n pertinente r\u00e1pidamente.<\/li>\n<li>Colaboraci\u00f3n mejorada: WPForms Google Sheets permite a varios miembros del equipo acceder y editar el mismo conjunto de datos, promoviendo la colaboraci\u00f3n y eficiencia del equipo.<\/li>\n<\/ul>\n","protected":false},"excerpt":{"rendered":"<p>La integraci\u00f3n de WPFORMS con Google Sheets permite a los usuarios sincronizar sin esfuerzo los datos que recopilan de WPFORMS directamente en las hojas de Google, facilitando as\u00ed el seguimiento y el an\u00e1lisis sin esfuerzo de los datos del usuario, los env\u00edos de formularios y otra informaci\u00f3n de formulario relacionada en las hojas de Google. Al aprovechar esta integraci\u00f3n, los usuarios obtienen acceso a ideas invaluables y disfrutan de mayores capacidades de gesti\u00f3n de datos, lo que lleva a una toma de decisiones superior y una optimizaci\u00f3n general del rendimiento.<\/p>\n","protected":false},"featured_media":168859,"comment_status":"open","ping_status":"open","template":"","meta":[],"product_brand":[2628],"product_cat":[1212,1206,1211],"product_tag":[1440],"class_list":{"0":"post-138774","1":"product","2":"type-product","3":"status-publish","4":"has-post-thumbnail","6":"product_brand-wp-forms","7":"product_cat-administracion-wordpress-plugins","8":"product_cat-plugins","9":"product_cat-wordpress-plugins","10":"product_tag-wp-forms","11":"member-discount","12":"discount-restricted","14":"first","15":"instock","16":"sale","17":"downloadable","18":"virtual","19":"sold-individually","20":"purchasable","21":"product-type-simple"},"_links":{"self":[{"href":"https:\/\/gpl-love.com\/es\/wp-json\/wp\/v2\/product\/138774","targetHints":{"allow":["GET"]}}],"collection":[{"href":"https:\/\/gpl-love.com\/es\/wp-json\/wp\/v2\/product"}],"about":[{"href":"https:\/\/gpl-love.com\/es\/wp-json\/wp\/v2\/types\/product"}],"replies":[{"embeddable":true,"href":"https:\/\/gpl-love.com\/es\/wp-json\/wp\/v2\/comments?post=138774"}],"wp:featuredmedia":[{"embeddable":true,"href":"https:\/\/gpl-love.com\/es\/wp-json\/wp\/v2\/media\/168859"}],"wp:attachment":[{"href":"https:\/\/gpl-love.com\/es\/wp-json\/wp\/v2\/media?parent=138774"}],"wp:term":[{"taxonomy":"product_brand","embeddable":true,"href":"https:\/\/gpl-love.com\/es\/wp-json\/wp\/v2\/product_brand?post=138774"},{"taxonomy":"product_cat","embeddable":true,"href":"https:\/\/gpl-love.com\/es\/wp-json\/wp\/v2\/product_cat?post=138774"},{"taxonomy":"product_tag","embeddable":true,"href":"https:\/\/gpl-love.com\/es\/wp-json\/wp\/v2\/product_tag?post=138774"}],"curies":[{"name":"wp","href":"https:\/\/api.w.org\/{rel}","templated":true}]}}