{"id":138772,"date":"2023-04-21T00:00:00","date_gmt":"2023-04-21T05:00:00","guid":{"rendered":"https:\/\/gpl-love.com\/es\/producto\/magazilla-news-y-magazine-theme\/"},"modified":"2026-03-13T17:36:01","modified_gmt":"2026-03-13T22:36:01","slug":"magazilla-news-y-magazine-theme","status":"publish","type":"product","link":"https:\/\/gpl-love.com\/es\/producto\/magazilla-news-y-magazine-theme\/","title":{"rendered":"Magazilla News y Magazine Theme 1.1.3"},"content":{"rendered":"<h3>Magazilla News y Magazine Theme Caracteristicas<\/h3>\n<p>Magazilla News and Magazine Theme es un tema de WordPress exquisito y de alta calidad destinado a satisfacer las diversas necesidades de sitios web de publicaciones de noticias, revistas en l\u00ednea y blogs. Con un dise\u00f1o elegante y contempor\u00e1neo, Magazilla presenta una variedad de opciones de personalizaci\u00f3n, lo que permite a los usuarios dise\u00f1ar una experiencia de lectura en l\u00ednea incomparable que sea realmente \u00fanica. Este tema sobresale en la capacidad de respuesta, adapt\u00e1ndose perfectamente a varios dispositivos para que los usuarios puedan acceder y disfrutar sin esfuerzo en el contenido cautivador independientemente de la plataforma que elijan utilizar. Adem\u00e1s, Magazilla va m\u00e1s all\u00e1 optimizando sus caracter\u00edsticas para los motores de b\u00fasqueda, garantizando una visibilidad y descubrimiento \u00f3ptimas. Entre sus atributos m\u00e1s impresionantes se encuentra su panel de opciones de temas avanzados, que proporciona a los usuarios un control sin esfuerzo sobre elementos intrincados como dise\u00f1o, fuentes, colores y widgets. Como si eso no fuera suficiente, Magazilla tambi\u00e9n viene equipado con una mir\u00edada de plantillas y caracter\u00edsticas preconstruidas que seguramente deslumbrar\u00e1n incluso a los usuarios m\u00e1s exigentes. Estos incluyen un constructor de p\u00e1ginas inmensamente poderoso, un mega men\u00fa expansivo e integraci\u00f3n perfecta con varias plataformas de redes sociales. Todas estas capacidades notables se alojan perfectamente dentro de una interfaz f\u00e1cil de usar, lo que hace de Magazilla el ep\u00edtome de la versatilidad y el dinamismo, lo que lo convierte en una excelente opci\u00f3n para aquellos en busca del tema perfecto para su publicaci\u00f3n en l\u00ednea.<\/p>\n<ul>\n<li>Tema de WordPress de noticias y revistas dise\u00f1adas profesionalmente<\/li>\n<li>Dise\u00f1o totalmente receptivo y amigable para m\u00f3viles<\/li>\n<li>F\u00e1cil de personalizar con un panel de opciones de tema f\u00e1cil de usar<\/li>\n<li>M\u00faltiples dise\u00f1os posteriores para mayor flexibilidad<\/li>\n<li>Viene con 8 dise\u00f1os de p\u00e1gina de inicio \u00fanicos y personalizables<\/li>\n<li>Integraci\u00f3n de redes sociales incorporadas para f\u00e1cil compartir<\/li>\n<li>Compatible con constructores de p\u00e1ginas populares como Elementor y Visual Composer<\/li>\n<li>Integrado con WooCommerce para una funcionalidad de comercio electr\u00f3nico f\u00e1cil<\/li>\n<li>SEO optimizado para una mejor clasificaci\u00f3n de motores de b\u00fasqueda<\/li>\n<li>Incluye la integraci\u00f3n de Google Fonts para una tipograf\u00eda elegante<\/li>\n<li>Instalaci\u00f3n de demostraci\u00f3n de un solo clic para una configuraci\u00f3n r\u00e1pida<\/li>\n<li>Actualizado regularmente con nuevas caracter\u00edsticas y mejoras.<\/li>\n<\/ul>\n","protected":false},"excerpt":{"rendered":"<p>Magazilla News and Magazine Theme, un tema de WordPress de alta calidad, ha sido meticulosamente elaborado para atender a sitios web orientados a los medios, incluidos, entre otros, portales de noticias, revistas y blogs. Este producto premium ofrece una variedad de caracter\u00edsticas de vanguardia, otorg\u00e1ndole la libertad de adaptar la apariencia de su sitio de una manera que exude profesionalismo y sofisticaci\u00f3n. Con su diversa selecci\u00f3n de dise\u00f1os de p\u00e1gina de inicio, posibilidades de color ilimitadas y opciones tipogr\u00e1ficas avanzadas, este tema le permite crear una plataforma en l\u00ednea visualmente impresionante y cautivadora. En particular, su dise\u00f1o receptivo se adapta perfectamente a varios dispositivos, asegurando una experiencia de usuario perfecta en todos los \u00e1mbitos. Adem\u00e1s, el tema de la revista Magazilla News and Magazine est\u00e1 optimizado para el motor de b\u00fasqueda, lo que garantiza una mejor visibilidad y clasificaciones mejoradas en las p\u00e1ginas de resultados del motor de b\u00fasqueda. En conclusi\u00f3n, si aspira a establecer un centro de medios digitales visualmente atractivos y totalmente funcionales, el tema de las noticias y la revista Magazilla es sin duda una opci\u00f3n ejemplar.<\/p>\n","protected":false},"featured_media":168858,"comment_status":"open","ping_status":"open","template":"","meta":[],"product_brand":[2337],"product_cat":[1245,1237,1238],"product_tag":[1391],"class_list":{"0":"post-138772","1":"product","2":"type-product","3":"status-publish","4":"has-post-thumbnail","6":"product_brand-themeforest","7":"product_cat-blog-revista","8":"product_cat-temas","9":"product_cat-wordpress-temas","10":"product_tag-themeforest","11":"member-discount","12":"discount-restricted","14":"first","15":"instock","16":"sale","17":"downloadable","18":"virtual","19":"sold-individually","20":"purchasable","21":"product-type-simple"},"_links":{"self":[{"href":"https:\/\/gpl-love.com\/es\/wp-json\/wp\/v2\/product\/138772","targetHints":{"allow":["GET"]}}],"collection":[{"href":"https:\/\/gpl-love.com\/es\/wp-json\/wp\/v2\/product"}],"about":[{"href":"https:\/\/gpl-love.com\/es\/wp-json\/wp\/v2\/types\/product"}],"replies":[{"embeddable":true,"href":"https:\/\/gpl-love.com\/es\/wp-json\/wp\/v2\/comments?post=138772"}],"wp:featuredmedia":[{"embeddable":true,"href":"https:\/\/gpl-love.com\/es\/wp-json\/wp\/v2\/media\/168858"}],"wp:attachment":[{"href":"https:\/\/gpl-love.com\/es\/wp-json\/wp\/v2\/media?parent=138772"}],"wp:term":[{"taxonomy":"product_brand","embeddable":true,"href":"https:\/\/gpl-love.com\/es\/wp-json\/wp\/v2\/product_brand?post=138772"},{"taxonomy":"product_cat","embeddable":true,"href":"https:\/\/gpl-love.com\/es\/wp-json\/wp\/v2\/product_cat?post=138772"},{"taxonomy":"product_tag","embeddable":true,"href":"https:\/\/gpl-love.com\/es\/wp-json\/wp\/v2\/product_tag?post=138772"}],"curies":[{"name":"wp","href":"https:\/\/api.w.org\/{rel}","templated":true}]}}