{"id":138770,"date":"2026-03-21T00:00:00","date_gmt":"2026-03-21T05:00:00","guid":{"rendered":"https:\/\/gpl-love.com\/es\/producto\/affiliatewp-vanity-coupon-codes\/"},"modified":"2026-03-21T17:16:16","modified_gmt":"2026-03-21T22:16:16","slug":"affiliatewp-vanity-coupon-codes","status":"publish","type":"product","link":"https:\/\/gpl-love.com\/es\/producto\/affiliatewp-vanity-coupon-codes\/","title":{"rendered":"AffiliateWP Vanity Coupon Codes 1.0.5"},"content":{"rendered":"<h3>AffiliateWP Vanity Coupon Codes Caracteristicas<\/h3>\n<p>Affiliatewp Vanity Cupon Codes es una herramienta extremadamente valiosa que permite a las empresas generar c\u00f3digos de cup\u00f3n distintivos y personalizados para sus iniciativas de marketing de afiliaci\u00f3n. Al utilizar esta notable herramienta, las empresas pueden fabricar c\u00f3digos de cup\u00f3n de manera efectiva que reflejan la esencia de su marca y transmiten efectivamente su mensaje de marketing, lo que hace que lo sea notablemente conveniente para los afiliados para respaldar efectivamente sus productos y servicios. Este complemento fenomenal ofrece una gran cantidad de opciones de personalizaci\u00f3n, lo que permite a las empresas establecer meticulosamente la frecuencia con la que se puede utilizar un cup\u00f3n, al tiempo que aprovecha las funcionalidades de seguimiento e informes que resultan invaluables para monitorear vigilantemente el triunfo de sus campa\u00f1as de afiliados. Con las notables capacidades de los c\u00f3digos de cup\u00f3n de vanidad AffiliateWP, las empresas pueden aumentar inequ\u00edvocamente su programa de marketing de afiliaci\u00f3n, estimular una afluencia de tr\u00e1fico y ventas en su sitio web y amplificar significativamente el reconocimiento de la marca a trav\u00e9s del despliegue de c\u00f3digos de cup\u00f3n exquisitamente personalizados y apuntos astutamente dirigidos.<\/p>\n<ul>\n<li>Permite a los especialistas en marketing de afiliados crear c\u00f3digos de cup\u00f3n personalizados para sus audiencias<\/li>\n<li>Proporciona un toque personalizado a las promociones que pueden aumentar las tasas de conversi\u00f3n<\/li>\n<li>Interfaz f\u00e1cil de usar para crear y administrar c\u00f3digos de cup\u00f3n<\/li>\n<li>Puede rastrear el uso del cup\u00f3n para determinar la efectividad de las promociones<\/li>\n<li>Se integra a la perfecci\u00f3n con el complemento AffiliateWP para WordPress<\/li>\n<li>Se puede utilizar junto con otras estrategias promocionales para mejorar a\u00fan m\u00e1s los esfuerzos de marketing<\/li>\n<li>Proporciona un mayor sentido de control para los vendedores afiliados sobre sus promociones<\/li>\n<li>Opci\u00f3n asequible para aquellos que buscan agregar una capa adicional de marketing personalizado.<\/li>\n<\/ul>\n","protected":false},"excerpt":{"rendered":"<p>Los c\u00f3digos de cup\u00f3n de vanidad AffiliateWP, siendo una herramienta inmensamente influyente, le permite generar c\u00f3digos de cup\u00f3n \u00fanicos que poseen exclusividad para sus afiliados. Este atributo excepcional le permite satisfacer a sus afiliados dotando con c\u00f3digos de cup\u00f3n personalizados, lo que les permite difundir estos c\u00f3digos entre su p\u00fablico objetivo, amplificando as\u00ed las tasas de conversi\u00f3n y reforzando las cifras de ventas. El resultado de esta notable caracter\u00edstica se manifiesta en la forma de un c\u00f3digo de cup\u00f3n a medida que se monitorea y documenta meticulosamente dentro de su tablero de afiliaci\u00f3nwp, lo que lo comprueba con una autoridad absoluta sobre la eficacia y el rendimiento de cada c\u00f3digo. En virtud de los c\u00f3digos de cup\u00f3n de vanidad AffiliateWP, est\u00e1 listo para catapultar su programa de afiliados a alturas sin precedentes, otorgando as\u00ed a sus afiliados la capacidad de impulsar un diluvio de tr\u00e1fico web, clientes potenciales e ingresos a su empresa.<\/p>\n","protected":false},"featured_media":168857,"comment_status":"open","ping_status":"open","template":"","meta":[],"product_brand":[2357],"product_cat":[1207,1225,1206],"product_tag":[1227],"class_list":{"0":"post-138770","1":"product","2":"type-product","3":"status-publish","4":"has-post-thumbnail","6":"product_brand-affiliate-wp","7":"product_cat-comercio-electronico-plugins","8":"product_cat-marketing","9":"product_cat-plugins","10":"product_tag-affiliate-wp","11":"member-discount","12":"discount-restricted","14":"first","15":"instock","16":"sale","17":"downloadable","18":"virtual","19":"sold-individually","20":"purchasable","21":"product-type-simple"},"_links":{"self":[{"href":"https:\/\/gpl-love.com\/es\/wp-json\/wp\/v2\/product\/138770","targetHints":{"allow":["GET"]}}],"collection":[{"href":"https:\/\/gpl-love.com\/es\/wp-json\/wp\/v2\/product"}],"about":[{"href":"https:\/\/gpl-love.com\/es\/wp-json\/wp\/v2\/types\/product"}],"replies":[{"embeddable":true,"href":"https:\/\/gpl-love.com\/es\/wp-json\/wp\/v2\/comments?post=138770"}],"wp:featuredmedia":[{"embeddable":true,"href":"https:\/\/gpl-love.com\/es\/wp-json\/wp\/v2\/media\/168857"}],"wp:attachment":[{"href":"https:\/\/gpl-love.com\/es\/wp-json\/wp\/v2\/media?parent=138770"}],"wp:term":[{"taxonomy":"product_brand","embeddable":true,"href":"https:\/\/gpl-love.com\/es\/wp-json\/wp\/v2\/product_brand?post=138770"},{"taxonomy":"product_cat","embeddable":true,"href":"https:\/\/gpl-love.com\/es\/wp-json\/wp\/v2\/product_cat?post=138770"},{"taxonomy":"product_tag","embeddable":true,"href":"https:\/\/gpl-love.com\/es\/wp-json\/wp\/v2\/product_tag?post=138770"}],"curies":[{"name":"wp","href":"https:\/\/api.w.org\/{rel}","templated":true}]}}