{"id":138768,"date":"2026-03-21T00:00:00","date_gmt":"2026-03-21T05:00:00","guid":{"rendered":"https:\/\/gpl-love.com\/es\/producto\/affiliatewp-affiliate-qr-codes\/"},"modified":"2026-03-21T17:16:15","modified_gmt":"2026-03-21T22:16:15","slug":"affiliatewp-affiliate-qr-codes","status":"publish","type":"product","link":"https:\/\/gpl-love.com\/es\/producto\/affiliatewp-affiliate-qr-codes\/","title":{"rendered":"AffiliateWP Affiliate QR Codes 1.0.4"},"content":{"rendered":"<h3>AffiliateWP Affiliate QR Codes Caracteristicas<\/h3>\n<p>AffiliateWP Affiliate QR Codes es una herramienta de vanguardia y altamente efectiva que ofrece asistencia incomparable a las empresas en su b\u00fasqueda para monitorear y analizar las ventas de afiliados mediante c\u00f3digos QR. Este ingenioso producto sirve como catalizador para mejorar la eficiencia y la precisi\u00f3n de los esfuerzos de marketing de afiliaci\u00f3n. En virtud de esta notable herramienta, los afiliados est\u00e1n facultados para generar c\u00f3digos QR distintivos que se vinculan sin problemas con sus respectivos enlaces de referencia. En consecuencia, los clientes pueden iniciar el proceso de compra simplemente escaneando estos c\u00f3digos QR. Una de las ventajas m\u00e1s notables prestadas por este producto es su capacidad para permitir que las empresas rastreen y eval\u00faen meticulosamente el desempe\u00f1o de sus campa\u00f1as de marketing de afiliaci\u00f3n. Esta transparencia incomparable es posible gracias a la provisi\u00f3n de datos claros relacionados con el afiliado espec\u00edfico responsable de generar la venta. Al explotar el inmenso potencial de los c\u00f3digos QR afiliados de AffiliateWP, las empresas pueden optimizar sus estrategias de marketing de afiliaci\u00f3n y presenciar un aumento sustancial en sus flujos de ingresos. Simult\u00e1neamente, los afiliados pueden promover sin esfuerzo sus productos y asegurar comisiones guapas en el proceso. A fin de cuentas, es m\u00e1s all\u00e1 de cualquier duda que este producto extraordinario surge como un activo indispensable para cualquier negocio que anhele elevar y refinar sus esfuerzos de marketing de afiliaci\u00f3n.<\/p>\n<ul>\n<li>Generar c\u00f3digos QR \u00fanicos para el seguimiento de afiliados<\/li>\n<li>Rastrear las referencias de afiliados a trav\u00e9s de los c\u00f3digos QR de escaneo<\/li>\n<li>F\u00e1cil de integrar con el complemento AffiliateWP<\/li>\n<li>Dise\u00f1os personalizables para c\u00f3digos QR<\/li>\n<li>Aumenta la precisi\u00f3n del compromiso y el seguimiento<\/li>\n<li>Compatible con dispositivos m\u00f3viles<\/li>\n<li>Informes detallados y an\u00e1lisis para el rendimiento del c\u00f3digo QR<\/li>\n<li>Proporciona a los afiliados una herramienta de marketing \u00fanica<\/li>\n<li>Mejora la experiencia y el compromiso del usuario<\/li>\n<li>Aumenta el potencial de ingresos para afiliados y comerciantes.<\/li>\n<\/ul>\n","protected":false},"excerpt":{"rendered":"<p>Los c\u00f3digos QR afiliados de AffiliateWP es un complemento premium altamente estimado dise\u00f1ado espec\u00edficamente para el complemento AffiliateWP, que tiene el prop\u00f3sito de generar c\u00f3digos QR individualizados para cada uno de sus afiliados, facilitando y simplificando sus esfuerzos promocionales en relaci\u00f3n con su amplio array de productos o servicios. Esta ingeniosa adici\u00f3n al complemento le permite asignar y asociar los c\u00f3digos QR sin esfuerzo a cada vendedor afiliado, al tiempo que le permite monitorear y evaluar meticulosamente la eficacia y el impacto de sus esfuerzos promocionales en tiempo real. Para profundizar en los detalles, todo lo que uno tiene que hacer es escanear convenientemente el c\u00f3digo QR que utiliza un tel\u00e9fono inteligente o tableta de \u00faltima generaci\u00f3n, que instant\u00e1neamente proporciona una gran cantidad de informaci\u00f3n sobre el producto o servicio espec\u00edfico que se est\u00e1 respaldando. \u00a1No pierda tiempo y comience su propia Odyssey de marketing de afiliaci\u00f3n adoptando este innovador complemento sin demora!<\/p>\n","protected":false},"featured_media":168856,"comment_status":"open","ping_status":"open","template":"","meta":[],"product_brand":[2357],"product_cat":[1207,1225,1206],"product_tag":[1227],"class_list":{"0":"post-138768","1":"product","2":"type-product","3":"status-publish","4":"has-post-thumbnail","6":"product_brand-affiliate-wp","7":"product_cat-comercio-electronico-plugins","8":"product_cat-marketing","9":"product_cat-plugins","10":"product_tag-affiliate-wp","11":"member-discount","12":"discount-restricted","14":"first","15":"instock","16":"sale","17":"downloadable","18":"virtual","19":"sold-individually","20":"purchasable","21":"product-type-simple"},"_links":{"self":[{"href":"https:\/\/gpl-love.com\/es\/wp-json\/wp\/v2\/product\/138768","targetHints":{"allow":["GET"]}}],"collection":[{"href":"https:\/\/gpl-love.com\/es\/wp-json\/wp\/v2\/product"}],"about":[{"href":"https:\/\/gpl-love.com\/es\/wp-json\/wp\/v2\/types\/product"}],"replies":[{"embeddable":true,"href":"https:\/\/gpl-love.com\/es\/wp-json\/wp\/v2\/comments?post=138768"}],"wp:featuredmedia":[{"embeddable":true,"href":"https:\/\/gpl-love.com\/es\/wp-json\/wp\/v2\/media\/168856"}],"wp:attachment":[{"href":"https:\/\/gpl-love.com\/es\/wp-json\/wp\/v2\/media?parent=138768"}],"wp:term":[{"taxonomy":"product_brand","embeddable":true,"href":"https:\/\/gpl-love.com\/es\/wp-json\/wp\/v2\/product_brand?post=138768"},{"taxonomy":"product_cat","embeddable":true,"href":"https:\/\/gpl-love.com\/es\/wp-json\/wp\/v2\/product_cat?post=138768"},{"taxonomy":"product_tag","embeddable":true,"href":"https:\/\/gpl-love.com\/es\/wp-json\/wp\/v2\/product_tag?post=138768"}],"curies":[{"name":"wp","href":"https:\/\/api.w.org\/{rel}","templated":true}]}}