{"id":138766,"date":"2025-04-27T00:00:00","date_gmt":"2025-04-27T05:00:00","guid":{"rendered":"https:\/\/gpl-love.com\/es\/producto\/affiliatewp-fraud-prevention\/"},"modified":"2026-03-09T08:38:53","modified_gmt":"2026-03-09T13:38:53","slug":"affiliatewp-fraud-prevention","status":"publish","type":"product","link":"https:\/\/gpl-love.com\/es\/producto\/affiliatewp-fraud-prevention\/","title":{"rendered":"AffiliateWP Fraud Prevention 1.0.3"},"content":{"rendered":"<h3>AffiliateWP Fraud Prevention Caracteristicas<\/h3>\n<p>La prevenci\u00f3n de fraude de AffiliateWP, una soluci\u00f3n de software inmensamente robusta, ha sido meticulosamente elaborada para ayudar a las empresas en sus implacables esfuerzos para frustrar y suprimir cualquier empresa fraudulenta desagradable que pueda afectar a sus programas de afiliados. Este software formidable aprovecha el poder de los algoritmos de vanguardia y las innovadoras metodolog\u00edas de aprendizaje autom\u00e1tico, lo que le permite analizar meticulosamente la conducta del usuario y discernir efectivamente cualquier apariencia de actividad potencialmente fraudulenta. Armado con un tablero de instrumentos intuitivamente dise\u00f1ado, las empresas pueden supervisar sin esfuerzo y analizar de cerca las operaciones de afiliados, al tiempo que toman medidas proactivas sin problemas para proscribir cualquier comportamiento nefasto que podr\u00eda infligir repercusiones adversas en su trayectoria fiscal. Sin lugar a dudas, la prevenci\u00f3n de fraude afiliatowp es resuelta como una herramienta indispensable, un imperativo imperioso, para cualquier negocio astuto y exigente anhelo de salvaguardar la santidad e integridad de su programa de afiliados, asegurando que sus afiliados propagen fervientemente sus productos o servicios de una manera que es inequ\u00edvocamente \u00e9tico, principios y veraces.<\/p>\n<ul>\n<li>Previene las transacciones fraudulentas en su plataforma AffiliateWP<\/li>\n<li>Utiliza algoritmos avanzados y aprendizaje autom\u00e1tico para detectar y prevenir fraude<\/li>\n<li>El monitoreo en tiempo real garantiza una detecci\u00f3n r\u00e1pida y acci\u00f3n contra actividades sospechosas<\/li>\n<li>La configuraci\u00f3n de evaluaci\u00f3n de riesgos personalizable le permite establecer umbrales en funci\u00f3n de las necesidades de su negocio<\/li>\n<li>Lista negra autom\u00e1tica de usuarios fraudulentos y direcciones IP para evitar futuros intentos<\/li>\n<li>Informes y an\u00e1lisis integrales para ayudarlo a monitorear sus esfuerzos de prevenci\u00f3n de fraude<\/li>\n<li>La interfaz f\u00e1cil de usar facilita la administraci\u00f3n y configuraci\u00f3n de la configuraci\u00f3n<\/li>\n<li>Compatible con pasarelas de pago populares y programas de afiliados<\/li>\n<li>Actualizaciones regulares y atenci\u00f3n al cliente para garantizar un rendimiento y efectividad \u00f3ptimos.<\/li>\n<\/ul>\n","protected":false},"excerpt":{"rendered":"<p>La prevenci\u00f3n del fraude de AffiliateWP, una herramienta extremadamente potente, surge como una fuerza indomable para proteger a las empresas en l\u00ednea contra actividades afiliadas traicioneras. Con los algoritmos de detecci\u00f3n de fraude de vanguardia y proporcionando informes integrales, este notable complemento se ha creado meticulosamente para mejorar la precisi\u00f3n del seguimiento de la comisi\u00f3n de afiliados, mitigando efectivamente el peligro de las remesas injustificadas. Con la invaluable asistencia de la prevenci\u00f3n del fraude de AffiliateWP, los establecimientos en l\u00ednea pueden deleitarse en un tranquilo consuelo, seguro en el conocimiento de que su programa de afiliados sigue siendo impermeable a los actos enga\u00f1osos.<\/p>\n","protected":false},"featured_media":168855,"comment_status":"open","ping_status":"open","template":"","meta":[],"product_brand":[2357],"product_cat":[1207,1225,1206],"product_tag":[1227],"class_list":{"0":"post-138766","1":"product","2":"type-product","3":"status-publish","4":"has-post-thumbnail","6":"product_brand-affiliate-wp","7":"product_cat-comercio-electronico-plugins","8":"product_cat-marketing","9":"product_cat-plugins","10":"product_tag-affiliate-wp","11":"member-discount","12":"discount-restricted","14":"first","15":"instock","16":"sale","17":"downloadable","18":"virtual","19":"sold-individually","20":"purchasable","21":"product-type-simple"},"_links":{"self":[{"href":"https:\/\/gpl-love.com\/es\/wp-json\/wp\/v2\/product\/138766","targetHints":{"allow":["GET"]}}],"collection":[{"href":"https:\/\/gpl-love.com\/es\/wp-json\/wp\/v2\/product"}],"about":[{"href":"https:\/\/gpl-love.com\/es\/wp-json\/wp\/v2\/types\/product"}],"replies":[{"embeddable":true,"href":"https:\/\/gpl-love.com\/es\/wp-json\/wp\/v2\/comments?post=138766"}],"wp:featuredmedia":[{"embeddable":true,"href":"https:\/\/gpl-love.com\/es\/wp-json\/wp\/v2\/media\/168855"}],"wp:attachment":[{"href":"https:\/\/gpl-love.com\/es\/wp-json\/wp\/v2\/media?parent=138766"}],"wp:term":[{"taxonomy":"product_brand","embeddable":true,"href":"https:\/\/gpl-love.com\/es\/wp-json\/wp\/v2\/product_brand?post=138766"},{"taxonomy":"product_cat","embeddable":true,"href":"https:\/\/gpl-love.com\/es\/wp-json\/wp\/v2\/product_cat?post=138766"},{"taxonomy":"product_tag","embeddable":true,"href":"https:\/\/gpl-love.com\/es\/wp-json\/wp\/v2\/product_tag?post=138766"}],"curies":[{"name":"wp","href":"https:\/\/api.w.org\/{rel}","templated":true}]}}