{"id":138764,"date":"2023-01-22T00:00:00","date_gmt":"2023-01-22T05:00:00","guid":{"rendered":"https:\/\/gpl-love.com\/es\/producto\/affiliatewp-starting-affiliate-id\/"},"modified":"2026-03-09T08:38:52","modified_gmt":"2026-03-09T13:38:52","slug":"affiliatewp-starting-affiliate-id","status":"publish","type":"product","link":"https:\/\/gpl-love.com\/es\/producto\/affiliatewp-starting-affiliate-id\/","title":{"rendered":"AffiliateWP Starting Affiliate ID 1.2"},"content":{"rendered":"<h3>AffiliateWP Starting Affiliate ID Caracteristicas<\/h3>\n<p>La identificaci\u00f3n de afiliaci\u00f3n inicial AffiliateWP es una herramienta extremadamente potente que ha sido meticulosamente dise\u00f1ada para facilitar la expansi\u00f3n de su programa de marketing de afiliaci\u00f3n. Este notable software le permite rastrear sin esfuerzo y administrar efectivamente las actividades de sus afiliados, lo que le permite monitorear vigilantemente su desempe\u00f1o y remunerarlos debidamente por sus incesantes esfuerzos. Al proporcionar a sus afiliados n\u00fameros de identificaci\u00f3n distintivos, puede determinar inequ\u00edvocamente que se los identifiquen con precisi\u00f3n y debidamente reconocidos por las ventas encomiables que generan. Adem\u00e1s, este software es excepcionalmente f\u00e1cil de usar, con una interfaz intuitivamente dise\u00f1ada que no solo simplifica el proceso de configuraci\u00f3n de su programa, sino que tambi\u00e9n le permite personalizarlo sin problemas para satisfacer sus requisitos \u00fanicos. Independientemente de si usted es un ne\u00f3fito en el \u00e1mbito del marketing de afiliaci\u00f3n o aspira a elevar su programa a alturas sin precedentes, es imperativo que reconozca la indispensabilidad de la identificaci\u00f3n de afiliados inicial de AffiliatEwp, ya que es una herramienta indispensable que tiene el potencial de pavimentar El camino hacia su triunfo rotundo.<\/p>\n<ul>\n<li>Proceso de configuraci\u00f3n f\u00e1cil y r\u00e1pido para el seguimiento de afiliados<\/li>\n<li>Proporciona un seguimiento preciso e informes de las ventas de afiliados<\/li>\n<li>Permite la personalizaci\u00f3n de las tasas de comisi\u00f3n y los m\u00e9todos de pago.<\/li>\n<li>Se integra con plataformas de pago populares como PayPal y Stripe<\/li>\n<li>Proporciona un tablero intuitivo para que los afiliados rastreen sus ganancias y progresos<\/li>\n<li>Ofrece una variedad de herramientas de marketing para ayudar a los afiliados a promocionar sus productos o servicios.<\/li>\n<li>Proporciona medidas de protecci\u00f3n de fraude para garantizar comisiones de afiliados justos<\/li>\n<li>Ofrece atenci\u00f3n al cliente y recursos tanto para comerciantes como para afiliados.<\/li>\n<\/ul>\n","protected":false},"excerpt":{"rendered":"<p>La identificaci\u00f3n de afiliaci\u00f3n inicial AffiliateWP sirve como una herramienta muy crucial e indispensable que facilita la gesti\u00f3n efectiva de su programa de marketing de afiliaci\u00f3n. Al utilizar esta entrada, est\u00e1 facultado para monitorear y discernir sin esfuerzo el paradero de sus afiliados, mantener un sistema bien estructurado para su categorizaci\u00f3n y evaluar su desempe\u00f1o. Adem\u00e1s, la provisi\u00f3n de informes precisos y an\u00e1lisis integrales lo equipa con los recursos necesarios para maximizar la eficiencia de su programa y elevar su generaci\u00f3n de ingresos. \u00a1No pierda el tiempo y se embarque en este viaje hoy, ya que los resultados tangibles est\u00e1n listos para asombrarlo!<\/p>\n","protected":false},"featured_media":168854,"comment_status":"open","ping_status":"open","template":"","meta":[],"product_brand":[2357],"product_cat":[1207,1225,1206],"product_tag":[1227],"class_list":{"0":"post-138764","1":"product","2":"type-product","3":"status-publish","4":"has-post-thumbnail","6":"product_brand-affiliate-wp","7":"product_cat-comercio-electronico-plugins","8":"product_cat-marketing","9":"product_cat-plugins","10":"product_tag-affiliate-wp","11":"member-discount","12":"discount-restricted","14":"first","15":"instock","16":"sale","17":"downloadable","18":"virtual","19":"sold-individually","20":"purchasable","21":"product-type-simple"},"_links":{"self":[{"href":"https:\/\/gpl-love.com\/es\/wp-json\/wp\/v2\/product\/138764","targetHints":{"allow":["GET"]}}],"collection":[{"href":"https:\/\/gpl-love.com\/es\/wp-json\/wp\/v2\/product"}],"about":[{"href":"https:\/\/gpl-love.com\/es\/wp-json\/wp\/v2\/types\/product"}],"replies":[{"embeddable":true,"href":"https:\/\/gpl-love.com\/es\/wp-json\/wp\/v2\/comments?post=138764"}],"wp:featuredmedia":[{"embeddable":true,"href":"https:\/\/gpl-love.com\/es\/wp-json\/wp\/v2\/media\/168854"}],"wp:attachment":[{"href":"https:\/\/gpl-love.com\/es\/wp-json\/wp\/v2\/media?parent=138764"}],"wp:term":[{"taxonomy":"product_brand","embeddable":true,"href":"https:\/\/gpl-love.com\/es\/wp-json\/wp\/v2\/product_brand?post=138764"},{"taxonomy":"product_cat","embeddable":true,"href":"https:\/\/gpl-love.com\/es\/wp-json\/wp\/v2\/product_cat?post=138764"},{"taxonomy":"product_tag","embeddable":true,"href":"https:\/\/gpl-love.com\/es\/wp-json\/wp\/v2\/product_tag?post=138764"}],"curies":[{"name":"wp","href":"https:\/\/api.w.org\/{rel}","templated":true}]}}