{"id":138731,"date":"2023-01-21T00:00:00","date_gmt":"2023-01-21T05:00:00","guid":{"rendered":"https:\/\/gpl-love.com\/es\/producto\/bambini-kindergarten-y-pre-school-theme\/"},"modified":"2026-03-13T17:36:00","modified_gmt":"2026-03-13T22:36:00","slug":"bambini-kindergarten-y-pre-school-theme","status":"publish","type":"product","link":"https:\/\/gpl-love.com\/es\/producto\/bambini-kindergarten-y-pre-school-theme\/","title":{"rendered":"Bambini Kindergarten y Pre-School Theme 1.1.4"},"content":{"rendered":"<h3>Bambini Kindergarten y Pre-School Theme Caracteristicas<\/h3>\n<p>El tema de jard\u00edn de infantes y preescolar de Bambini presenta un recurso educativo extenso y cautivador adaptado para j\u00f3venes estudiantes, que abarca una amplia gama de herramientas y materiales destinados a permitir a los maestros construir un entorno de aprendizaje animado y enriquecedor para sus alumnos. Con una paleta vibrante, dise\u00f1os caprichosos y ejercicios interactivos, el tema de Bambini est\u00e1 listo para cautivar la atenci\u00f3n y fomentar la imaginaci\u00f3n de los ni\u00f1os. Desde fomentar la fluidez en el alfabeto y el reconocimiento num\u00e9rico hasta cultivar la competencia en la interacci\u00f3n social y la aptitud de resoluci\u00f3n de problemas, este tema abarca un espectro diverso de objetivos educativos cruciales que son indispensables para el desarrollo hol\u00edstico de un ni\u00f1o. Con el tema de jard\u00edn de infantes y preescolar de Bambini a su disposici\u00f3n, los educadores poseen un juego de herramientas integral para facilitar la creaci\u00f3n de un viaje de aprendizaje fruct\u00edfero y agradable para sus estudiantes.<\/p>\n<ul>\n<li>Tema de alta calidad para configuraciones de jard\u00edn de infantes y preescolar<\/li>\n<li>Dise\u00f1ado con gr\u00e1ficos brillantes y coloridos para involucrar a los ni\u00f1os<\/li>\n<li>Incluye una variedad de recursos para facilitar el aprendizaje y el juego, incluidos los planes de lecciones, las hojas de trabajo y los juegos.<\/li>\n<li>Cubre una variedad de temas educativos, desde alfabetizaci\u00f3n y aritm\u00e9tica hasta desarrollo social y emocional<\/li>\n<li>F\u00e1cil de personalizar y adaptarse para los requisitos de clase individual<\/li>\n<li>Compatible con una gama de configuraciones de hardware y software<\/li>\n<li>Viene con apoyo integral y recursos de ayuda para garantizar una implementaci\u00f3n exitosa<\/li>\n<li>Adecuado para una variedad de entornos educativos, incluidas escuelas p\u00fablicas y privadas, centros de guarder\u00eda y entornos de educaci\u00f3n en el hogar<\/li>\n<li>Proporciona un entorno de aprendizaje divertido y atractivo que a los ni\u00f1os les encantar\u00e1<\/li>\n<li>Aumenta la confianza y prepara a los ni\u00f1os para el futuro \u00e9xito acad\u00e9mico<\/li>\n<\/ul>\n","protected":false},"excerpt":{"rendered":"<p>El tema de jard\u00edn de infantes y preescolar de Bambini es un producto incre\u00edblemente cautivador y est\u00e9ticamente agradable que ha sido intrincadamente dise\u00f1ado para ofrecer un encuentro de aprendizaje altamente agradable e interactivo para los ni\u00f1os peque\u00f1os. Este tema incre\u00edblemente vibrante y tremendamente innovador cuenta. y juega. Con su interfaz meticulosamente construida y excepcionalmente f\u00e1cil de usar, el jard\u00edn de infantes de Bambini y el tema preescolar representa indiscutiblemente la soluci\u00f3n por excelencia para los educadores, los padres y los administradores de instituciones educativas en busca de una herramienta integral y fenomenalmente atractiva que sin duda elevar\u00e1 y aumentar\u00e1 el aumento de la educaci\u00f3n educativa. Viaje de ni\u00f1os peque\u00f1os a alturas sin precedentes.<\/p>\n","protected":false},"featured_media":168853,"comment_status":"open","ping_status":"open","template":"","meta":[],"product_brand":[2337],"product_cat":[1267,1237,1238],"product_tag":[1391],"class_list":{"0":"post-138731","1":"product","2":"type-product","3":"status-publish","4":"has-post-thumbnail","6":"product_brand-themeforest","7":"product_cat-creativo","8":"product_cat-temas","9":"product_cat-wordpress-temas","10":"product_tag-themeforest","11":"member-discount","12":"discount-restricted","14":"first","15":"instock","16":"sale","17":"downloadable","18":"virtual","19":"sold-individually","20":"purchasable","21":"product-type-simple"},"_links":{"self":[{"href":"https:\/\/gpl-love.com\/es\/wp-json\/wp\/v2\/product\/138731","targetHints":{"allow":["GET"]}}],"collection":[{"href":"https:\/\/gpl-love.com\/es\/wp-json\/wp\/v2\/product"}],"about":[{"href":"https:\/\/gpl-love.com\/es\/wp-json\/wp\/v2\/types\/product"}],"replies":[{"embeddable":true,"href":"https:\/\/gpl-love.com\/es\/wp-json\/wp\/v2\/comments?post=138731"}],"wp:featuredmedia":[{"embeddable":true,"href":"https:\/\/gpl-love.com\/es\/wp-json\/wp\/v2\/media\/168853"}],"wp:attachment":[{"href":"https:\/\/gpl-love.com\/es\/wp-json\/wp\/v2\/media?parent=138731"}],"wp:term":[{"taxonomy":"product_brand","embeddable":true,"href":"https:\/\/gpl-love.com\/es\/wp-json\/wp\/v2\/product_brand?post=138731"},{"taxonomy":"product_cat","embeddable":true,"href":"https:\/\/gpl-love.com\/es\/wp-json\/wp\/v2\/product_cat?post=138731"},{"taxonomy":"product_tag","embeddable":true,"href":"https:\/\/gpl-love.com\/es\/wp-json\/wp\/v2\/product_tag?post=138731"}],"curies":[{"name":"wp","href":"https:\/\/api.w.org\/{rel}","templated":true}]}}