{"id":138729,"date":"2026-04-16T00:00:00","date_gmt":"2026-04-16T05:00:00","guid":{"rendered":"https:\/\/gpl-love.com\/es\/producto\/product-catalog-feed-pro\/"},"modified":"2026-04-16T17:17:17","modified_gmt":"2026-04-16T22:17:17","slug":"product-catalog-feed-pro","status":"publish","type":"product","link":"https:\/\/gpl-love.com\/es\/producto\/product-catalog-feed-pro\/","title":{"rendered":"Product Catalog Feed Pro 5.8.2"},"content":{"rendered":"<h3>Product Catalog Feed Pro Caracteristicas<\/h3>\n<p>El cat\u00e1logo de productos Feed Pro es una herramienta incre\u00edblemente robusta y sofisticada que ha sido dise\u00f1ada espec\u00edficamente para proporcionar a las empresas la capacidad de crear sin esfuerzo y administrar efectivamente los alimentos de los productos de primer nivel. Este software excepcional permite a los usuarios importar y exportar datos sin problemas de una amplia gama de fuentes diversas, como archivos CSV, hojas de Google y plataformas de comercio electr\u00f3nico prominentes como Shopify y WooCommerce. Adem\u00e1s, esta notable herramienta tambi\u00e9n faculta a los usuarios para mapear expertos sus valiosos datos para alinearse sin problemas con los requisitos espec\u00edficos de varios canales de publicidad influyentes, incluidas plataformas estimadas como Google Shopping y Facebook Anuncios. Lo que realmente establece el cat\u00e1logo de productos Feed Pro adem\u00e1s de sus competidores es su notable capacidad para programar las actualizaciones autom\u00e1ticas sin problemas, al tiempo que proporciona a los usuarios la invaluable capacidad de monitorear diligentemente el rendimiento de su feed a trav\u00e9s de informes muy detallados. Adem\u00e1s, esta extraordinaria soluci\u00f3n de software impresiona a\u00fan m\u00e1s con su impresionante nivel de opciones de personalizaci\u00f3n, brindando a los usuarios la capacidad de agrupar y filtrar productos sin esfuerzo, integrar sin problemas campos y etiquetas personalizados, e incluso generar reglas de precios din\u00e1micos. En \u00faltima instancia, el prop\u00f3sito central innegable del cat\u00e1logo de productos Feed Pro es optimizar irrefutablemente el proceso a menudo complejo y lento de gesti\u00f3n y optimizaci\u00f3n de alimentos de productos, lo que resulta en una presencia en l\u00ednea notablemente mejorada y, lo que es m\u00e1s importante, un aumento notable en las ventas e ingresos para su estimado negocio.<\/p>\n<ul>\n<li>Agiliza el proceso de creaci\u00f3n y mantenimiento de una alimentaci\u00f3n de cat\u00e1logo de productos<\/li>\n<li>Se sincroniza autom\u00e1ticamente con su plataforma de comercio electr\u00f3nico para garantizar informaci\u00f3n precisa y actualizada del producto<\/li>\n<li>Los campos personalizables permiten que los alimentos a medida satisfagan las necesidades de publicidad o marketing espec\u00edficas<\/li>\n<li>Admite m\u00faltiples formatos de archivo que incluyen CSV, XML y JSON<\/li>\n<li>Genera un feed organizado y f\u00e1cil de usar para una f\u00e1cil integraci\u00f3n con varios canales publicitarios como Google Shopping, Facebook ADS y Amazon<\/li>\n<li>Proporciona retroalimentaci\u00f3n en tiempo real sobre el rendimiento de la alimentaci\u00f3n, lo que permite ajustes y optimizaciones r\u00e1pidas<\/li>\n<li>Reduce el error humano y el tiempo dedicado a las actualizaciones manuales de alimentaci\u00f3n, liberando recursos para otras tareas importantes<\/li>\n<li>Opciones de precios flexibles para adaptarse a negocios de todos los tama\u00f1os y necesidades.<\/li>\n<\/ul>\n","protected":false},"excerpt":{"rendered":"<p>El cat\u00e1logo de productos Feed Pro es una herramienta incre\u00edblemente robusta y poderosa que ha sido dise\u00f1ada espec\u00edficamente para proporcionar a las empresas la capacidad de administrar y manejar eficientemente sus vastos cat\u00e1logos de productos. Utilizando este software excepcional, los usuarios pueden generar, modificar y exportar sus listados de productos a una multitud de diversos mercados y sitios web, lo que resulta en ahorros significativos de tiempo y esfuerzo. Adem\u00e1s, el cat\u00e1logo de productos Feed Pro cuenta con una extensa gama de caracter\u00edsticas altamente avanzadas, que incluyen, entre otros, asignaciones autom\u00e1ticas, una variedad de opciones de filtrado avanzadas, integraci\u00f3n perfecta con plataformas de comercio electr\u00f3nico ampliamente populares, as\u00ed como la notable capacidad de sincronizaci\u00f3n en tiempo real en tiempo real. . Independientemente de si uno tiene la tarea de la gesti\u00f3n de una tienda en l\u00ednea relativamente modesta o una operaci\u00f3n comercial considerablemente a gran escala, la conveniencia y efectividad incomparables proporcionadas por el cat\u00e1logo de productos Feed Pro garantiza que llegar a clientes valiosos y lograr un crecimiento considerable de ventas es un Endeavour que est\u00e1 aerodin\u00e1mico y simplificado.<\/p>\n","protected":false},"featured_media":168852,"comment_status":"open","ping_status":"open","template":"","meta":[],"product_brand":[2531],"product_cat":[1232,1206,1211],"product_tag":[1352],"class_list":{"0":"post-138729","1":"product","2":"type-product","3":"status-publish","4":"has-post-thumbnail","6":"product_brand-pixelyoursite","7":"product_cat-marketing-wordpress-plugins","8":"product_cat-plugins","9":"product_cat-wordpress-plugins","10":"product_tag-pixelyoursite","11":"member-discount","12":"discount-restricted","14":"first","15":"instock","16":"sale","17":"downloadable","18":"virtual","19":"sold-individually","20":"purchasable","21":"product-type-simple"},"_links":{"self":[{"href":"https:\/\/gpl-love.com\/es\/wp-json\/wp\/v2\/product\/138729","targetHints":{"allow":["GET"]}}],"collection":[{"href":"https:\/\/gpl-love.com\/es\/wp-json\/wp\/v2\/product"}],"about":[{"href":"https:\/\/gpl-love.com\/es\/wp-json\/wp\/v2\/types\/product"}],"replies":[{"embeddable":true,"href":"https:\/\/gpl-love.com\/es\/wp-json\/wp\/v2\/comments?post=138729"}],"wp:featuredmedia":[{"embeddable":true,"href":"https:\/\/gpl-love.com\/es\/wp-json\/wp\/v2\/media\/168852"}],"wp:attachment":[{"href":"https:\/\/gpl-love.com\/es\/wp-json\/wp\/v2\/media?parent=138729"}],"wp:term":[{"taxonomy":"product_brand","embeddable":true,"href":"https:\/\/gpl-love.com\/es\/wp-json\/wp\/v2\/product_brand?post=138729"},{"taxonomy":"product_cat","embeddable":true,"href":"https:\/\/gpl-love.com\/es\/wp-json\/wp\/v2\/product_cat?post=138729"},{"taxonomy":"product_tag","embeddable":true,"href":"https:\/\/gpl-love.com\/es\/wp-json\/wp\/v2\/product_tag?post=138729"}],"curies":[{"name":"wp","href":"https:\/\/api.w.org\/{rel}","templated":true}]}}