{"id":138598,"date":"2025-01-07T00:00:00","date_gmt":"2025-01-07T05:00:00","guid":{"rendered":"https:\/\/gpl-love.com\/es\/producto\/tutorgo-education-theme\/"},"modified":"2026-03-13T17:35:59","modified_gmt":"2026-03-13T22:35:59","slug":"tutorgo-education-theme","status":"publish","type":"product","link":"https:\/\/gpl-love.com\/es\/producto\/tutorgo-education-theme\/","title":{"rendered":"Tutorgo Education Theme 1.0.2"},"content":{"rendered":"<h3>Tutorgo Education Theme Caracteristicas<\/h3>\n<p>El tema de la educaci\u00f3n Tutorgo se presenta como una herramienta excepcionalmente robusta y adaptable, dise\u00f1ada espec\u00edficamente para satisfacer los requisitos de educadores, tutores e instituciones educativas que buscan exhibir sus cursos y servicios con la m\u00e1xima profesionalidad. Su dise\u00f1o pr\u00edstino y contempor\u00e1neo sirve como base para una multitud de opciones personalizadas, lo que permite la creaci\u00f3n de una presencia en l\u00ednea inigualable. Adem\u00e1s, el tema cuenta con plena capacidad de respuesta, asegurando que su sitio web exude excelencia independientemente del dispositivo desde el que se acceda. Por lo tanto, ya sea que aspira a reforzar sus servicios de tutor\u00eda o se embarca en el viaje de lanzar un curso en l\u00ednea, el tema de la educaci\u00f3n de tutorgo es la soluci\u00f3n definitiva.<\/p>\n<ul>\n<li>Tema educativo integral para WordPress<\/li>\n<li>Dise\u00f1o personalizable con m\u00faltiples opciones de color<\/li>\n<li>Caracter\u00edsticas incorporadas para crear cursos y materiales de aprendizaje en l\u00ednea<\/li>\n<li>Integraci\u00f3n con complementos populares como WooCommerce y LearnPress<\/li>\n<li>Builizador de p\u00e1gina de arrastrar y soltar para personalizaciones f\u00e1ciles<\/li>\n<li>Dise\u00f1o de respuesta m\u00f3vil para una visualizaci\u00f3n \u00f3ptima en todas las pantallas<\/li>\n<li>C\u00f3digo amigable para SEO para una mejor visibilidad del motor de b\u00fasqueda<\/li>\n<li>Compatibilidad de navegador cruzado para un rendimiento sin problemas en todas las plataformas<\/li>\n<li>Equipo de soporte dedicado disponible para ayudar con cualquier pregunta o problema<\/li>\n<li>Actualizaciones regulares con nuevas caracter\u00edsticas y mejoras para mantener el tema actual y funcional.<\/li>\n<\/ul>\n","protected":false},"excerpt":{"rendered":"<p>El tema de la educaci\u00f3n de Tutorgo es un tema de WordPress excepcionalmente flexible y f\u00e1cil de usar que ha sido dise\u00f1ado espec\u00edficamente para satisfacer las necesidades \u00fanicas de los sitios web educativos. Este tema cuenta con un dise\u00f1o elegante y contempor\u00e1neo que muestra sin esfuerzo su valioso contenido de una manera sofisticada y profesional. Adem\u00e1s, se completa con una variedad de plantillas predise\u00f1adas meticulosamente elaboradas que han sido cuidadosamente dise\u00f1adas para atender los diversos requisitos de instituciones educativas como universidades, cursos en l\u00ednea, escuelas y servicios de tutor\u00eda. Adem\u00e1s, el tema de la educaci\u00f3n del tutorgo tambi\u00e9n abarca una gran cantidad de caracter\u00edsticas esenciales que son fundamentales para establecer una presencia en l\u00ednea formidable, que incluye, entre otros, presentaciones de diapositivas personalizables, integraci\u00f3n de redes sociales sin problemas y un dise\u00f1o excepcionalmente adaptativo y receptivo que se adapta perfectamente a una mir\u00edada de una mir\u00edada de dispositivos. En esencia, el tema de la educaci\u00f3n tutorgo indudablemente surge como la elecci\u00f3n definitiva para los educadores que aspiran a dejar una impresi\u00f3n duradera en el panorama digital en constante expansi\u00f3n.<\/p>\n","protected":false},"featured_media":168851,"comment_status":"open","ping_status":"open","template":"","meta":[],"product_brand":[2337],"product_cat":[1267,1237,1238],"product_tag":[1391],"class_list":{"0":"post-138598","1":"product","2":"type-product","3":"status-publish","4":"has-post-thumbnail","6":"product_brand-themeforest","7":"product_cat-creativo","8":"product_cat-temas","9":"product_cat-wordpress-temas","10":"product_tag-themeforest","11":"member-discount","12":"discount-restricted","14":"first","15":"instock","16":"sale","17":"downloadable","18":"virtual","19":"sold-individually","20":"purchasable","21":"product-type-simple"},"_links":{"self":[{"href":"https:\/\/gpl-love.com\/es\/wp-json\/wp\/v2\/product\/138598","targetHints":{"allow":["GET"]}}],"collection":[{"href":"https:\/\/gpl-love.com\/es\/wp-json\/wp\/v2\/product"}],"about":[{"href":"https:\/\/gpl-love.com\/es\/wp-json\/wp\/v2\/types\/product"}],"replies":[{"embeddable":true,"href":"https:\/\/gpl-love.com\/es\/wp-json\/wp\/v2\/comments?post=138598"}],"wp:featuredmedia":[{"embeddable":true,"href":"https:\/\/gpl-love.com\/es\/wp-json\/wp\/v2\/media\/168851"}],"wp:attachment":[{"href":"https:\/\/gpl-love.com\/es\/wp-json\/wp\/v2\/media?parent=138598"}],"wp:term":[{"taxonomy":"product_brand","embeddable":true,"href":"https:\/\/gpl-love.com\/es\/wp-json\/wp\/v2\/product_brand?post=138598"},{"taxonomy":"product_cat","embeddable":true,"href":"https:\/\/gpl-love.com\/es\/wp-json\/wp\/v2\/product_cat?post=138598"},{"taxonomy":"product_tag","embeddable":true,"href":"https:\/\/gpl-love.com\/es\/wp-json\/wp\/v2\/product_tag?post=138598"}],"curies":[{"name":"wp","href":"https:\/\/api.w.org\/{rel}","templated":true}]}}