{"id":138596,"date":"2024-02-12T00:00:00","date_gmt":"2024-02-12T05:00:00","guid":{"rendered":"https:\/\/gpl-love.com\/es\/producto\/auntri-industry-y-factory-theme\/"},"modified":"2026-03-13T17:35:59","modified_gmt":"2026-03-13T22:35:59","slug":"auntri-industry-y-factory-theme","status":"publish","type":"product","link":"https:\/\/gpl-love.com\/es\/producto\/auntri-industry-y-factory-theme\/","title":{"rendered":"Auntri Industry y Factory Theme 1.0.4"},"content":{"rendered":"<h3>Auntri Industry y Factory Theme Caracteristicas<\/h3>\n<p>El tema de la industria y la f\u00e1brica de Auntri, con su dise\u00f1o vers\u00e1til y profesional, es un tema de WordPress que tiene como objetivo ayudar a las empresas a mostrar efectivamente sus capacidades industriales y de fabricaci\u00f3n. Este tema ha sido meticulosamente elaborado para acentuar las fortalezas y activos de las f\u00e1bricas, las plantas de fabricaci\u00f3n y otras empresas industriales, con una est\u00e9tica elegante y moderna. Ofreciendo una amplia gama de caracter\u00edsticas potentes, como dise\u00f1os personalizables, m\u00faltiples variaciones de la p\u00e1gina de inicio y opciones de personalizaci\u00f3n avanzada, la industria de AUNTRI y el tema de la f\u00e1brica garantiza una presencia en l\u00ednea refinada y dise\u00f1ada por expertos para su negocio. Ya sea que su objetivo es exhibir sus productos, enfatizar sus servicios o simplemente establecer una presencia en l\u00ednea robusta, la industria de AUNTRI y el tema de la f\u00e1brica sirven como la soluci\u00f3n definitiva para las empresas industriales, independientemente de su escala.<\/p>\n<ul>\n<li>Tema de WordPress de la industria y f\u00e1brica dise\u00f1ada y de f\u00e1brica dise\u00f1ada profesionalmente<\/li>\n<li>Amplia gama de p\u00e1ginas y secciones preconstruidas para exhibir su negocio de fabricaci\u00f3n, producci\u00f3n o ingenier\u00eda<\/li>\n<li>Opciones de dise\u00f1o avanzado Choose de varias plantillas diferentes de encabezado y pie de p\u00e1gina, y use nuestro creador de p\u00e1ginas de arrastrar y soltar para crear dise\u00f1os de p\u00e1gina personalizados \u00fanicos<\/li>\n<li>Las caracter\u00edsticas comerciales esenciales incluidas, como testimonios, tablas de precios, perfiles de miembros del equipo y formularios de contacto funcional<\/li>\n<li>Dise\u00f1o totalmente receptivo y amigable con los dispositivos m\u00f3viles, asegurando que su sitio se vea muy bien en cualquier dispositivo<\/li>\n<li>Panel integral de opciones de tema, lo que le permite controlar cada aspecto del dise\u00f1o y la funcionalidad de su sitio<\/li>\n<li>SEO optimizado para una mejor visibilidad y clasificaci\u00f3n de motores de b\u00fasqueda<\/li>\n<li>Viene incluido con varios complementos de WordPress premium para la funcionalidad ampliada<\/li>\n<li>Construido sobre est\u00e1ndares de codificaci\u00f3n modernos para un rendimiento m\u00e1s r\u00e1pido y optimizado<\/li>\n<li>Atenci\u00f3n al cliente dedicada y actualizaciones de temas regulares<\/li>\n<\/ul>\n","protected":false},"excerpt":{"rendered":"<p>El tema de la industria y la f\u00e1brica de AuTri es un tema de WordPress exquisitamente elaborado que encarna una est\u00e9tica sofisticada y pulida, meticulosamente adaptada para satisfacer las necesidades \u00fanicas de las empresas que operan dentro de los dominios de fabricaci\u00f3n e industrial. Su dise\u00f1o exuda una sensaci\u00f3n de elegancia pr\u00edstina, caracterizada por un dise\u00f1o contempor\u00e1neo que combina perfectamente la forma y el funcionamiento. Este tema cuenta con una impresionante gama de opciones personalizables, que brinda a los usuarios la capacidad de personalizar sus secciones de encabezado y pie de p\u00e1gina de acuerdo con sus preferencias. Adem\u00e1s, su versatilidad se extiende a\u00fan m\u00e1s, proporcionando alternativas flexibles para exhibir productos, servicios y miembros del equipo. No se puede pasar por alto el hecho de que la industria de AUNTRI y el tema de f\u00e1brica ofrecen funcionalidades avanzadas orientadas a optimizar las clasificaciones de motores de b\u00fasqueda, facilitar la integraci\u00f3n perfecta con las plataformas de redes sociales y garantizar una adaptabilidad impecable en varios dispositivos m\u00f3viles. Como resultado, las empresas industriales exigentes que buscan establecer una presencia en l\u00ednea robusta y dominante sin duda encontrar\u00e1n consuelo en este notable tema.<\/p>\n","protected":false},"featured_media":168850,"comment_status":"open","ping_status":"open","template":"","meta":[],"product_brand":[2337],"product_cat":[1307,1237,1238],"product_tag":[1391],"class_list":{"0":"post-138596","1":"product","2":"type-product","3":"status-publish","4":"has-post-thumbnail","6":"product_brand-themeforest","7":"product_cat-negocio-wordpress-temas","8":"product_cat-temas","9":"product_cat-wordpress-temas","10":"product_tag-themeforest","11":"member-discount","12":"discount-restricted","14":"first","15":"instock","16":"sale","17":"downloadable","18":"virtual","19":"sold-individually","20":"purchasable","21":"product-type-simple"},"_links":{"self":[{"href":"https:\/\/gpl-love.com\/es\/wp-json\/wp\/v2\/product\/138596","targetHints":{"allow":["GET"]}}],"collection":[{"href":"https:\/\/gpl-love.com\/es\/wp-json\/wp\/v2\/product"}],"about":[{"href":"https:\/\/gpl-love.com\/es\/wp-json\/wp\/v2\/types\/product"}],"replies":[{"embeddable":true,"href":"https:\/\/gpl-love.com\/es\/wp-json\/wp\/v2\/comments?post=138596"}],"wp:featuredmedia":[{"embeddable":true,"href":"https:\/\/gpl-love.com\/es\/wp-json\/wp\/v2\/media\/168850"}],"wp:attachment":[{"href":"https:\/\/gpl-love.com\/es\/wp-json\/wp\/v2\/media?parent=138596"}],"wp:term":[{"taxonomy":"product_brand","embeddable":true,"href":"https:\/\/gpl-love.com\/es\/wp-json\/wp\/v2\/product_brand?post=138596"},{"taxonomy":"product_cat","embeddable":true,"href":"https:\/\/gpl-love.com\/es\/wp-json\/wp\/v2\/product_cat?post=138596"},{"taxonomy":"product_tag","embeddable":true,"href":"https:\/\/gpl-love.com\/es\/wp-json\/wp\/v2\/product_tag?post=138596"}],"curies":[{"name":"wp","href":"https:\/\/api.w.org\/{rel}","templated":true}]}}