{"id":138560,"date":"2025-03-02T00:00:00","date_gmt":"2025-03-02T05:00:00","guid":{"rendered":"https:\/\/gpl-love.com\/es\/producto\/efpose-blog-y-newspaper-theme\/"},"modified":"2026-03-13T17:35:58","modified_gmt":"2026-03-13T22:35:58","slug":"efpose-blog-y-newspaper-theme","status":"publish","type":"product","link":"https:\/\/gpl-love.com\/es\/producto\/efpose-blog-y-newspaper-theme\/","title":{"rendered":"Efpose Blog y Newspaper Theme 2.1.7"},"content":{"rendered":"<h3>Efpose Blog y Newspaper Theme Caracteristicas<\/h3>\n<p>El blog de EFPose y el tema de los peri\u00f3dicos encarna un tema innovador y de vanguardia de WordPress, repleto de dinamismo y contemporaneidad, que atiende perfectamente a las diversas necesidades de blogueros y editores por igual. Con un dise\u00f1o elegante y sofisticado, acompa\u00f1ado de una gran cantidad de opciones personalizables, este tema le permite dise\u00f1ar un sitio web sin esfuerzo que exude profesionalismo, sin dejar de ser accesible y cautivador. Ya sea que sea un \u00e1vido blogger, anhelando difundir sus ideas invaluables e historias cautivadoras, o un estimado editor, ansioso por hacer alarde de sus \u00faltimas primicias y noticias, este tema le otorga una variedad de caracter\u00edsticas y funcionalidades indispensables, indispensables por una triunfante presencia en l\u00ednea. . Con su adaptabilidad innata, ajust\u00e1ndose a la perfecci\u00f3n a varios tama\u00f1os de pantalla y su optimizaci\u00f3n de motores de b\u00fasqueda de competencia competente, el blog de EFPose y el tema del peri\u00f3dico sirven como la soluci\u00f3n por excelencia para cualquier nicho o industria, proporcion\u00e1ndole una plataforma inigualable para cautivar y involucrar a su objetivo a su objetivo su objetivo audiencia.<\/p>\n<ul>\n<li>Adecuado para uso personal y profesional<\/li>\n<li>Ideal para bloggers, periodistas, peri\u00f3dicos y revistas en l\u00ednea<\/li>\n<li>Panel de opciones de tema integral para personalizar el dise\u00f1o, las fuentes, los colores<\/li>\n<li>Optimizado para el SEO para mejorar la clasificaci\u00f3n de la visibilidad en l\u00ednea y los motores de b\u00fasqueda<\/li>\n<li>Sistema de gesti\u00f3n de publicidad incorporada para monetizar el sitio web<\/li>\n<li>Opciones integradas de intercambio de redes sociales para aumentar el compromiso y el alcance<\/li>\n<li>Dise\u00f1o totalmente receptivo y amigable para los dispositivos m\u00f3viles para garantizar una experiencia de navegaci\u00f3n perfecta en todos los dispositivos<\/li>\n<li>Compatible con complementos populares como el formulario de contacto 7, WPForms y MailChimp<\/li>\n<li>Flexible y vers\u00e1til con m\u00faltiples formatos de publicaci\u00f3n, widgets personalizados y plantillas de p\u00e1gina<\/li>\n<li>Actualizaciones regulares y soporte del desarrollador para una funcionalidad ininterrumpida.<\/li>\n<\/ul>\n","protected":false},"excerpt":{"rendered":"<p>El tema de WordPress conocido como Efpose se ha creado espec\u00edficamente para bloggers y peri\u00f3dicos en l\u00ednea, que ofrece una combinaci\u00f3n de estilo y versatilidad. Su dise\u00f1o moderno y limpio permite la presentaci\u00f3n visualmente agradable de contenido, al tiempo que garantiza una experiencia de usuario perfecta para los lectores. En particular, este tema cuenta con una p\u00e1gina de inicio personalizable, varios dise\u00f1os posteriores, configuraciones de tipograf\u00eda avanzada y compatibilidad completa con el editor de WordPress Gutenberg. Adem\u00e1s, EFPose es totalmente receptivo, asegurando una visualizaci\u00f3n \u00f3ptima en los dispositivos m\u00f3viles, y se ha optimizado para fines de SEO, garantizando una clasificaci\u00f3n favorable en los motores de b\u00fasqueda. Ya sea que las aspiraciones de uno implicen el lanzamiento de un blog personal o la construcci\u00f3n de un sitio web de noticias profesionales, EFpose proporciona todas las herramientas y caracter\u00edsticas necesarias para el \u00e9xito en l\u00ednea.<\/p>\n","protected":false},"featured_media":168849,"comment_status":"open","ping_status":"open","template":"","meta":[],"product_brand":[2337],"product_cat":[1245,1237,1238],"product_tag":[1391],"class_list":{"0":"post-138560","1":"product","2":"type-product","3":"status-publish","4":"has-post-thumbnail","6":"product_brand-themeforest","7":"product_cat-blog-revista","8":"product_cat-temas","9":"product_cat-wordpress-temas","10":"product_tag-themeforest","11":"member-discount","12":"discount-restricted","14":"first","15":"instock","16":"sale","17":"downloadable","18":"virtual","19":"sold-individually","20":"purchasable","21":"product-type-simple"},"_links":{"self":[{"href":"https:\/\/gpl-love.com\/es\/wp-json\/wp\/v2\/product\/138560","targetHints":{"allow":["GET"]}}],"collection":[{"href":"https:\/\/gpl-love.com\/es\/wp-json\/wp\/v2\/product"}],"about":[{"href":"https:\/\/gpl-love.com\/es\/wp-json\/wp\/v2\/types\/product"}],"replies":[{"embeddable":true,"href":"https:\/\/gpl-love.com\/es\/wp-json\/wp\/v2\/comments?post=138560"}],"wp:featuredmedia":[{"embeddable":true,"href":"https:\/\/gpl-love.com\/es\/wp-json\/wp\/v2\/media\/168849"}],"wp:attachment":[{"href":"https:\/\/gpl-love.com\/es\/wp-json\/wp\/v2\/media?parent=138560"}],"wp:term":[{"taxonomy":"product_brand","embeddable":true,"href":"https:\/\/gpl-love.com\/es\/wp-json\/wp\/v2\/product_brand?post=138560"},{"taxonomy":"product_cat","embeddable":true,"href":"https:\/\/gpl-love.com\/es\/wp-json\/wp\/v2\/product_cat?post=138560"},{"taxonomy":"product_tag","embeddable":true,"href":"https:\/\/gpl-love.com\/es\/wp-json\/wp\/v2\/product_tag?post=138560"}],"curies":[{"name":"wp","href":"https:\/\/api.w.org\/{rel}","templated":true}]}}