{"id":138558,"date":"2024-11-18T00:00:00","date_gmt":"2024-11-18T05:00:00","guid":{"rendered":"https:\/\/gpl-love.com\/es\/producto\/waretech-it-solutions-y-technology-theme\/"},"modified":"2026-03-13T17:35:57","modified_gmt":"2026-03-13T22:35:57","slug":"waretech-it-solutions-y-technology-theme","status":"publish","type":"product","link":"https:\/\/gpl-love.com\/es\/producto\/waretech-it-solutions-y-technology-theme\/","title":{"rendered":"Waretech IT Solutions y Technology Theme 1.0.9"},"content":{"rendered":"<h3>Waretech IT Solutions y Technology Theme Caracteristicas<\/h3>\n<p>El tema de las soluciones y la tecnolog\u00eda de Waretech IT es un producto excepcional que ha sido meticulosamente elaborado para satisfacer las necesidades y requisitos de las empresas, lo que les permite exhibir de manera efectiva su destreza en el \u00e1mbito de la tecnolog\u00eda. Exhibiendo un dise\u00f1o sofisticado y de vanguardia, este tema est\u00e1 hecho a medida para las empresas que operan dentro de la industria de TI, ofreciendo una amplia gama de caracter\u00edsticas que garantizan una presencia en l\u00ednea notable y profesional. Sorprendentemente vers\u00e1til, este tema cuenta con una gran cantidad de opciones personalizables, que abarca una variedad de opciones para logotipos, esquemas de color y dise\u00f1os. Adem\u00e1s, se ha optimizado diligentemente para atender las exigencias de los algoritmos de los motores de b\u00fasqueda, asegurando as\u00ed que su negocio asegure sin esfuerzo la visibilidad y la prominencia entre la clientela potencial. Al adoptar este tema, puede crear sin esfuerzo un sitio web visualmente cautivador que captura y retrata la destreza, la destreza y la experiencia de su organizaci\u00f3n en el reino expansivo de la tecnolog\u00eda.<\/p>\n<ul>\n<li>Dise\u00f1o profesional y elegante perfecto para exhibir soluciones de TI y servicios de tecnolog\u00eda<\/li>\n<li>El dise\u00f1o y las opciones de color totalmente personalizables permiten la marca personalizada<\/li>\n<li>Optimizado para todos los dispositivos, incluida la capacidad de respuesta m\u00f3vil para la visualizaci\u00f3n<\/li>\n<li>Navegaci\u00f3n intuitiva y caracter\u00edsticas f\u00e1ciles de usar para una experiencia de usuario mejorada<\/li>\n<li>Incluye p\u00e1ginas preconstruidas para servicios de exhibici\u00f3n, miembros del equipo y testimonios<\/li>\n<li>Se integra con complementos y herramientas populares, como constructores de p\u00e1ginas y feeds de redes sociales<\/li>\n<li>Construido con c\u00f3digo limpio y eficiente para una carga r\u00e1pida y un rendimiento \u00f3ptimo de SEO<\/li>\n<li>Incluye documentaci\u00f3n detallada y soporte de expertos para una f\u00e1cil configuraci\u00f3n y personalizaci\u00f3n.<\/li>\n<li>Actualizaciones y mejoras peri\u00f3dicas para garantizar la funcionalidad y compatibilidad continuas con las nuevas tecnolog\u00edas<\/li>\n<li>Compatible con los principales navegadores para una mejor visibilidad y accesibilidad en m\u00faltiples plataformas.<\/li>\n<\/ul>\n","protected":false},"excerpt":{"rendered":"<p>Waretech IT Solutions and Technology Theme es una plantilla de sitio web exquisitamente dise\u00f1ada y contempor\u00e1nea meticulosamente adaptada para atender espec\u00edficamente a las empresas que operan dentro de la industria de la tecnolog\u00eda. Cuenta con un dise\u00f1o visual y pulido que acent\u00faa efectivamente la destreza de sus productos y servicios a trav\u00e9s de sus men\u00fas y secciones navegables sin esfuerzo. Este tema le proporciona un nivel de personalizaci\u00f3n incomparable, lo que le permite personalizarlo de acuerdo con la identidad \u00fanica de su marca implementando su esquema de color deseado, fuentes y gr\u00e1ficos. Adem\u00e1s, gracias a su dise\u00f1o receptivo, su sitio web se adaptar\u00e1 sin esfuerzo a cualquier dispositivo, ya sea una computadora de escritorio convencional, una tableta elegante o un tel\u00e9fono inteligente de vanguardia. Eleve su presencia en l\u00ednea y mejore su huella digital adoptando el tema de la tecnolog\u00eda y las soluciones de TI de Waretech.<\/p>\n","protected":false},"featured_media":168848,"comment_status":"open","ping_status":"open","template":"","meta":[],"product_brand":[2337],"product_cat":[1307,1237,1238],"product_tag":[1391],"class_list":{"0":"post-138558","1":"product","2":"type-product","3":"status-publish","4":"has-post-thumbnail","6":"product_brand-themeforest","7":"product_cat-negocio-wordpress-temas","8":"product_cat-temas","9":"product_cat-wordpress-temas","10":"product_tag-themeforest","11":"member-discount","12":"discount-restricted","14":"first","15":"instock","16":"sale","17":"downloadable","18":"virtual","19":"sold-individually","20":"purchasable","21":"product-type-simple"},"_links":{"self":[{"href":"https:\/\/gpl-love.com\/es\/wp-json\/wp\/v2\/product\/138558","targetHints":{"allow":["GET"]}}],"collection":[{"href":"https:\/\/gpl-love.com\/es\/wp-json\/wp\/v2\/product"}],"about":[{"href":"https:\/\/gpl-love.com\/es\/wp-json\/wp\/v2\/types\/product"}],"replies":[{"embeddable":true,"href":"https:\/\/gpl-love.com\/es\/wp-json\/wp\/v2\/comments?post=138558"}],"wp:featuredmedia":[{"embeddable":true,"href":"https:\/\/gpl-love.com\/es\/wp-json\/wp\/v2\/media\/168848"}],"wp:attachment":[{"href":"https:\/\/gpl-love.com\/es\/wp-json\/wp\/v2\/media?parent=138558"}],"wp:term":[{"taxonomy":"product_brand","embeddable":true,"href":"https:\/\/gpl-love.com\/es\/wp-json\/wp\/v2\/product_brand?post=138558"},{"taxonomy":"product_cat","embeddable":true,"href":"https:\/\/gpl-love.com\/es\/wp-json\/wp\/v2\/product_cat?post=138558"},{"taxonomy":"product_tag","embeddable":true,"href":"https:\/\/gpl-love.com\/es\/wp-json\/wp\/v2\/product_tag?post=138558"}],"curies":[{"name":"wp","href":"https:\/\/api.w.org\/{rel}","templated":true}]}}