{"id":138556,"date":"2023-03-19T00:00:00","date_gmt":"2023-03-19T05:00:00","guid":{"rendered":"https:\/\/gpl-love.com\/es\/producto\/edumart-education-theme\/"},"modified":"2026-03-13T17:35:56","modified_gmt":"2026-03-13T22:35:56","slug":"edumart-education-theme","status":"publish","type":"product","link":"https:\/\/gpl-love.com\/es\/producto\/edumart-education-theme\/","title":{"rendered":"Edumart Education Theme 1.0"},"content":{"rendered":"<h3>Edumart Education Theme Caracteristicas<\/h3>\n<p>El tema de la educaci\u00f3n de EduMart, un tema de WordPress meticulosamente dise\u00f1ado con el prop\u00f3sito de servir a instituciones educativas como escuelas, universidades y cursos en l\u00ednea, cuenta con una variedad de caracter\u00edsticas impecables que facilitan sin esfuerzo la administraci\u00f3n de materiales del curso, horarios y datos de estudiantes para educadores y educadores y educadores Administradores por igual. Este tema exhibe un dise\u00f1o elegante y contempor\u00e1neo que es totalmente receptivo, lo que garantiza una apariencia est\u00e9ticamente agradable en cualquier dispositivo electr\u00f3nico. Adem\u00e1s, incluye esquemas de color personalizables, plantillas de p\u00e1gina y un constructor de p\u00e1ginas de arrastrar y soltar, lo que permite la creaci\u00f3n de dise\u00f1os de p\u00e1gina distintivos sin la necesidad de ninguna experiencia de codificaci\u00f3n. Con su interfaz f\u00e1cil de usar y su funcionalidad robusta, el tema Education Edumart sirve como la selecci\u00f3n \u00f3ptima para aquellos que buscan dise\u00f1ar un sitio web profesional e impactante para su estimada instituci\u00f3n educativa.<\/p>\n<ul>\n<li>Tema de educaci\u00f3n premium dise\u00f1ado para instituciones educativas, aprendizaje en l\u00ednea y sitios web de tutor\u00eda<\/li>\n<li>El dise\u00f1o receptivo asegura que el tema se vea genial en todos los dispositivos<\/li>\n<li>Altamente personalizable, con una amplia gama de opciones para esquemas de color, opciones de fuente y estilos de dise\u00f1o<\/li>\n<li>Viene con plantillas de p\u00e1gina preconstruidas para p\u00e1gina de inicio, cursos, eventos, galer\u00edas y m\u00e1s<\/li>\n<li>La funci\u00f3n de b\u00fasqueda avanzada permite a los usuarios encontrar f\u00e1cilmente los cursos o la informaci\u00f3n que necesitan<\/li>\n<li>El sistema de reserva integrado facilita que los usuarios se registren en cursos o eventos<\/li>\n<li>Apoya m\u00faltiples idiomas, por lo que es una excelente opci\u00f3n para las escuelas e instituciones con diversas poblaciones de estudiantes.<\/li>\n<li>F\u00e1cil de usar y mantener, con documentaci\u00f3n clara y soporte dedicado del equipo de Edumart<\/li>\n<li>Compatible con una amplia gama de complementos, incluidos WooCommerce, MailChimp y m\u00e1s<\/li>\n<li>Las actualizaciones y mejoras peri\u00f3dicas aseguran que el tema se mantenga actualizado con las \u00faltimas tendencias de dise\u00f1o web y las mejores pr\u00e1cticas.<\/li>\n<\/ul>\n","protected":false},"excerpt":{"rendered":"<p>Estamos entusiasmados de presentar el tema Education Edumart, una opci\u00f3n excepcional para las instituciones educativas que buscan desarrollar un sitio web que sea sofisticado y cautivador. La interfaz de este tema est\u00e1 dise\u00f1ada para ser f\u00e1cil de usar, lo que permite una experiencia perfecta en personalizaci\u00f3n y proporciona una multitud de caracter\u00edsticas robustas. El tema Education EduMart abarca todos los elementos necesarios para resaltar efectivamente su escuela u organizaci\u00f3n, incluida la capacidad de exhibir sin esfuerzo listados de cursos, perfiles de la facultad, testimonios de estudiantes y mucho m\u00e1s. Adem\u00e1s, su dise\u00f1o receptivo garantiza que su sitio web mantenga una apariencia impresionante en todo tipo de dispositivos. Eleve su sitio web de educaci\u00f3n a nuevas alturas implementando el tema Education EduMart.<\/p>\n","protected":false},"featured_media":168847,"comment_status":"open","ping_status":"open","template":"","meta":[],"product_brand":[2337],"product_cat":[1267,1237,1238],"product_tag":[1391],"class_list":{"0":"post-138556","1":"product","2":"type-product","3":"status-publish","4":"has-post-thumbnail","6":"product_brand-themeforest","7":"product_cat-creativo","8":"product_cat-temas","9":"product_cat-wordpress-temas","10":"product_tag-themeforest","11":"member-discount","12":"discount-restricted","14":"first","15":"instock","16":"sale","17":"downloadable","18":"virtual","19":"sold-individually","20":"purchasable","21":"product-type-simple"},"_links":{"self":[{"href":"https:\/\/gpl-love.com\/es\/wp-json\/wp\/v2\/product\/138556","targetHints":{"allow":["GET"]}}],"collection":[{"href":"https:\/\/gpl-love.com\/es\/wp-json\/wp\/v2\/product"}],"about":[{"href":"https:\/\/gpl-love.com\/es\/wp-json\/wp\/v2\/types\/product"}],"replies":[{"embeddable":true,"href":"https:\/\/gpl-love.com\/es\/wp-json\/wp\/v2\/comments?post=138556"}],"wp:featuredmedia":[{"embeddable":true,"href":"https:\/\/gpl-love.com\/es\/wp-json\/wp\/v2\/media\/168847"}],"wp:attachment":[{"href":"https:\/\/gpl-love.com\/es\/wp-json\/wp\/v2\/media?parent=138556"}],"wp:term":[{"taxonomy":"product_brand","embeddable":true,"href":"https:\/\/gpl-love.com\/es\/wp-json\/wp\/v2\/product_brand?post=138556"},{"taxonomy":"product_cat","embeddable":true,"href":"https:\/\/gpl-love.com\/es\/wp-json\/wp\/v2\/product_cat?post=138556"},{"taxonomy":"product_tag","embeddable":true,"href":"https:\/\/gpl-love.com\/es\/wp-json\/wp\/v2\/product_tag?post=138556"}],"curies":[{"name":"wp","href":"https:\/\/api.w.org\/{rel}","templated":true}]}}