{"id":138554,"date":"2024-12-02T00:00:00","date_gmt":"2024-12-02T05:00:00","guid":{"rendered":"https:\/\/gpl-love.com\/es\/producto\/marja-fashion-woocommerce-theme\/"},"modified":"2026-03-13T17:35:55","modified_gmt":"2026-03-13T22:35:55","slug":"marja-fashion-woocommerce-theme","status":"publish","type":"product","link":"https:\/\/gpl-love.com\/es\/producto\/marja-fashion-woocommerce-theme\/","title":{"rendered":"Marja Fashion WooCommerce Theme 1.0.4"},"content":{"rendered":"<h3>Marja Fashion WooCommerce Theme Caracteristicas<\/h3>\n<p>El tema de Marja Fashion WooCommerce, con su dise\u00f1o elegante y contempor\u00e1neo, ofrece a los minoristas de moda una notable plataforma de comercio electr\u00f3nico que mejora notablemente la experiencia de compra. Este tema excepcional ha sido meticulosamente optimizado para WooCommerce, lo que lo hace sin esfuerzo personalizable y manejable sin esfuerzo para su tienda en l\u00ednea. Con un dise\u00f1o inmaculado y cautivador, Marja Fashion demuestra ser la mejor soluci\u00f3n para exhibir sus productos y optimizar las ventas. Sus numerosas caracter\u00edsticas, como su dise\u00f1o altamente receptivo, capacidades avanzadas de filtrado de productos, funcionalidad conveniente de vista r\u00e1pida del producto y m\u00e1s, contribuyen a\u00fan m\u00e1s a su atractivo. Adem\u00e1s, el tema permite la personalizaci\u00f3n completa, brind\u00e1ndole la oportunidad de adaptar su sitio web para reflejar impecablemente el estilo distintivo de su marca. Enf\u00e1ticamente, Marja Fashion demuestra ser una opci\u00f3n impecable para discernir a los empresarios de moda que buscan trascender los l\u00edmites de su negocio de moda en l\u00ednea.<\/p>\n<ul>\n<li>Dise\u00f1o personalizable y receptivo<\/li>\n<li>Construido espec\u00edficamente para wooCommerce<\/li>\n<li>F\u00e1cil de instalar y usar<\/li>\n<li>Incluye plantillas preconstruidas y contenido de demostraci\u00f3n<\/li>\n<li>Documentaci\u00f3n y apoyo extenso<\/li>\n<li>Opciones integradas de intercambio de redes sociales<\/li>\n<li>Opciones de b\u00fasqueda y filtrado intuitivas<\/li>\n<li>Opciones de dise\u00f1o m\u00faltiples para p\u00e1ginas de inicio y p\u00e1ginas de productos<\/li>\n<li>Opciones de esquema de color m\u00faltiple<\/li>\n<li>Compatible con las populares extensiones de WooCommerce.<\/li>\n<\/ul>\n","protected":false},"excerpt":{"rendered":"<p>El tema de Marja Fashion WooCommerce es un tema excepcionalmente contempor\u00e1neo y exquisitamente dise\u00f1ado que atiende espec\u00edficamente a los sitios web de moda y ropa. Cuenta con una interfaz notablemente pulida y est\u00e9ticamente agradable, repleta de dise\u00f1os altamente receptivos y completamente personalizables que sin duda contribuir\u00e1n a la creaci\u00f3n de una tienda en l\u00ednea visualmente llamativa y excepcionalmente impresionante. Las p\u00e1ginas preinstaladas del tema, que abarcan una amplia gama de categor\u00edas, como productos, blogs y m\u00e1s, hacen que el tema de WooCommerce de moda Marja sea absolutamente ideal para cualquier minorista de moda m\u00e1s exigente que busque exhibir su mercanc\u00eda de una manera que sea profesionalmente refinada y elegante sofisticado. Adem\u00e1s, con su variedad pr\u00e1cticamente ilimitada de esquemas de color y selecciones de fuentes, Marja Fashion WooCommerce Temo permite la personalizaci\u00f3n perfecta de la identidad visual de su sitio web para alinearse sin problemas con su marca. \u00a1Abr\u00e1zcale hoy el potencial extraordinario del tema de WooCommerce de la moda Marja y presencie la mejora inequ\u00edvoca de su presencia en l\u00ednea!<\/p>\n","protected":false},"featured_media":168846,"comment_status":"open","ping_status":"open","template":"","meta":[],"product_brand":[2337],"product_cat":[1263,1264,1237],"product_tag":[1391],"class_list":{"0":"post-138554","1":"product","2":"type-product","3":"status-publish","4":"has-post-thumbnail","6":"product_brand-themeforest","7":"product_cat-comercio-electronico-temas","8":"product_cat-negocio","9":"product_cat-temas","10":"product_tag-themeforest","11":"member-discount","12":"discount-restricted","14":"first","15":"instock","16":"sale","17":"downloadable","18":"virtual","19":"sold-individually","20":"purchasable","21":"product-type-simple"},"_links":{"self":[{"href":"https:\/\/gpl-love.com\/es\/wp-json\/wp\/v2\/product\/138554","targetHints":{"allow":["GET"]}}],"collection":[{"href":"https:\/\/gpl-love.com\/es\/wp-json\/wp\/v2\/product"}],"about":[{"href":"https:\/\/gpl-love.com\/es\/wp-json\/wp\/v2\/types\/product"}],"replies":[{"embeddable":true,"href":"https:\/\/gpl-love.com\/es\/wp-json\/wp\/v2\/comments?post=138554"}],"wp:featuredmedia":[{"embeddable":true,"href":"https:\/\/gpl-love.com\/es\/wp-json\/wp\/v2\/media\/168846"}],"wp:attachment":[{"href":"https:\/\/gpl-love.com\/es\/wp-json\/wp\/v2\/media?parent=138554"}],"wp:term":[{"taxonomy":"product_brand","embeddable":true,"href":"https:\/\/gpl-love.com\/es\/wp-json\/wp\/v2\/product_brand?post=138554"},{"taxonomy":"product_cat","embeddable":true,"href":"https:\/\/gpl-love.com\/es\/wp-json\/wp\/v2\/product_cat?post=138554"},{"taxonomy":"product_tag","embeddable":true,"href":"https:\/\/gpl-love.com\/es\/wp-json\/wp\/v2\/product_tag?post=138554"}],"curies":[{"name":"wp","href":"https:\/\/api.w.org\/{rel}","templated":true}]}}