{"id":138552,"date":"2023-01-18T00:00:00","date_gmt":"2023-01-18T05:00:00","guid":{"rendered":"https:\/\/gpl-love.com\/es\/producto\/little-ones-one-page-children-daycare-theme\/"},"modified":"2026-03-13T17:35:54","modified_gmt":"2026-03-13T22:35:54","slug":"little-ones-one-page-children-daycare-theme","status":"publish","type":"product","link":"https:\/\/gpl-love.com\/es\/producto\/little-ones-one-page-children-daycare-theme\/","title":{"rendered":"Little Ones One Page Children Daycare Theme 1.0"},"content":{"rendered":"<h3>Little Ones One Page Children Daycare Theme Caracteristicas<\/h3>\n<p>El tema de la guarder\u00eda para ni\u00f1os de una p\u00e1gina de One Page demuestra ser una plantilla de sitio web incre\u00edblemente vers\u00e1til, meticulosamente elaborada para satisfacer las necesidades espec\u00edficas de los proveedores de servicios de guarder\u00eda que desean una presencia en l\u00ednea exquisita y f\u00e1cil de usar. El dise\u00f1o del tema es impecablemente elegante, con una deliciosa combinaci\u00f3n de l\u00edneas limpias y colores vibrantes. Este arreglo art\u00edstico le permite exhibir sin esfuerzo sus servicios e instalaciones de guarder\u00eda de una manera que est\u00e9 obligada a cautivar a los padres, facilitando su acceso sin problemas a la informaci\u00f3n relevante sobre su estimado negocio. El impresionante repertorio del tema abarca una mir\u00edada de secciones, cada uno de los cuales tiene un prop\u00f3sito distintivo, que incluye, entre otros, la p\u00e1gina de inicio, sobre nosotros, servicios, galer\u00eda y cont\u00e1ctenos. Adem\u00e1s, el tema es susceptible de personalizaci\u00f3n, lo que le permite adaptarlo precisamente a sus preferencias individuales, al tiempo que aprovecha el poder de la originalidad para construir un sitio web personalizado que genuinamente encarna la esencia de su marca. Vale la pena se\u00f1alar que la capacidad de respuesta del tema no tiene paralelo, lo que lo hace compatible sin esfuerzo con una extensa variedad de dispositivos, lo que garantiza la mayor accesibilidad a una audiencia significativamente ampliada. En consecuencia, es inequ\u00edvocamente innegable que los peque\u00f1os tema de guarder\u00eda de una p\u00e1gina de una p\u00e1gina representan una opci\u00f3n excepcional para cualquier profesional exigente que opere dentro de la industria de la guarder\u00eda, buscando reforzar su presencia en l\u00ednea y, a su vez, atraer a una clientela m\u00e1s amplia.<\/p>\n<ul>\n<li>Hermoso y atractivo tema de una p\u00e1gina para centros de cuidado infantil que atienden a los peque\u00f1os<\/li>\n<li>Compatible con plataformas populares de WordPress para facilitar la instalaci\u00f3n y personalizaci\u00f3n<\/li>\n<li>Presenta un esquema de color vibrante y juguet\u00f3n para atraer la atenci\u00f3n de los j\u00f3venes<\/li>\n<li>Incluye secciones predise\u00f1adas para exhibir servicios, personal y testimonios<\/li>\n<li>Proporciona un dise\u00f1o receptivo que funciona perfectamente en todos los dispositivos y tama\u00f1os de pantalla<\/li>\n<li>Viene con \u00edconos y widgets de redes sociales incorporados para ayudarlo a conectarse con padres y cuidadores<\/li>\n<li>Ofrece documentaci\u00f3n integral y soporte f\u00e1cil de usar para una f\u00e1cil configuraci\u00f3n y gesti\u00f3n<\/li>\n<\/ul>\n","protected":false},"excerpt":{"rendered":"<p>El tema de la guarder\u00eda para ni\u00f1os de One Page es una plantilla de sitio web incre\u00edblemente cautivadora y visualmente atractiva que ha sido meticulosamente elaborada con el \u00fanico prop\u00f3sito de satisfacer las necesidades y requisitos \u00fanicos de las guarder\u00edas infantiles. Su dise\u00f1o vibrante y animado est\u00e1 destinado espec\u00edficamente a servir como una plataforma notable para mostrar efectivamente las numerosas e incomparables instalaciones, miembros del personal altamente calificados y dedicados, as\u00ed como la gama excepcionalmente diversa de programas que su centro de d\u00edas ofrece a clientes potenciales. Adem\u00e1s, esta plantilla ha sido ingeniosamente dise\u00f1ada para ser completamente receptiva, asegurando que se adapte sin problemas y se presente de manera \u00f3ptima en todo tipo de dispositivos, independientemente del tama\u00f1o o orientaci\u00f3n de su pantalla. Adem\u00e1s, la interfaz f\u00e1cil de usar que acompa\u00f1a a esta plantilla est\u00e1 meticulosamente dise\u00f1ada para ser altamente intuitiva e incre\u00edblemente f\u00e1cil de navegar, simplificando y simplificando el proceso de actualizaci\u00f3n y personalizaci\u00f3n del contenido de una manera notablemente sin problemas. Por lo tanto, ya sea que est\u00e9 contemplando la creaci\u00f3n de un sitio web completamente nuevo para su estimado centro de guarder\u00eda o est\u00e1 buscando ansiosamente renovar y mejorar uno existente, los peque\u00f1os tema de guarder\u00eda de una p\u00e1gina sin duda demostrar\u00edan ser una opci\u00f3n ejemplar y absolutamente excepcional que Garant\u00edas para cumplir y superar todas sus expectativas y aspiraciones.<\/p>\n","protected":false},"featured_media":168845,"comment_status":"open","ping_status":"open","template":"","meta":[],"product_brand":[2337],"product_cat":[1267,1237,1238],"product_tag":[1391],"class_list":{"0":"post-138552","1":"product","2":"type-product","3":"status-publish","4":"has-post-thumbnail","6":"product_brand-themeforest","7":"product_cat-creativo","8":"product_cat-temas","9":"product_cat-wordpress-temas","10":"product_tag-themeforest","11":"member-discount","12":"discount-restricted","14":"first","15":"instock","16":"sale","17":"downloadable","18":"virtual","19":"sold-individually","20":"purchasable","21":"product-type-simple"},"_links":{"self":[{"href":"https:\/\/gpl-love.com\/es\/wp-json\/wp\/v2\/product\/138552","targetHints":{"allow":["GET"]}}],"collection":[{"href":"https:\/\/gpl-love.com\/es\/wp-json\/wp\/v2\/product"}],"about":[{"href":"https:\/\/gpl-love.com\/es\/wp-json\/wp\/v2\/types\/product"}],"replies":[{"embeddable":true,"href":"https:\/\/gpl-love.com\/es\/wp-json\/wp\/v2\/comments?post=138552"}],"wp:featuredmedia":[{"embeddable":true,"href":"https:\/\/gpl-love.com\/es\/wp-json\/wp\/v2\/media\/168845"}],"wp:attachment":[{"href":"https:\/\/gpl-love.com\/es\/wp-json\/wp\/v2\/media?parent=138552"}],"wp:term":[{"taxonomy":"product_brand","embeddable":true,"href":"https:\/\/gpl-love.com\/es\/wp-json\/wp\/v2\/product_brand?post=138552"},{"taxonomy":"product_cat","embeddable":true,"href":"https:\/\/gpl-love.com\/es\/wp-json\/wp\/v2\/product_cat?post=138552"},{"taxonomy":"product_tag","embeddable":true,"href":"https:\/\/gpl-love.com\/es\/wp-json\/wp\/v2\/product_tag?post=138552"}],"curies":[{"name":"wp","href":"https:\/\/api.w.org\/{rel}","templated":true}]}}