{"id":138550,"date":"2023-01-18T00:00:00","date_gmt":"2023-01-18T05:00:00","guid":{"rendered":"https:\/\/gpl-love.com\/es\/producto\/monteno-nft-portfolio-theme\/"},"modified":"2026-03-13T17:35:53","modified_gmt":"2026-03-13T22:35:53","slug":"monteno-nft-portfolio-theme","status":"publish","type":"product","link":"https:\/\/gpl-love.com\/es\/producto\/monteno-nft-portfolio-theme\/","title":{"rendered":"Monteno NFT Portfolio Theme 1.0"},"content":{"rendered":"<h3>Monteno NFT Portfolio Theme Caracteristicas<\/h3>\n<p>El tema de la cartera de Monteno NFT es un tema de WordPress excepcional y muy buscado que ha sido meticulosamente elaborado para satisfacer espec\u00edficamente las necesidades de las personas que desean mostrar sus extraordinarias carteras de arte digital y colecciones NFT de una manera visualmente cautivadora y profesional. Este tema cuenta con un dise\u00f1o de vanguardia y elegante que exuda modernidad, junto con la capacidad de personalizar dise\u00f1os y esquemas de color para alinearse sin problemas con su marca y estilo distintivos. Adem\u00e1s, el tema es totalmente receptivo y se ha optimizado meticulosamente para garantizar velocidades de carga r\u00e1pidas, garantizando que su cartera impresionante se presentar\u00e1 sin problemas en cualquier dispositivo, acentuando a\u00fan m\u00e1s su atractivo visual. Montteno tambi\u00e9n cuenta con un soporte incorporado para plataformas de blockchain prominentes como Opensea y rarible, lo que hace que sea f\u00e1cil de exhibir sus obras de arte y colecciones NFT con un nivel inigualable de sofisticaci\u00f3n y delicadeza. Independientemente de si usted se identifica como artista, coleccionista o simplemente un entusiasta, el tema de la cartera de Monteno NFT se erige como la soluci\u00f3n por excelencia para presentar su arte digital y NFT de manera efectiva al mundo.<\/p>\n<ul>\n<li>El tema de la cartera de Monteno NFT es un tema moderno y receptivo para exhibir su cartera NFT.<\/li>\n<li>Est\u00e1 dise\u00f1ado para mostrar sus NFT de manera visualmente atractiva y organizada.<\/li>\n<li>El tema es totalmente personalizable, lo que le permite cambiar el esquema de color, la tipograf\u00eda y el dise\u00f1o para reflejar su marca personal.<\/li>\n<li>El tema incluye m\u00faltiples plantillas para mostrar sus NFT, incluidas la cuadr\u00edcula, la lista y los dise\u00f1os de mamposter\u00eda.<\/li>\n<li>Tambi\u00e9n incluye secciones para mostrar sus colecciones y la informaci\u00f3n de su perfil.<\/li>\n<li>El tema de la cartera de Monteno NFT es f\u00e1cil de instalar y viene con documentaci\u00f3n completa y soporte.<\/li>\n<li>El tema est\u00e1 optimizado para tiempos de carga r\u00e1pidas y es totalmente receptivo, asegurando una experiencia perfecta para sus visitantes, independientemente de su dispositivo.<\/li>\n<li>Con el tema de la cartera de Monteno NFT, tendr\u00e1 una plataforma profesional y atractiva para mostrar su colecci\u00f3n NFT y atraer compradores potenciales.<\/li>\n<\/ul>\n","protected":false},"excerpt":{"rendered":"<p>El tema de la cartera de Monteno NFT, caracterizado por su est\u00e9tica elegante y moderna, ha sido meticulosamente elaborado para satisfacer las necesidades espec\u00edficas de las personas que buscan exhibir su colecci\u00f3n NFT. Con una interfaz visualmente cautivadora y f\u00e1cil de usar, este tema facilita la organizaci\u00f3n sin esfuerzo y la presentaci\u00f3n de sus NFT. Ya sea que sea un conocedor experimentado en el \u00e1mbito de las NFT o un novato que se aventura en este mundo innovador, el tema de la cartera de Monteno NFT sirve como la soluci\u00f3n por excelencia para mostrar efectivamente su preciada colecci\u00f3n a una audiencia global.<\/p>\n","protected":false},"featured_media":168844,"comment_status":"open","ping_status":"open","template":"","meta":[],"product_brand":[2337],"product_cat":[1307,1237,1238],"product_tag":[1391],"class_list":{"0":"post-138550","1":"product","2":"type-product","3":"status-publish","4":"has-post-thumbnail","6":"product_brand-themeforest","7":"product_cat-negocio-wordpress-temas","8":"product_cat-temas","9":"product_cat-wordpress-temas","10":"product_tag-themeforest","11":"member-discount","12":"discount-restricted","14":"first","15":"instock","16":"sale","17":"downloadable","18":"virtual","19":"sold-individually","20":"purchasable","21":"product-type-simple"},"_links":{"self":[{"href":"https:\/\/gpl-love.com\/es\/wp-json\/wp\/v2\/product\/138550","targetHints":{"allow":["GET"]}}],"collection":[{"href":"https:\/\/gpl-love.com\/es\/wp-json\/wp\/v2\/product"}],"about":[{"href":"https:\/\/gpl-love.com\/es\/wp-json\/wp\/v2\/types\/product"}],"replies":[{"embeddable":true,"href":"https:\/\/gpl-love.com\/es\/wp-json\/wp\/v2\/comments?post=138550"}],"wp:featuredmedia":[{"embeddable":true,"href":"https:\/\/gpl-love.com\/es\/wp-json\/wp\/v2\/media\/168844"}],"wp:attachment":[{"href":"https:\/\/gpl-love.com\/es\/wp-json\/wp\/v2\/media?parent=138550"}],"wp:term":[{"taxonomy":"product_brand","embeddable":true,"href":"https:\/\/gpl-love.com\/es\/wp-json\/wp\/v2\/product_brand?post=138550"},{"taxonomy":"product_cat","embeddable":true,"href":"https:\/\/gpl-love.com\/es\/wp-json\/wp\/v2\/product_cat?post=138550"},{"taxonomy":"product_tag","embeddable":true,"href":"https:\/\/gpl-love.com\/es\/wp-json\/wp\/v2\/product_tag?post=138550"}],"curies":[{"name":"wp","href":"https:\/\/api.w.org\/{rel}","templated":true}]}}