{"id":138548,"date":"2023-01-18T00:00:00","date_gmt":"2023-01-18T05:00:00","guid":{"rendered":"https:\/\/gpl-love.com\/es\/producto\/insuren-insurance-agency-theme\/"},"modified":"2026-03-13T17:35:52","modified_gmt":"2026-03-13T22:35:52","slug":"insuren-insurance-agency-theme","status":"publish","type":"product","link":"https:\/\/gpl-love.com\/es\/producto\/insuren-insurance-agency-theme\/","title":{"rendered":"Insuren Insurance Agency Theme 1.0"},"content":{"rendered":"<h3>Insuren Insurance Agency Theme Caracteristicas<\/h3>\n<p>El tema de la Agencia de Seguros Insuren es una herramienta excepcionalmente potente que ha sido meticulosamente elaborada para satisfacer las necesidades espec\u00edficas de las empresas de seguros que buscan establecer una presencia en l\u00ednea altamente profesional e influyente. Al aprovechar las capacidades de este tema, ser\u00e1 bendecido con un dise\u00f1o asombrosamente contempor\u00e1neo y receptivo que mejorar\u00e1 sin esfuerzo el atractivo visual de su sitio web en todos los dispositivos concebibles. Insuren ofrece una amplia gama de caracter\u00edsticas notablemente impresionantes que se pueden adaptar sin esfuerzo para adaptarse a sus preferencias \u00fanicas, comenzando desde una p\u00e1gina de inicio asombrosamente personalizable, una abundancia de widgets que se pueden personalizar de acuerdo con sus requisitos individuales y un dise\u00f1o incre\u00edblemente flexible que se adapta a la costura sin costura hasta Tus especificaciones deseadas. Adem\u00e1s, este tema se ha optimizado diligentemente para garantizar la m\u00e1xima visibilidad en las plataformas de motores de b\u00fasqueda, aliviando sustancialmente el proceso de clientes potenciales que descubren y acceden a su sitio web. Con su panel administrativo notablemente f\u00e1cil de usar e intuitivamente dise\u00f1ado, complementado por sus opciones de personalizaci\u00f3n navegables sin esfuerzo, se vuelve inequ\u00edvocamente evidente que el tema de la Agencia de Seguros Insuren es la soluci\u00f3n definitiva e incomparable para cualquier firma de seguros que anhele elevar sus alturas en l\u00ednea a alturas sin lugar de altura sin precedentes. .<\/p>\n<ul>\n<li>Dise\u00f1o profesional y elegante para inspirar confianza y credibilidad<\/li>\n<li>Dise\u00f1o totalmente receptivo para una visualizaci\u00f3n perfecta en cualquier dispositivo<\/li>\n<li>Integrado con m\u00faltiples caracter\u00edsticas espec\u00edficas del seguro como formularios de solicitud de cotizaci\u00f3n, calculadoras de seguro y p\u00e1ginas de servicio personalizables<\/li>\n<li>Construido con c\u00f3digo limpio y las mejores pr\u00e1cticas de SEO para mejorar las clasificaciones de los motores de b\u00fasqueda<\/li>\n<li>P\u00e1gina de inicio personalizable con creador de p\u00e1ginas de arrastrar y soltar<\/li>\n<li>Compatible con complementos populares como WooCommerce y WPForms para una funcionalidad adicional<\/li>\n<li>Incluye contenido de demostraci\u00f3n e importaci\u00f3n de demostraci\u00f3n de un solo clic para una f\u00e1cil configuraci\u00f3n<\/li>\n<li>Atenci\u00f3n al cliente dedicada y actualizaciones regulares para mejoras continuas y correcciones de errores<\/li>\n<li>Traducci\u00f3n lista para audiencias internacionales<\/li>\n<li>Excelente experiencia de usuario con navegaci\u00f3n intuitiva e informaci\u00f3n f\u00e1cil de encontrar.<\/li>\n<\/ul>\n","protected":false},"excerpt":{"rendered":"<p>El tema de la Agencia de Seguros Insuren es un tema excepcional de WordPress que ha sido meticulosamente elaborado para agencias de seguros y empresas. Cuenta con un dise\u00f1o profesional incre\u00edblemente elegante y profesional, complementado por una variedad de widgets personalizados, un constructor de p\u00e1ginas de arrastre y suelto muy conveniente, y una variedad de potentes opciones de temas que le ofrecen una flexibilidad incomparable para adaptar su sitio para satisfacer sus necesidades y requisitos espec\u00edficos. Una de las caracter\u00edsticas destacadas de este tema es su dise\u00f1o receptivo, asegurando que su sitio se adapte sin esfuerzo a todos los dispositivos, garantizando una experiencia de visualizaci\u00f3n \u00f3ptima para todos sus visitantes. Adem\u00e1s, el c\u00f3digo listo para SEO integrado en Insuren mejorar\u00e1 significativamente la visibilidad de su sitio en la clasificaci\u00f3n de motores de b\u00fasqueda, otorg\u00e1ndole una ventaja competitiva en el panorama en l\u00ednea. Adem\u00e1s, Insuren va m\u00e1s all\u00e1 al proporcionar plantillas predise\u00f1adas para p\u00e1ginas clave como sobre nosotros, servicios y contacto, agilizando el proceso de poner en funcionamiento su sitio sin problemas. Adem\u00e1s, tenga la seguridad de que el c\u00f3digo de Insuren limpio y meticulosamente documentado prioriza la seguridad y la confiabilidad, asegur\u00e1ndole una plataforma confiable y estable para construir la presencia en l\u00ednea de su agencia de seguros. No dude por m\u00e1s tiempo: aproveche la oportunidad de elevar la presencia en l\u00ednea de su agencia de seguros hoy con el tema de la Agencia de Seguros Insuren.<\/p>\n","protected":false},"featured_media":168843,"comment_status":"open","ping_status":"open","template":"","meta":[],"product_brand":[2337],"product_cat":[1307,1237,1238],"product_tag":[1391],"class_list":{"0":"post-138548","1":"product","2":"type-product","3":"status-publish","4":"has-post-thumbnail","6":"product_brand-themeforest","7":"product_cat-negocio-wordpress-temas","8":"product_cat-temas","9":"product_cat-wordpress-temas","10":"product_tag-themeforest","11":"member-discount","12":"discount-restricted","14":"first","15":"instock","16":"sale","17":"downloadable","18":"virtual","19":"sold-individually","20":"purchasable","21":"product-type-simple"},"_links":{"self":[{"href":"https:\/\/gpl-love.com\/es\/wp-json\/wp\/v2\/product\/138548","targetHints":{"allow":["GET"]}}],"collection":[{"href":"https:\/\/gpl-love.com\/es\/wp-json\/wp\/v2\/product"}],"about":[{"href":"https:\/\/gpl-love.com\/es\/wp-json\/wp\/v2\/types\/product"}],"replies":[{"embeddable":true,"href":"https:\/\/gpl-love.com\/es\/wp-json\/wp\/v2\/comments?post=138548"}],"wp:featuredmedia":[{"embeddable":true,"href":"https:\/\/gpl-love.com\/es\/wp-json\/wp\/v2\/media\/168843"}],"wp:attachment":[{"href":"https:\/\/gpl-love.com\/es\/wp-json\/wp\/v2\/media?parent=138548"}],"wp:term":[{"taxonomy":"product_brand","embeddable":true,"href":"https:\/\/gpl-love.com\/es\/wp-json\/wp\/v2\/product_brand?post=138548"},{"taxonomy":"product_cat","embeddable":true,"href":"https:\/\/gpl-love.com\/es\/wp-json\/wp\/v2\/product_cat?post=138548"},{"taxonomy":"product_tag","embeddable":true,"href":"https:\/\/gpl-love.com\/es\/wp-json\/wp\/v2\/product_tag?post=138548"}],"curies":[{"name":"wp","href":"https:\/\/api.w.org\/{rel}","templated":true}]}}