{"id":138546,"date":"2023-01-18T00:00:00","date_gmt":"2023-01-18T05:00:00","guid":{"rendered":"https:\/\/gpl-love.com\/es\/producto\/barbercrop-hairdressing-theme\/"},"modified":"2026-03-13T17:35:52","modified_gmt":"2026-03-13T22:35:52","slug":"barbercrop-hairdressing-theme","status":"publish","type":"product","link":"https:\/\/gpl-love.com\/es\/producto\/barbercrop-hairdressing-theme\/","title":{"rendered":"Barbercrop Hairdressing Theme 1.0"},"content":{"rendered":"<h3>Barbercrop Hairdressing Theme Caracteristicas<\/h3>\n<p>El tema de peluquer\u00eda Barbercrop es un tema integral del sitio web que ha sido dise\u00f1ado espec\u00edficamente para satisfacer las necesidades y requisitos de los peluqueros y barberos. Cuenta con un dise\u00f1o elegante y moderno que no solo se ve visualmente impresionante, sino que tambi\u00e9n proporciona una interfaz que es f\u00e1cil de usar e atractiva para los visitantes.<\/p>\n<p>Una de las caracter\u00edsticas destacadas de este tema es la amplia gama de opciones de personalizaci\u00f3n que ofrece. Los usuarios tienen la capacidad de personalizar completamente su sitio web, asegurando que represente con precisi\u00f3n su marca y muestre sus servicios de la mejor manera posible. Esta personalizaci\u00f3n se extiende a los detalles m\u00e1s finos, lo que permite a los usuarios ajustar cada aspecto de la apariencia de su sitio web para adaptarse a sus preferencias individuales.<\/p>\n<p>Adem\u00e1s, el tema de peluquer\u00eda Barbercrop incluye una variedad de caracter\u00edsticas pr\u00e1cticas y convenientes que seguramente beneficiar\u00e1n a los peluqueros y a los propietarios de la barber\u00eda. Estas caracter\u00edsticas incluyen capacidades de reserva de citas, lo que permite a los clientes programar f\u00e1cilmente sus visitas en l\u00ednea. Adem\u00e1s, el tema se integra perfectamente con las plataformas de redes sociales, lo que permite a los peluqueros y propietarios de barber\u00eda promover su negocio y conectarse con sus clientes.<\/p>\n<p>En resumen, el tema de peluquer\u00eda Barbercrop es la mejor soluci\u00f3n todo en uno para cualquier persona que quiera mejorar su presencia en l\u00ednea en la industria de la peluquer\u00eda. Su dise\u00f1o profesional y elegante, junto con sus extensas opciones de personalizaci\u00f3n y caracter\u00edsticas pr\u00e1cticas, lo convierte en la elecci\u00f3n perfecta para crear un sitio web que realmente represente y eleva un negocio de peluquer\u00eda.<\/p>\n<ul>\n<li>Tema de sitio web profesional y elegante dise\u00f1ado espec\u00edficamente para barberos y peluqueros<\/li>\n<li>Dise\u00f1o totalmente receptivo que se ve muy bien en los dispositivos de escritorio, tabletas y m\u00f3viles<\/li>\n<li>Encabezado personalizable con opciones para logotipo, men\u00fa de navegaci\u00f3n e \u00edconos de redes sociales<\/li>\n<li>Llamativo control deslizante de la p\u00e1gina de inicio para exhibir sus servicios y promociones<\/li>\n<li>Secci\u00f3n de servicio y precios para mostrar sus ofertas y tarifas<\/li>\n<li>Secci\u00f3n de testimonios para resaltar los comentarios de los clientes felices<\/li>\n<li>Secci\u00f3n de miembros del equipo para presentar a sus estilistas y su experiencia<\/li>\n<li>Formulario de contacto e integraci\u00f3n de mapas para una f\u00e1cil reserva y encontrar su ubicaci\u00f3n<\/li>\n<li>Secci\u00f3n de blog para compartir sus conocimientos, consejos y noticias de su industria<\/li>\n<li>Estructura amigable para SEO y optimizado para la velocidad de carga r\u00e1pida<\/li>\n<li>Compatible con complementos populares como WooCommerce, Contact Form 7 y Yoast SEO<\/li>\n<li>Instalaci\u00f3n de un solo clic e interfaz f\u00e1cil de usar para una f\u00e1cil configuraci\u00f3n y personalizaci\u00f3n<\/li>\n<li>Actualizaciones regulares y apoyo amigable de desarrolladores experimentados<\/li>\n<li>Precios asequibles y acceso de por vida a actualizaciones y nuevas funciones.<\/li>\n<\/ul>\n","protected":false},"excerpt":{"rendered":"<p>El tema de peluquer\u00eda Barbercrop es una soluci\u00f3n ejemplar para barberos y peluqueros que buscan establecer una presencia formidable en l\u00ednea. Este tema, que posee un dise\u00f1o elegante y moderno, cuenta con una p\u00e1gina de inicio que es completamente personalizable, completa con un control deslizante de ancho completo, fondos de paralaje cautivadores e im\u00e1genes visualmente impresionantes de alta resoluci\u00f3n. En particular, el tema es totalmente receptivo, lo que significa que puede adaptarse perfectamente a varios dispositivos, y se puede adaptar para alinearse perfectamente con el estilo distintivo de su marca. Al utilizar las caracter\u00edsticas notables del tema, como la capacidad de mostrar su amplia gama de servicios, presentar a los estimados miembros del equipo y exhibir una impresionante galer\u00eda de su exquisito trabajo, el tema de BarberCrop seguramente cautivar\u00e1 y dejar\u00e1 una impresi\u00f3n duradera en su estimado. Los clientes, en \u00faltima instancia, contribuyen al floreciente \u00e9xito de su negocio.<\/p>\n","protected":false},"featured_media":168842,"comment_status":"open","ping_status":"open","template":"","meta":[],"product_brand":[2337],"product_cat":[1307,1237,1238],"product_tag":[1391],"class_list":{"0":"post-138546","1":"product","2":"type-product","3":"status-publish","4":"has-post-thumbnail","6":"product_brand-themeforest","7":"product_cat-negocio-wordpress-temas","8":"product_cat-temas","9":"product_cat-wordpress-temas","10":"product_tag-themeforest","11":"member-discount","12":"discount-restricted","14":"first","15":"instock","16":"sale","17":"downloadable","18":"virtual","19":"sold-individually","20":"purchasable","21":"product-type-simple"},"_links":{"self":[{"href":"https:\/\/gpl-love.com\/es\/wp-json\/wp\/v2\/product\/138546","targetHints":{"allow":["GET"]}}],"collection":[{"href":"https:\/\/gpl-love.com\/es\/wp-json\/wp\/v2\/product"}],"about":[{"href":"https:\/\/gpl-love.com\/es\/wp-json\/wp\/v2\/types\/product"}],"replies":[{"embeddable":true,"href":"https:\/\/gpl-love.com\/es\/wp-json\/wp\/v2\/comments?post=138546"}],"wp:featuredmedia":[{"embeddable":true,"href":"https:\/\/gpl-love.com\/es\/wp-json\/wp\/v2\/media\/168842"}],"wp:attachment":[{"href":"https:\/\/gpl-love.com\/es\/wp-json\/wp\/v2\/media?parent=138546"}],"wp:term":[{"taxonomy":"product_brand","embeddable":true,"href":"https:\/\/gpl-love.com\/es\/wp-json\/wp\/v2\/product_brand?post=138546"},{"taxonomy":"product_cat","embeddable":true,"href":"https:\/\/gpl-love.com\/es\/wp-json\/wp\/v2\/product_cat?post=138546"},{"taxonomy":"product_tag","embeddable":true,"href":"https:\/\/gpl-love.com\/es\/wp-json\/wp\/v2\/product_tag?post=138546"}],"curies":[{"name":"wp","href":"https:\/\/api.w.org\/{rel}","templated":true}]}}