{"id":138544,"date":"2025-03-10T00:00:00","date_gmt":"2025-03-10T05:00:00","guid":{"rendered":"https:\/\/gpl-love.com\/es\/producto\/maxbizz-consulting-y-financial-theme\/"},"modified":"2026-03-13T17:35:51","modified_gmt":"2026-03-13T22:35:51","slug":"maxbizz-consulting-y-financial-theme","status":"publish","type":"product","link":"https:\/\/gpl-love.com\/es\/producto\/maxbizz-consulting-y-financial-theme\/","title":{"rendered":"Maxbizz Consulting y Financial Theme 1.2.3.14"},"content":{"rendered":"<h3>Maxbizz Consulting y Financial Theme Caracteristicas<\/h3>\n<p>Maxbizz Consulting and Financial Theme es un tema de WordPress exquisitamente eficiente y notablemente funcional que ha sido dise\u00f1ado intrincadamente exclusivamente para empresas de consultor\u00eda y servicios financieros. Este tema cuenta con un dise\u00f1o elegante y profesional que se complementa con una gran cantidad de caracter\u00edsticas, incluida la capacidad de personalizar las secciones de la p\u00e1gina de inicio, varios estilos de encabezado y pie de p\u00e1gina para adaptarse a las preferencias individuales y una variedad de p\u00e1ginas predise\u00f1adas dedicadas a servicios, estudios de casos, estudios de casos, y perfiles de miembros del equipo. Con su dise\u00f1o impecablemente receptivo y c\u00f3digo meticulosamente optimizado, MaxBizz garantiza los tiempos de carga r\u00e1pidos y una experiencia de usuario perfectamente encantadora en todo tipo de dispositivos. Adem\u00e1s, este tema excepcional se integra sin esfuerzo con complementos populares como el formulario de contacto 7, MailChimp y Elementor, aumentando su adaptabilidad y permitiendo una amplia personalizaci\u00f3n para cumplir con los requisitos \u00fanicos de cualquier negocio. Ya sea que opere como un consultor financiero distinguido, una firma de inversi\u00f3n de renombre o un consultor comercial muy solicitado, Maxbizz Consulting and Financial Theme est\u00e1 listo para proporcionarle una soluci\u00f3n integral y notablemente eficiente que lo capacitar\u00e1 para establecer una influyente y dominante. presencia en l\u00ednea.<\/p>\n<ul>\n<li>Sitio web de consultor\u00eda y financiero profesional y moderno<\/li>\n<li>Plantillas prefabricadas para una f\u00e1cil personalizaci\u00f3n<\/li>\n<li>Dise\u00f1o totalmente receptivo para dispositivos m\u00f3viles y de tabletas<\/li>\n<li>Dise\u00f1o limpio y organizado, perfecto para exhibir servicios y experiencia<\/li>\n<li>Compatible con complementos populares como el Formulario de contacto 7 y WooCommerce<\/li>\n<li>SEO optimizado para una mejor clasificaci\u00f3n de motores de b\u00fasqueda<\/li>\n<li>Incluye gr\u00e1ficos e \u00edconos profesionales para un aspecto pulido<\/li>\n<li>F\u00e1cil de instalar y configurar, no se requiere conocimiento de codificaci\u00f3n<\/li>\n<li>Actualizaciones regulares y atenci\u00f3n al cliente para garantizar la mejor experiencia de usuario<\/li>\n<li>Opciones flexibles para cartera y visualizaci\u00f3n de testimonios<\/li>\n<li>Mapas de Google integrados para una f\u00e1cil visualizaci\u00f3n de ubicaci\u00f3n<\/li>\n<li>Compatible con todos los navegadores populares, incluidos Chrome, Firefox y Safari.<\/li>\n<\/ul>\n","protected":false},"excerpt":{"rendered":"<p>Maxbizz Consulting and Financial Theme se erige como un tema de WordPress genuinamente exquisito y f\u00e1cil de navegar, adaptado meticulosamente para empresas financieras y consultoras. Este tema notable abarca una abundancia de dise\u00f1os intrincadamente dise\u00f1ados, que abarca p\u00e1ginas de inicio, p\u00e1ginas de servicio, p\u00e1ginas de contacto y una variedad de otras ofertas notables, asegurando que posee todas las herramientas esenciales necesarias para exhibir sus servicios profesionales de manera efectiva de una manera cautivadora y est\u00e9ticamente agradable. . En virtud de su adaptabilidad, funcionalidad integral y sistema de navegaci\u00f3n f\u00e1cil de usar, Maxbizz Consulting and Financial Theme le otorga la capacidad incomparable de establecer una presencia en l\u00ednea formidable para su estimado negocio.<\/p>\n","protected":false},"featured_media":168841,"comment_status":"open","ping_status":"open","template":"","meta":[],"product_brand":[2337],"product_cat":[1307,1237,1238],"product_tag":[1391],"class_list":{"0":"post-138544","1":"product","2":"type-product","3":"status-publish","4":"has-post-thumbnail","6":"product_brand-themeforest","7":"product_cat-negocio-wordpress-temas","8":"product_cat-temas","9":"product_cat-wordpress-temas","10":"product_tag-themeforest","11":"member-discount","12":"discount-restricted","14":"first","15":"instock","16":"sale","17":"downloadable","18":"virtual","19":"sold-individually","20":"purchasable","21":"product-type-simple"},"_links":{"self":[{"href":"https:\/\/gpl-love.com\/es\/wp-json\/wp\/v2\/product\/138544","targetHints":{"allow":["GET"]}}],"collection":[{"href":"https:\/\/gpl-love.com\/es\/wp-json\/wp\/v2\/product"}],"about":[{"href":"https:\/\/gpl-love.com\/es\/wp-json\/wp\/v2\/types\/product"}],"replies":[{"embeddable":true,"href":"https:\/\/gpl-love.com\/es\/wp-json\/wp\/v2\/comments?post=138544"}],"wp:featuredmedia":[{"embeddable":true,"href":"https:\/\/gpl-love.com\/es\/wp-json\/wp\/v2\/media\/168841"}],"wp:attachment":[{"href":"https:\/\/gpl-love.com\/es\/wp-json\/wp\/v2\/media?parent=138544"}],"wp:term":[{"taxonomy":"product_brand","embeddable":true,"href":"https:\/\/gpl-love.com\/es\/wp-json\/wp\/v2\/product_brand?post=138544"},{"taxonomy":"product_cat","embeddable":true,"href":"https:\/\/gpl-love.com\/es\/wp-json\/wp\/v2\/product_cat?post=138544"},{"taxonomy":"product_tag","embeddable":true,"href":"https:\/\/gpl-love.com\/es\/wp-json\/wp\/v2\/product_tag?post=138544"}],"curies":[{"name":"wp","href":"https:\/\/api.w.org\/{rel}","templated":true}]}}