{"id":138542,"date":"2024-02-12T00:00:00","date_gmt":"2024-02-12T05:00:00","guid":{"rendered":"https:\/\/gpl-love.com\/es\/producto\/freshen-organic-food-store-theme\/"},"modified":"2026-03-13T17:35:50","modified_gmt":"2026-03-13T22:35:50","slug":"freshen-organic-food-store-theme","status":"publish","type":"product","link":"https:\/\/gpl-love.com\/es\/producto\/freshen-organic-food-store-theme\/","title":{"rendered":"Freshen Organic Food Store Theme 1.0.17"},"content":{"rendered":"<h3>Freshen Organic Food Store Theme Caracteristicas<\/h3>\n<p>El tema de refrescado de la tienda de alimentos org\u00e1nicos presenta una soluci\u00f3n \u00f3ptima para las personas que buscan establecer una tienda en l\u00ednea dedicada a la venta de productos alimenticios org\u00e1nicos y naturales. Este tema ha sido meticulosamente elaborado para dotar a su tienda en l\u00ednea con una est\u00e9tica estimulante, inmaculada y sofisticada, caracterizada por un dise\u00f1o contempor\u00e1neo y minimalista que exude un encanto visual y ofrece una navegaci\u00f3n sin esfuerzo. Abarca una extensa gama de caracter\u00edsticas y opciones, que abarca una p\u00e1gina de inicio personalizable, varias plantillas de p\u00e1ginas, galer\u00edas de productos, capacidades de b\u00fasqueda avanzadas y una variedad de funcionalidades adicionales. Con la utilizaci\u00f3n del tema de Freshen Organic Food Store, exhibir\u00e1 sin esfuerzo sus productos y cultivar\u00e1 una presencia en l\u00ednea robusta, al tiempo que garantiza a sus clientes una experiencia de compra agradable y perfecta. Por lo tanto, si posee un deseo ferviente de curar una tienda en l\u00ednea triunfante para productos alimenticios org\u00e1nicos y naturales, es indudablemente imperativo que examine el tema de la tienda de alimentos org\u00e1nicos.<\/p>\n<ul>\n<li>Un tema bellamente dise\u00f1ado y personalizable para tiendas de alimentos org\u00e1nicos<\/li>\n<li>Construido con las \u00faltimas tecnolog\u00edas web, asegurando un rendimiento r\u00e1pido y receptivo<\/li>\n<li>Incluye una variedad de caracter\u00edsticas esenciales para el comercio electr\u00f3nico, como exhibiciones de productos, carritos de compras y pasarelas de pago<\/li>\n<li>Dise\u00f1ado con una est\u00e9tica limpia y moderna, lo que facilita a los clientes navegar y encontrar los productos que necesitan<\/li>\n<li>El dise\u00f1o totalmente receptivo garantiza que su tienda se vea genial en todos los dispositivos, desde escritorios hasta tel\u00e9fonos m\u00f3viles<\/li>\n<li>Viene con una gama de p\u00e1ginas predise\u00f1adas, que incluyen un blog, p\u00e1gina de contacto y sobre la p\u00e1gina, para comenzar r\u00e1pidamente<\/li>\n<li>Incluye una gama de opciones de personalizaci\u00f3n, lo que le permite adaptar el tema a su marca y necesidades comerciales espec\u00edficas<\/li>\n<li>Construido con SEO en mente, asegurando que su tienda sea f\u00e1cil de encontrar a trav\u00e9s de motores de b\u00fasqueda<\/li>\n<li>Actualizado regularmente con nuevas caracter\u00edsticas y optimizaciones para mantener su tienda funcionando sin problemas y eficientemente<\/li>\n<li>Respaldado por atenci\u00f3n al cliente dedicada para ayudarlo a resolver cualquier problema o responder cualquier pregunta que pueda tener.<\/li>\n<\/ul>\n","protected":false},"excerpt":{"rendered":"<p>Si est\u00e1 en busca de una soluci\u00f3n ideal para establecer una tienda en l\u00ednea sofisticada y pr\u00e1ctica que se especialice en productos alimenticios org\u00e1nicos, no busque m\u00e1s que el tema de la tienda de alimentos org\u00e1nicos de refrescado. Este tema abarca un dise\u00f1o pr\u00edstino y contempor\u00e1neo que ofrece una gran cantidad de caracter\u00edsticas personalizables. Estas caracter\u00edsticas incluyen un dise\u00f1o que se adapta a varios dispositivos, \u00e1reas vers\u00e1tiles para widgets y opciones de navegaci\u00f3n f\u00e1cil de usar. Independientemente de si est\u00e1 ofreciendo productos frescos, art\u00edculos \u00fanicos o comidas gourmet, el tema de Freshen Organic Food Store lo ayudar\u00e1 a atraer una base de clientes m\u00e1s grande y aumentar sus ventas. Adem\u00e1s, este tema no solo enfatiza el estilo, sino que tambi\u00e9n le da gran importancia a la sostenibilidad y las pr\u00e1cticas ecol\u00f3gicas. Por lo tanto, al utilizar este tema, puede mostrar su dedicaci\u00f3n a la promoci\u00f3n de un estilo de vida saludable y un consumo consciente, d\u00e1ndole una sensaci\u00f3n de satisfacci\u00f3n.<\/p>\n","protected":false},"featured_media":168840,"comment_status":"open","ping_status":"open","template":"","meta":[],"product_brand":[2337],"product_cat":[1263,1264,1237],"product_tag":[1391],"class_list":{"0":"post-138542","1":"product","2":"type-product","3":"status-publish","4":"has-post-thumbnail","6":"product_brand-themeforest","7":"product_cat-comercio-electronico-temas","8":"product_cat-negocio","9":"product_cat-temas","10":"product_tag-themeforest","11":"member-discount","12":"discount-restricted","14":"first","15":"instock","16":"sale","17":"downloadable","18":"virtual","19":"sold-individually","20":"purchasable","21":"product-type-simple"},"_links":{"self":[{"href":"https:\/\/gpl-love.com\/es\/wp-json\/wp\/v2\/product\/138542","targetHints":{"allow":["GET"]}}],"collection":[{"href":"https:\/\/gpl-love.com\/es\/wp-json\/wp\/v2\/product"}],"about":[{"href":"https:\/\/gpl-love.com\/es\/wp-json\/wp\/v2\/types\/product"}],"replies":[{"embeddable":true,"href":"https:\/\/gpl-love.com\/es\/wp-json\/wp\/v2\/comments?post=138542"}],"wp:featuredmedia":[{"embeddable":true,"href":"https:\/\/gpl-love.com\/es\/wp-json\/wp\/v2\/media\/168840"}],"wp:attachment":[{"href":"https:\/\/gpl-love.com\/es\/wp-json\/wp\/v2\/media?parent=138542"}],"wp:term":[{"taxonomy":"product_brand","embeddable":true,"href":"https:\/\/gpl-love.com\/es\/wp-json\/wp\/v2\/product_brand?post=138542"},{"taxonomy":"product_cat","embeddable":true,"href":"https:\/\/gpl-love.com\/es\/wp-json\/wp\/v2\/product_cat?post=138542"},{"taxonomy":"product_tag","embeddable":true,"href":"https:\/\/gpl-love.com\/es\/wp-json\/wp\/v2\/product_tag?post=138542"}],"curies":[{"name":"wp","href":"https:\/\/api.w.org\/{rel}","templated":true}]}}