{"id":138540,"date":"2025-09-01T00:00:00","date_gmt":"2025-09-01T05:00:00","guid":{"rendered":"https:\/\/gpl-love.com\/es\/producto\/samatex-industrial-theme\/"},"modified":"2026-03-13T17:35:49","modified_gmt":"2026-03-13T22:35:49","slug":"samatex-industrial-theme","status":"publish","type":"product","link":"https:\/\/gpl-love.com\/es\/producto\/samatex-industrial-theme\/","title":{"rendered":"Samatex Industrial Theme 4.9"},"content":{"rendered":"<h3>Samatex Industrial Theme Caracteristicas<\/h3>\n<p>El tema industrial de Samatex, una soluci\u00f3n de software integral adaptada espec\u00edficamente para empresas industriales, cuenta con una variedad de caracter\u00edsticas y funcionalidades avanzadas que permiten a los usuarios elaborar sin esfuerzo un sitio web totalmente receptivo que no solo es est\u00e9ticamente agradable, sino tambi\u00e9n incre\u00edblemente f\u00e1cil de usar. Este tema atiende a las diversas necesidades y preferencias de los usuarios al permitirles elegir entre una extensa selecci\u00f3n de dise\u00f1os, esquemas de color y fuentes, asegurando as\u00ed que su sitio web realmente encarna su visi\u00f3n \u00fanica. Adem\u00e1s, el tema industrial de Samatex proporciona a los usuarios una gran cantidad de plantillas preconstruidas, facilitando un proceso de creaci\u00f3n de sitios web sin problemas y eficientes. Adem\u00e1s, este tema va m\u00e1s all\u00e1 al ofrecer complementos y widgets de vanguardia, incluidas las formularios de contacto, la integraci\u00f3n de las redes sociales y las caracter\u00edsticas de atenci\u00f3n al cliente, todas las cuales son absolutamente indispensables para administrar un negocio industrial pr\u00f3spero en el panorama digital actual. En esencia, el tema industrial de Samatex se destaca como una soluci\u00f3n de software robusta y que lo abarca todo que equipa inequ\u00edvocamente las empresas industriales modernas con todo lo que requieren para prosperar y florecer en el \u00e1mbito en l\u00ednea.<\/p>\n<ul>\n<li>Tema industrial de alta calidad y profesional para sitios web<\/li>\n<li>Cuenta con un dise\u00f1o elegante y moderno que es perfecto para empresas industriales y de fabricaci\u00f3n<\/li>\n<li>Incluye elementos personalizables como esquemas de color, fuentes y opciones de dise\u00f1o<\/li>\n<li>Optimizado para varios dispositivos que incluyen computadoras inform\u00e1ticas, tabletas y tel\u00e9fonos inteligentes.<\/li>\n<li>Compatible con plataformas web populares como WordPress y Bootstrap<\/li>\n<li>Incluye una variedad de p\u00e1ginas preconstruidas como Acerca de nosotros, servicios y contacto<\/li>\n<li>Ofrece una interfaz f\u00e1cil de usar para una f\u00e1cil personalizaci\u00f3n y administraci\u00f3n<\/li>\n<li>Proporciona soporte para complementos y extensiones adicionales para mejorar la funcionalidad<\/li>\n<li>Ofrece acceso a actualizaciones regulares y soporte de aplicaciones<\/li>\n<li>Opciones de precios asequibles para varios tama\u00f1os de presupuesto.<\/li>\n<\/ul>\n","protected":false},"excerpt":{"rendered":"<p>El tema industrial de Samatex es un producto digital exquisitamente elaborado que exuda un aura elegante y sofisticado a su sitio web o proyecto, impartiendo un sentido de profesionalismo. Cuenta con im\u00e1genes cautivadoras y tipograf\u00eda atrevida, por lo que es una opci\u00f3n ideal para empresas e instituciones que operan dentro del \u00e1mbito industrial, que abarca sectores como la fabricaci\u00f3n, la log\u00edstica, la ingenier\u00eda y la construcci\u00f3n. Empoderado con una amplia gama de caracter\u00edsticas personalizables y una interfaz de usuario que es intuitiva y f\u00e1cil de usar, el tema industrial de Samatex presenta una excelente oportunidad para elevar la presencia en l\u00ednea de su marca industrial. Entonces, \u00bfpor qu\u00e9 retrasar m\u00e1s? \u00a1Aproveche la oportunidad de adquirir este tema notable hoy y impulsar su presencia digital a alturas incomparables!<\/p>\n","protected":false},"featured_media":168839,"comment_status":"open","ping_status":"open","template":"","meta":[],"product_brand":[2337],"product_cat":[1307,1237,1238],"product_tag":[1391],"class_list":{"0":"post-138540","1":"product","2":"type-product","3":"status-publish","4":"has-post-thumbnail","6":"product_brand-themeforest","7":"product_cat-negocio-wordpress-temas","8":"product_cat-temas","9":"product_cat-wordpress-temas","10":"product_tag-themeforest","11":"member-discount","12":"discount-restricted","14":"first","15":"instock","16":"sale","17":"downloadable","18":"virtual","19":"sold-individually","20":"purchasable","21":"product-type-simple"},"_links":{"self":[{"href":"https:\/\/gpl-love.com\/es\/wp-json\/wp\/v2\/product\/138540","targetHints":{"allow":["GET"]}}],"collection":[{"href":"https:\/\/gpl-love.com\/es\/wp-json\/wp\/v2\/product"}],"about":[{"href":"https:\/\/gpl-love.com\/es\/wp-json\/wp\/v2\/types\/product"}],"replies":[{"embeddable":true,"href":"https:\/\/gpl-love.com\/es\/wp-json\/wp\/v2\/comments?post=138540"}],"wp:featuredmedia":[{"embeddable":true,"href":"https:\/\/gpl-love.com\/es\/wp-json\/wp\/v2\/media\/168839"}],"wp:attachment":[{"href":"https:\/\/gpl-love.com\/es\/wp-json\/wp\/v2\/media?parent=138540"}],"wp:term":[{"taxonomy":"product_brand","embeddable":true,"href":"https:\/\/gpl-love.com\/es\/wp-json\/wp\/v2\/product_brand?post=138540"},{"taxonomy":"product_cat","embeddable":true,"href":"https:\/\/gpl-love.com\/es\/wp-json\/wp\/v2\/product_cat?post=138540"},{"taxonomy":"product_tag","embeddable":true,"href":"https:\/\/gpl-love.com\/es\/wp-json\/wp\/v2\/product_tag?post=138540"}],"curies":[{"name":"wp","href":"https:\/\/api.w.org\/{rel}","templated":true}]}}