{"id":138474,"date":"2025-12-15T00:00:00","date_gmt":"2025-12-15T05:00:00","guid":{"rendered":"https:\/\/gpl-love.com\/es\/producto\/buddypress-editable-activity\/"},"modified":"2026-03-09T08:38:30","modified_gmt":"2026-03-09T13:38:30","slug":"buddypress-editable-activity","status":"publish","type":"product","link":"https:\/\/gpl-love.com\/es\/producto\/buddypress-editable-activity\/","title":{"rendered":"Editable Activity BuddyPress 2.0.6"},"content":{"rendered":"<h3>Editable Activity BuddyPress Caracteristicas<\/h3>\n<p>El complemento de actividad editable de BuddyPress es una herramienta excepcionalmente robusta que otorga a los usuarios la capacidad de modificar sin esfuerzo sus publicaciones de flujo de actividad en las redes sociales impulsadas por BuddyPress. Este notable complemento elimina el engorroso proceso de tener que eliminar y luego recrear publicaciones de actividad, simplificando as\u00ed el proceso de edici\u00f3n para ofrecer a los usuarios una experiencia sin problemas y sin problemas. Adem\u00e1s de su naturaleza f\u00e1cil de usar, este complemento cuenta con un notable grado de personalizaci\u00f3n, lo que permite a los usuarios seleccionar los tipos de actividad espec\u00edficos que se pueden editar y dictar qu\u00e9 personas poseen los privilegios de edici\u00f3n. Al hacerlo, este complemento ahorra efectivamente a los usuarios y a los administradores de redes sociales una cantidad significativa de tiempo y esfuerzo valiosos al obviar la necesidad de crear publicaciones completamente nuevas cada vez que se debe hacer una alteraci\u00f3n. A fin de cuentas, el complemento de actividad editable de BuddyPress, sin duda, surge como un activo indispensable para las personas que buscan aumentar la funcionalidad y la eficacia de su red social impulsada por BuddyPress.<\/p>\n<ul>\n<li>Permite a los usuarios editar sus propias actualizaciones de actividad en BuddyPress<\/li>\n<li>Mejora la experiencia del usuario al permitir que las personas realicen cambios en sus publicaciones de alimentaci\u00f3n de actividad<\/li>\n<li>Proporciona un mayor control sobre el contenido que se comparte en la comunidad.<\/li>\n<li>Fomenta el compromiso eliminando el miedo a cometer errores en las actualizaciones<\/li>\n<li>Aumenta la precisi\u00f3n y relevancia de la informaci\u00f3n compartida al habilitar las actualizaciones en tiempo real<\/li>\n<li>Admite moderadores de la comunidad al permitirles monitorear y modificar contenido generado por el usuario<\/li>\n<li>F\u00e1cil de instalar e integrar en un sitio alimentado por BuddyPress<\/li>\n<li>Configuraciones configurables para controlar qui\u00e9n puede editar sus publicaciones y por cu\u00e1nto tiempo<\/li>\n<li>Altamente personalizable y adaptable para que coincidan con la marca y el estilo del sitio.<\/li>\n<li>Mejora la funcionalidad general de BuddyPress al agregar una caracter\u00edstica muy necesaria.<\/li>\n<\/ul>\n","protected":false},"excerpt":{"rendered":"<p>El complemento de actividad editable de BuddyPress, una herramienta verdaderamente conveniente, otorga a los usuarios la invaluable capacidad de modificar y adaptar sus actualizaciones de actividad en la plataforma BuddyPress. Mediante este complemento, los usuarios poseen el poder de complementar sus actualizaciones con informaci\u00f3n adicional, rectificar cualquier error que pueda haber surgido y, sorprendentemente, incluso borrar una actualizaci\u00f3n de actividad por completo. Esta incre\u00edble caracter\u00edstica garantiza a los usuarios con un nivel de control elevado sobre su actividad en l\u00ednea, lo que les permite seleccionar un perfil de usuario que no solo sea m\u00e1s cautivador sino tambi\u00e9n profundamente preciso. Como si eso no fuera suficiente, este complemento notable se ve mejorado por sus herramientas de edici\u00f3n f\u00e1cil de usar y su gran variedad de opciones personalizables, lo que lo convierte en un activo muy bienvenido a cualquier comunidad impulsada por BuddyPress.<\/p>\n","protected":false},"featured_media":168838,"comment_status":"open","ping_status":"open","template":"","meta":[],"product_brand":[2387],"product_cat":[1214,1206,1211],"product_tag":[1818],"class_list":{"0":"post-138474","1":"product","2":"type-product","3":"status-publish","4":"has-post-thumbnail","6":"product_brand-buddydev","7":"product_cat-personalizacion","8":"product_cat-plugins","9":"product_cat-wordpress-plugins","10":"product_tag-buddydev","11":"member-discount","12":"discount-restricted","14":"first","15":"instock","16":"sale","17":"downloadable","18":"virtual","19":"sold-individually","20":"purchasable","21":"product-type-simple"},"_links":{"self":[{"href":"https:\/\/gpl-love.com\/es\/wp-json\/wp\/v2\/product\/138474","targetHints":{"allow":["GET"]}}],"collection":[{"href":"https:\/\/gpl-love.com\/es\/wp-json\/wp\/v2\/product"}],"about":[{"href":"https:\/\/gpl-love.com\/es\/wp-json\/wp\/v2\/types\/product"}],"replies":[{"embeddable":true,"href":"https:\/\/gpl-love.com\/es\/wp-json\/wp\/v2\/comments?post=138474"}],"wp:featuredmedia":[{"embeddable":true,"href":"https:\/\/gpl-love.com\/es\/wp-json\/wp\/v2\/media\/168838"}],"wp:attachment":[{"href":"https:\/\/gpl-love.com\/es\/wp-json\/wp\/v2\/media?parent=138474"}],"wp:term":[{"taxonomy":"product_brand","embeddable":true,"href":"https:\/\/gpl-love.com\/es\/wp-json\/wp\/v2\/product_brand?post=138474"},{"taxonomy":"product_cat","embeddable":true,"href":"https:\/\/gpl-love.com\/es\/wp-json\/wp\/v2\/product_cat?post=138474"},{"taxonomy":"product_tag","embeddable":true,"href":"https:\/\/gpl-love.com\/es\/wp-json\/wp\/v2\/product_tag?post=138474"}],"curies":[{"name":"wp","href":"https:\/\/api.w.org\/{rel}","templated":true}]}}