{"id":138473,"date":"2026-03-13T00:00:00","date_gmt":"2026-03-13T05:00:00","guid":{"rendered":"https:\/\/gpl-love.com\/es\/producto\/buddypress-user-badges\/"},"modified":"2026-03-13T11:17:01","modified_gmt":"2026-03-13T16:17:01","slug":"buddypress-user-badges","status":"publish","type":"product","link":"https:\/\/gpl-love.com\/es\/producto\/buddypress-user-badges\/","title":{"rendered":"User Badges BuddyPress 1.2.9"},"content":{"rendered":"<h3>User Badges BuddyPress Caracteristicas<\/h3>\n<p>Las insignias de usuario de BuddyPress, un complemento notable meticulosamente elaborado para mejorar la participaci\u00f3n del usuario en el sitio web de su comunidad BuddyPress, ofrece una experiencia de gamificaci\u00f3n exquisita. Al utilizar este complemento notable, se le otorga la capacidad de otorgar insignias prestigiosas a los usuarios como una muestra de su finalizaci\u00f3n exitosa de las tareas designadas o el logro de hitos trascendentales. Estas insignias sirven como representaciones tangibles de sus logros notables, fomentando un profundo sentido de comunidad dentro de su sitio web. Si bien este complemento presenta una variedad de insignias preexistentes para que pueda utilizar, tambi\u00e9n le facilita la creaci\u00f3n de sus propias insignias personalizadas a las necesidades \u00fanicas de su comunidad. En esencia, las insignias de usuarios de BuddyPress emergen como una herramienta incomparable para incentivar la participaci\u00f3n activa e inspirar a los usuarios a forjar un v\u00ednculo duradero con su estimado sitio web.<\/p>\n<ul>\n<li>Agregue una capa adicional de reconocimiento del usuario a su sitio de BuddyPress con insignias de usuario<\/li>\n<li>Recompensa a los usuarios con insignias personalizadas para completar acciones o hitos espec\u00edficos<\/li>\n<li>Mostrar insignias prominentemente en perfiles de usuario y flujos de actividad<\/li>\n<li>Elija entre una variedad de dise\u00f1os de insignias o cree el suyo con im\u00e1genes y texto personalizados<\/li>\n<li>Administrar y asignar f\u00e1cilmente insignias a los usuarios a trav\u00e9s del tablero de WordPress<\/li>\n<li>Fomentar la participaci\u00f3n del usuario y la lealtad con un sistema de insignias divertida e interactiva<\/li>\n<li>Compatible con la \u00faltima versi\u00f3n de BuddyPress y WordPress<\/li>\n<li>Actualizaciones regulares y soporte dedicado para una experiencia de usuario fluida.<\/li>\n<\/ul>\n","protected":false},"excerpt":{"rendered":"<p>BuddyPress User Bodges es un complemento excepcional que le otorga la oportunidad de otorgar insignias de m\u00e9rito bien merecidas a los estimados usuarios de su estimado sitio de BuddyPress. A trav\u00e9s de la utilizaci\u00f3n de este notable complemento, posee la capacidad de incentivar y fomentar efectivamente el comportamiento favorable del usuario, reconocer debidamente hitos significativos o logros loables, e infundir ingeniosamente un elemento de gamificaci\u00f3n en el tejido de su comunidad vibrante. Estas notables insignias se cuentan con su costumbre incomparable, lo que le permite adornarlas con t\u00edtulos \u00fanicamente cautivadores e im\u00e1genes visualmente cautivadoras, al tiempo que le brinda la libertad de determinar meticulosamente las acciones o umbrales precisos que justifican el logro de cada valiosa insignia. Al integrar las notables insignias de usuarios de BuddyPress en su refugio de redes sociales, se le garantiza que se mantenga de cabeza y hombros por encima de la competencia, ya que eleva activamente los niveles de compromiso de su estimada comunidad a alturas sin precedentes.<\/p>\n","protected":false},"featured_media":168837,"comment_status":"open","ping_status":"open","template":"","meta":[],"product_brand":[2387],"product_cat":[1214,1206,1211],"product_tag":[1818],"class_list":{"0":"post-138473","1":"product","2":"type-product","3":"status-publish","4":"has-post-thumbnail","6":"product_brand-buddydev","7":"product_cat-personalizacion","8":"product_cat-plugins","9":"product_cat-wordpress-plugins","10":"product_tag-buddydev","11":"member-discount","12":"discount-restricted","14":"first","15":"instock","16":"sale","17":"downloadable","18":"virtual","19":"sold-individually","20":"purchasable","21":"product-type-simple"},"_links":{"self":[{"href":"https:\/\/gpl-love.com\/es\/wp-json\/wp\/v2\/product\/138473","targetHints":{"allow":["GET"]}}],"collection":[{"href":"https:\/\/gpl-love.com\/es\/wp-json\/wp\/v2\/product"}],"about":[{"href":"https:\/\/gpl-love.com\/es\/wp-json\/wp\/v2\/types\/product"}],"replies":[{"embeddable":true,"href":"https:\/\/gpl-love.com\/es\/wp-json\/wp\/v2\/comments?post=138473"}],"wp:featuredmedia":[{"embeddable":true,"href":"https:\/\/gpl-love.com\/es\/wp-json\/wp\/v2\/media\/168837"}],"wp:attachment":[{"href":"https:\/\/gpl-love.com\/es\/wp-json\/wp\/v2\/media?parent=138473"}],"wp:term":[{"taxonomy":"product_brand","embeddable":true,"href":"https:\/\/gpl-love.com\/es\/wp-json\/wp\/v2\/product_brand?post=138473"},{"taxonomy":"product_cat","embeddable":true,"href":"https:\/\/gpl-love.com\/es\/wp-json\/wp\/v2\/product_cat?post=138473"},{"taxonomy":"product_tag","embeddable":true,"href":"https:\/\/gpl-love.com\/es\/wp-json\/wp\/v2\/product_tag?post=138473"}],"curies":[{"name":"wp","href":"https:\/\/api.w.org\/{rel}","templated":true}]}}