{"id":138472,"date":"2026-03-25T00:00:00","date_gmt":"2026-03-25T05:00:00","guid":{"rendered":"https:\/\/gpl-love.com\/es\/producto\/supportcandy-reports\/"},"modified":"2026-03-25T17:17:02","modified_gmt":"2026-03-25T22:17:02","slug":"supportcandy-reports","status":"publish","type":"product","link":"https:\/\/gpl-love.com\/es\/producto\/supportcandy-reports\/","title":{"rendered":"SupportCandy Reports 3.1.8"},"content":{"rendered":"<h3>SupportCandy Reports Caracteristicas<\/h3>\n<p>SupportCandy informa, siendo una herramienta de informes incre\u00edblemente robusta, sirve como un activo invaluable para las empresas que buscan obtener informaci\u00f3n profunda sobre sus esfuerzos de atenci\u00f3n al cliente. Al utilizar esta herramienta, las empresas pueden generar informes integrales que abarcan una amplia gama de aspectos relacionados con el soporte, que incluyen, entre otros, el volumen de boletos, el tiempo de respuesta, la tasa de resoluci\u00f3n, la satisfacci\u00f3n del cliente y muchos m\u00e1s. Estos informes se presentan en un formato altamente accesible, completo con gr\u00e1ficos y gr\u00e1ficos personalizables que facilitan la identificaci\u00f3n de tendencias prevalentes y la se\u00f1alizaci\u00f3n de las \u00e1reas que requieren mejoras. Adem\u00e1s, SupportCandy Reports proporciona capacidades de informes en tiempo real, lo que permite a las empresas monitorear continuamente sus m\u00e9tricas de soporte y tomar decisiones basadas en datos de inmediato. En consecuencia, es innegable que los informes de soporte de soporte sean una herramienta indispensable para cualquier negocio que se esfuerce por mejorar sus operaciones de atenci\u00f3n al cliente y fomentar experiencias m\u00e1s gratificantes del cliente.<\/p>\n<ul>\n<li>Un tablero de informes integral que proporciona informaci\u00f3n sobre el rendimiento de atenci\u00f3n al cliente<\/li>\n<li>Visualizaci\u00f3n de datos en tiempo real que resalta las m\u00e9tricas clave como el tiempo de respuesta, el tiempo de resoluci\u00f3n y el \u00edndice general de satisfacci\u00f3n del cliente<\/li>\n<li>Informes personalizables que pueden ser filtrados por fechas, equipos, agentes y otros par\u00e1metros para identificar tendencias y \u00e1reas de mejora<\/li>\n<li>Generaci\u00f3n de informes automatizados que ahorra tiempo y elimina el error humano al compilar datos<\/li>\n<li>Integraci\u00f3n con plataformas de mesa de ayuda populares como Zendesk y Freshdesk para consolidar todos los datos de soporte en un solo lugar<\/li>\n<li>Alertas instant\u00e1neas sobre cuestiones cr\u00edticas como un volumen de boletos altos o puntajes bajos de CSAT, lo que permite tomar medidas r\u00e1pidas<\/li>\n<li>Accesible en cualquier dispositivo, permitiendo el seguimiento y el monitoreo de soporte en el rendimiento de soporte<\/li>\n<li>Interfaz f\u00e1cil de usar que no requiere experiencia t\u00e9cnica para comprender y usar<\/li>\n<li>Planes de precios asequibles que atienden a empresas de todos los tama\u00f1os, con la opci\u00f3n de probar el producto de forma gratuita antes de comprometerse con una suscripci\u00f3n.<\/li>\n<\/ul>\n","protected":false},"excerpt":{"rendered":"<p>Obtenga informaci\u00f3n integral y profunda sobre el rendimiento de su estimado equipo de atenci\u00f3n al cliente aprovechando las capacidades excepcionales de los informes de soporte. Acceda a la perfecci\u00f3n y examine una extensa variedad de gr\u00e1ficos y gr\u00e1ficos f\u00e1ciles de usar de manera inteligente que presentan h\u00e1bilmente informaci\u00f3n invaluable relacionada con el volumen de boletos, los tiempos de respuesta, as\u00ed como las calificaciones de satisfacci\u00f3n del cliente entre otras m\u00e9tricas cruciales. Empod\u00e9rate para identificar y identificar sin esfuerzo \u00e1reas que requieran mejoras, lo que le permite tomar decisiones bien informadas y basadas en datos que est\u00e1n garantizadas para elevar y optimizar la experiencia general de atenci\u00f3n al cliente. Agilizar y refinar efectivamente su proceso de apoyo, aprovechando el potencial \u00fanico de los informes de soporte.<\/p>\n","protected":false},"featured_media":168836,"comment_status":"open","ping_status":"open","template":"","meta":[],"product_brand":[2570],"product_cat":[1212,1206,1211],"product_tag":[1808],"class_list":{"0":"post-138472","1":"product","2":"type-product","3":"status-publish","4":"has-post-thumbnail","6":"product_brand-supportcandy","7":"product_cat-administracion-wordpress-plugins","8":"product_cat-plugins","9":"product_cat-wordpress-plugins","10":"product_tag-supportcandy","11":"member-discount","12":"discount-restricted","14":"first","15":"instock","16":"sale","17":"downloadable","18":"virtual","19":"sold-individually","20":"purchasable","21":"product-type-simple"},"_links":{"self":[{"href":"https:\/\/gpl-love.com\/es\/wp-json\/wp\/v2\/product\/138472","targetHints":{"allow":["GET"]}}],"collection":[{"href":"https:\/\/gpl-love.com\/es\/wp-json\/wp\/v2\/product"}],"about":[{"href":"https:\/\/gpl-love.com\/es\/wp-json\/wp\/v2\/types\/product"}],"replies":[{"embeddable":true,"href":"https:\/\/gpl-love.com\/es\/wp-json\/wp\/v2\/comments?post=138472"}],"wp:featuredmedia":[{"embeddable":true,"href":"https:\/\/gpl-love.com\/es\/wp-json\/wp\/v2\/media\/168836"}],"wp:attachment":[{"href":"https:\/\/gpl-love.com\/es\/wp-json\/wp\/v2\/media?parent=138472"}],"wp:term":[{"taxonomy":"product_brand","embeddable":true,"href":"https:\/\/gpl-love.com\/es\/wp-json\/wp\/v2\/product_brand?post=138472"},{"taxonomy":"product_cat","embeddable":true,"href":"https:\/\/gpl-love.com\/es\/wp-json\/wp\/v2\/product_cat?post=138472"},{"taxonomy":"product_tag","embeddable":true,"href":"https:\/\/gpl-love.com\/es\/wp-json\/wp\/v2\/product_tag?post=138472"}],"curies":[{"name":"wp","href":"https:\/\/api.w.org\/{rel}","templated":true}]}}