{"id":138471,"date":"2026-03-23T00:00:00","date_gmt":"2026-03-23T05:00:00","guid":{"rendered":"https:\/\/gpl-love.com\/es\/producto\/supportcandy-satisfaction-survey\/"},"modified":"2026-03-23T17:16:43","modified_gmt":"2026-03-23T22:16:43","slug":"supportcandy-satisfaction-survey","status":"publish","type":"product","link":"https:\/\/gpl-love.com\/es\/producto\/supportcandy-satisfaction-survey\/","title":{"rendered":"SupportCandy Satisfaction Survey 3.2.3"},"content":{"rendered":"<h3>SupportCandy Satisfaction Survey Caracteristicas<\/h3>\n<p>SupportCandy Satisfaction Survey es una herramienta incre\u00edblemente robusta e ingeniosa que ha sido meticulosamente elaborada para ayudar en gran medida a las empresas en el proceso de recopilar comentarios inmensamente valiosos de sus estimados clientes. Esta estimada herramienta de manera efectiva permite a las empresas seleccionar y personalizar expertos en encuestas meticulosamente personalizadas que pueden enviar de manera perfecta a sus estimados clientes, lo que facilita astutamente la adquisici\u00f3n de ideas invaluables sobre los niveles de satisfacci\u00f3n de sus clientes estimados, al tiempo que les proporciona una gu\u00eda crucial en t\u00e9rminos t\u00e9rminos en t\u00e9rminos de t\u00e9rminos. de \u00e1reas que requieren mejoras. Esta soluci\u00f3n de encuesta exquisitamente dise\u00f1ada ha sido astutamente dise\u00f1ada para ser asombrosamente f\u00e1cil de usar y extremadamente accesible, ya que se puede acceder sin esfuerzo desde cualquier dispositivo, asegurando as\u00ed una experiencia de participaci\u00f3n de clientes altamente conveniente y sin problemas. Los datos excepcionalmente completos y profundos que se recopilan expertos se organizan meticulosamente en informes muy perspicaces, equipando de manera efectiva a las empresas con la invaluable capacidad para identificar con \u00e9xito las tendencias prevalentes y, en \u00faltima instancia, tomar decisiones incre\u00edblemente prudentes y bien informadas. En consecuencia, con la notable asistencia de la encuesta de satisfacci\u00f3n de Supportcandy, a las empresas se les otorga inherentemente la extraordinaria oportunidad de mejorar significativamente la satisfacci\u00f3n del cliente, fomentar y cultivar la lealtad inquebrantable del cliente, y finalmente impulsar un crecimiento y prosperidad incomparables.<\/p>\n<ul>\n<li>Recopilar y analizar los comentarios de los clientes sobre sus productos o servicios<\/li>\n<li>Obtenga informaci\u00f3n valiosa sobre la satisfacci\u00f3n del cliente y las \u00e1reas de mejora<\/li>\n<li>Personalizar las preguntas de la encuesta y el dise\u00f1o para adaptarse a su marca y audiencia<\/li>\n<li>Identificar tendencias y patrones en los comentarios de los clientes para informar las decisiones comerciales<\/li>\n<li>F\u00e1cil integraci\u00f3n con el software de atenci\u00f3n al cliente de SupportCandy para una experiencia perfecta al cliente<\/li>\n<li>Exportar datos de la encuesta a Excel o CSV para un an\u00e1lisis posterior o informes<\/li>\n<li>Desencadenantes automatizados para enviar encuestas de satisfacci\u00f3n despu\u00e9s de las interacciones del cliente<\/li>\n<li>Monitorear y rastrear las tasas de respuesta de la encuesta en tiempo real<\/li>\n<li>Mejorar la lealtad y la retenci\u00f3n del cliente abordando \u00e1reas de preocupaci\u00f3n y mostrando aprecio por los comentarios positivos.<\/li>\n<\/ul>\n","protected":false},"excerpt":{"rendered":"<p>La encuesta SupportCandy Satisfaction ofrece a las empresas un medio altamente efectivo y eficiente para adquirir comentarios esenciales de su base de clientes, mejorando as\u00ed la calidad de sus servicios de atenci\u00f3n al cliente. A trav\u00e9s de la utilizaci\u00f3n de herramientas f\u00e1ciles de usar y personalizables, las empresas pueden dise\u00f1ar encuestas sin esfuerzo que se adapten perfectamente a capturar la informaci\u00f3n precisa requerida para elevar los niveles de satisfacci\u00f3n del cliente, fomentar una mayor lealtad del cliente y, en \u00faltima instancia, fomentar el crecimiento empresarial. Al aprovechar la encuesta de satisfacci\u00f3n de SupportCandy, las empresas pueden alcanzar informaci\u00f3n valiosa sobre las percepciones de los clientes, optimizar sus sistemas de apoyo y cultivar una reputaci\u00f3n de marca fuerte y positiva.<\/p>\n","protected":false},"featured_media":168835,"comment_status":"open","ping_status":"open","template":"","meta":[],"product_brand":[2570],"product_cat":[1212,1206,1211],"product_tag":[1808],"class_list":{"0":"post-138471","1":"product","2":"type-product","3":"status-publish","4":"has-post-thumbnail","6":"product_brand-supportcandy","7":"product_cat-administracion-wordpress-plugins","8":"product_cat-plugins","9":"product_cat-wordpress-plugins","10":"product_tag-supportcandy","11":"member-discount","12":"discount-restricted","14":"first","15":"instock","16":"sale","17":"downloadable","18":"virtual","19":"sold-individually","20":"purchasable","21":"product-type-simple"},"_links":{"self":[{"href":"https:\/\/gpl-love.com\/es\/wp-json\/wp\/v2\/product\/138471","targetHints":{"allow":["GET"]}}],"collection":[{"href":"https:\/\/gpl-love.com\/es\/wp-json\/wp\/v2\/product"}],"about":[{"href":"https:\/\/gpl-love.com\/es\/wp-json\/wp\/v2\/types\/product"}],"replies":[{"embeddable":true,"href":"https:\/\/gpl-love.com\/es\/wp-json\/wp\/v2\/comments?post=138471"}],"wp:featuredmedia":[{"embeddable":true,"href":"https:\/\/gpl-love.com\/es\/wp-json\/wp\/v2\/media\/168835"}],"wp:attachment":[{"href":"https:\/\/gpl-love.com\/es\/wp-json\/wp\/v2\/media?parent=138471"}],"wp:term":[{"taxonomy":"product_brand","embeddable":true,"href":"https:\/\/gpl-love.com\/es\/wp-json\/wp\/v2\/product_brand?post=138471"},{"taxonomy":"product_cat","embeddable":true,"href":"https:\/\/gpl-love.com\/es\/wp-json\/wp\/v2\/product_cat?post=138471"},{"taxonomy":"product_tag","embeddable":true,"href":"https:\/\/gpl-love.com\/es\/wp-json\/wp\/v2\/product_tag?post=138471"}],"curies":[{"name":"wp","href":"https:\/\/api.w.org\/{rel}","templated":true}]}}