{"id":138470,"date":"2026-03-23T00:00:00","date_gmt":"2026-03-23T05:00:00","guid":{"rendered":"https:\/\/gpl-love.com\/es\/producto\/supportcandy-schedule-tickets\/"},"modified":"2026-03-23T17:16:42","modified_gmt":"2026-03-23T22:16:42","slug":"supportcandy-schedule-tickets","status":"publish","type":"product","link":"https:\/\/gpl-love.com\/es\/producto\/supportcandy-schedule-tickets\/","title":{"rendered":"SupportCandy Schedule Tickets 3.1.2"},"content":{"rendered":"<h3>SupportCandy Schedule Tickets Caracteristicas<\/h3>\n<p>Los boletos de SupportCandy Schedule es una aplicaci\u00f3n de software muy robusta y avanzada que ofrece a las empresas un medio altamente eficiente y efectivo para manejar y administrar efectivamente sus boletos de atenci\u00f3n al cliente. Esta soluci\u00f3n de software de vanguardia permite a los clientes programar sin esfuerzo y convenientemente sus boletos de soporte, lo que permite a las empresas monitorear y realizar pesta\u00f1as sin problemas en sus solicitudes de soporte y dir\u00edjalos de manera inmediata de manera oportuna y inmediata. Al aprovechar las capacidades y funcionalidades excepcionales de los tickets de programaci\u00f3n de soporte, las empresas pueden optimizar efectivamente su proceso de apoyo, mejorar y elevar significativamente los niveles de satisfacci\u00f3n del cliente, y finalmente reforzar y aumentar sus ingresos generales y su desempe\u00f1o financiero. Esta plataforma de software altamente f\u00e1cil de usar, intuitiva y rica en funciones sirve como una herramienta crucial e indispensable para cualquier empresa u organizaci\u00f3n que tenga como objetivo entregar y proporcionar atenci\u00f3n al cliente excepcional e incomparable. Independientemente de la escala o el tama\u00f1o de su establecimiento comercial, ya sea una empresa a peque\u00f1a escala o una gran corporaci\u00f3n multinacional, los boletos de programaci\u00f3n de soporte de soporte representan la soluci\u00f3n definitiva y \u00f3ptima para administrar y administrar sus boletos de soporte y brindar un servicio al cliente extraordinario y sobresaliente que lo establece Aparte de la competencia.<\/p>\n<ul>\n<li>Programar boletos para la gesti\u00f3n eficiente de atenci\u00f3n al cliente<\/li>\n<li>La interfaz f\u00e1cil de usar permite una programaci\u00f3n r\u00e1pida de boletos<\/li>\n<li>Opciones de programaci\u00f3n personalizables para satisfacer las necesidades de su equipo de soporte<\/li>\n<li>Ahorra tiempo y mejora la productividad al automatizar la programaci\u00f3n de boletos<\/li>\n<li>Permite a los miembros del equipo de soporte concentrarse en resolver problemas de los clientes en lugar de programar boletos manualmente<\/li>\n<li>Proporciona un sistema centralizado para administrar y rastrear boletos programados<\/li>\n<li>Funciona sin problemas con otras caracter\u00edsticas de soporte para una soluci\u00f3n integral de atenci\u00f3n al cliente<\/li>\n<\/ul>\n","protected":false},"excerpt":{"rendered":"<p>Con la caracter\u00edstica revolucionaria de los boletos de SupportCandy Schedule, la ardua tarea de administrar su servicio de asistencia se vuelve significativamente m\u00e1s f\u00e1cil, otorg\u00e1ndole la capacidad de programar boletos para resolverse en momentos y fechas precisas. Esta funci\u00f3n invaluable le permite asignar efectivamente su carga de trabajo y, por lo tanto, superar las expectativas de los clientes. Atr\u00e1s quedaron los d\u00edas de tratar fren\u00e9ticamente de completar los boletos antes del final del d\u00eda o faltar incesantemente plazos vitales: los boletos de SupportCandy Schedule garantizan una cobertura integral. Abrace hoy esta herramienta de vanguardia y presencie de primera mano la eficiencia extraordinaria que su equipo de apoyo puede lograr.<\/p>\n","protected":false},"featured_media":168834,"comment_status":"open","ping_status":"open","template":"","meta":[],"product_brand":[2570],"product_cat":[1212,1206,1211],"product_tag":[1808],"class_list":{"0":"post-138470","1":"product","2":"type-product","3":"status-publish","4":"has-post-thumbnail","6":"product_brand-supportcandy","7":"product_cat-administracion-wordpress-plugins","8":"product_cat-plugins","9":"product_cat-wordpress-plugins","10":"product_tag-supportcandy","11":"member-discount","12":"discount-restricted","14":"first","15":"instock","16":"sale","17":"downloadable","18":"virtual","19":"sold-individually","20":"purchasable","21":"product-type-simple"},"_links":{"self":[{"href":"https:\/\/gpl-love.com\/es\/wp-json\/wp\/v2\/product\/138470","targetHints":{"allow":["GET"]}}],"collection":[{"href":"https:\/\/gpl-love.com\/es\/wp-json\/wp\/v2\/product"}],"about":[{"href":"https:\/\/gpl-love.com\/es\/wp-json\/wp\/v2\/types\/product"}],"replies":[{"embeddable":true,"href":"https:\/\/gpl-love.com\/es\/wp-json\/wp\/v2\/comments?post=138470"}],"wp:featuredmedia":[{"embeddable":true,"href":"https:\/\/gpl-love.com\/es\/wp-json\/wp\/v2\/media\/168834"}],"wp:attachment":[{"href":"https:\/\/gpl-love.com\/es\/wp-json\/wp\/v2\/media?parent=138470"}],"wp:term":[{"taxonomy":"product_brand","embeddable":true,"href":"https:\/\/gpl-love.com\/es\/wp-json\/wp\/v2\/product_brand?post=138470"},{"taxonomy":"product_cat","embeddable":true,"href":"https:\/\/gpl-love.com\/es\/wp-json\/wp\/v2\/product_cat?post=138470"},{"taxonomy":"product_tag","embeddable":true,"href":"https:\/\/gpl-love.com\/es\/wp-json\/wp\/v2\/product_tag?post=138470"}],"curies":[{"name":"wp","href":"https:\/\/api.w.org\/{rel}","templated":true}]}}