{"id":138469,"date":"2026-03-25T00:00:00","date_gmt":"2026-03-25T05:00:00","guid":{"rendered":"https:\/\/gpl-love.com\/es\/producto\/supportcandy-sla\/"},"modified":"2026-03-25T17:17:01","modified_gmt":"2026-03-25T22:17:01","slug":"supportcandy-sla","status":"publish","type":"product","link":"https:\/\/gpl-love.com\/es\/producto\/supportcandy-sla\/","title":{"rendered":"SupportCandy SLA 3.1.9"},"content":{"rendered":"<h3>SupportCandy SLA Caracteristicas<\/h3>\n<p>El SupportCandy SLA, que es una herramienta incre\u00edblemente valiosa para las empresas con el objetivo de mejorar sus servicios de atenci\u00f3n al cliente, presenta un acuerdo de nivel de servicio transparente que delinea a fondo el alcance del soporte que los clientes pueden anticipar, estableciendo as\u00ed las expectativas pragm\u00e1ticas para ambas partes involucradas. Al emplear el Supportcandy SLA, las empresas pueden determinar efectivamente que cumplen adecuadamente con los requisitos del cliente y brindan un servicio de primer nivel. Este notable software tambi\u00e9n incorpora caracter\u00edsticas notables, como la escalada autom\u00e1tica de boletos basados \u200b\u200ben sus respectivos niveles de prioridad, as\u00ed como funcionalidades integrales de informes que facilitan el seguimiento meticuloso del rendimiento del equipo de apoyo de una empresa. A trav\u00e9s de la utilizaci\u00f3n de la SLA Supportcandy, las empresas pueden aumentar acertadamente la satisfacci\u00f3n y la lealtad del cliente, mientras mejoran sus propios procedimientos operativos internos.<\/p>\n<ul>\n<li>SupportCandy SLA es un sistema de apoyo integral dise\u00f1ado para optimizar su proceso de servicio al cliente y mejorar los tiempos de respuesta.<\/li>\n<li>Este producto le permite establecer y cumplir con los objetivos de SLA (acuerdo a nivel de servicio) para tiempos de resoluci\u00f3n de boletos m\u00e1s r\u00e1pidos y mayores tasas de satisfacci\u00f3n del cliente.<\/li>\n<li>Con SupportCandy SLA, puede definir y asignar pol\u00edticas de SLA a boletos individuales, asegurando que los problemas de soporte de alta prioridad se aborden de manera r\u00e1pida y eficiente.<\/li>\n<li>El sistema incluye una variedad de plantillas personalizables y flujos de trabajo automatizados, lo que facilita el seguimiento y la administraci\u00f3n de solicitudes de soporte de principio a fin.<\/li>\n<li>Al proporcionar a su equipo una poderosa herramienta de soporte, SupportCandy SLA puede ayudar a aumentar la productividad, reducir los errores y minimizar la frustraci\u00f3n del cliente.<\/li>\n<li>Caracter\u00edsticas como informes granulares, an\u00e1lisis e integraciones con CRMS l\u00edderes y plataformas de mesa de ayuda le permiten obtener informaci\u00f3n sobre sus operaciones de soporte y mejorar sus niveles de servicio con el tiempo.<\/li>\n<li>SupportCandy SLA es escalable y es adecuado para empresas de todos los tama\u00f1os, desde nuevas empresas hasta grandes empresas.<\/li>\n<li>El producto est\u00e1 respaldado por un equipo de profesionales de apoyo dedicados que pueden ayudar con la implementaci\u00f3n, la personalizaci\u00f3n y la soluci\u00f3n de problemas.<\/li>\n<li>En \u00faltima instancia, SupportCandy SLA es una soluci\u00f3n confiable y efectiva para las organizaciones que buscan llevar su servicio al cliente al siguiente nivel.<\/li>\n<\/ul>\n","protected":false},"excerpt":{"rendered":"<p>SupportCandy SLA es una extensi\u00f3n que ha sido dise\u00f1ada para actuar como un acuerdo de nivel de servicio para el complemento SupportCandy, que otorga a las empresas acceso a una gran cantidad de funciones de atenci\u00f3n al cliente mejoradas. Al implementar SupportCandy SLA, las empresas pueden garantizar efectivamente que su equipo de apoyo est\u00e1 cumpliendo constantemente sus compromisos a nivel de servicio a trav\u00e9s del establecimiento de m\u00e9tricas espec\u00edficas relacionadas con los tiempos de respuesta, la resoluci\u00f3n de boletos y las calificaciones de satisfacci\u00f3n del cliente. Esta notable extensi\u00f3n no solo permite a las empresas ofrecer atenci\u00f3n al cliente incomparable, sino que tambi\u00e9n facilita el monitoreo de sus avances y la mejora de su experiencia general del cliente.<\/p>\n","protected":false},"featured_media":168833,"comment_status":"open","ping_status":"open","template":"","meta":[],"product_brand":[2570],"product_cat":[1212,1206,1211],"product_tag":[1808],"class_list":{"0":"post-138469","1":"product","2":"type-product","3":"status-publish","4":"has-post-thumbnail","6":"product_brand-supportcandy","7":"product_cat-administracion-wordpress-plugins","8":"product_cat-plugins","9":"product_cat-wordpress-plugins","10":"product_tag-supportcandy","11":"member-discount","12":"discount-restricted","14":"first","15":"instock","16":"sale","17":"downloadable","18":"virtual","19":"sold-individually","20":"purchasable","21":"product-type-simple"},"_links":{"self":[{"href":"https:\/\/gpl-love.com\/es\/wp-json\/wp\/v2\/product\/138469","targetHints":{"allow":["GET"]}}],"collection":[{"href":"https:\/\/gpl-love.com\/es\/wp-json\/wp\/v2\/product"}],"about":[{"href":"https:\/\/gpl-love.com\/es\/wp-json\/wp\/v2\/types\/product"}],"replies":[{"embeddable":true,"href":"https:\/\/gpl-love.com\/es\/wp-json\/wp\/v2\/comments?post=138469"}],"wp:featuredmedia":[{"embeddable":true,"href":"https:\/\/gpl-love.com\/es\/wp-json\/wp\/v2\/media\/168833"}],"wp:attachment":[{"href":"https:\/\/gpl-love.com\/es\/wp-json\/wp\/v2\/media?parent=138469"}],"wp:term":[{"taxonomy":"product_brand","embeddable":true,"href":"https:\/\/gpl-love.com\/es\/wp-json\/wp\/v2\/product_brand?post=138469"},{"taxonomy":"product_cat","embeddable":true,"href":"https:\/\/gpl-love.com\/es\/wp-json\/wp\/v2\/product_cat?post=138469"},{"taxonomy":"product_tag","embeddable":true,"href":"https:\/\/gpl-love.com\/es\/wp-json\/wp\/v2\/product_tag?post=138469"}],"curies":[{"name":"wp","href":"https:\/\/api.w.org\/{rel}","templated":true}]}}