{"id":138468,"date":"2026-03-23T00:00:00","date_gmt":"2026-03-23T05:00:00","guid":{"rendered":"https:\/\/gpl-love.com\/es\/producto\/supportcandy-timer\/"},"modified":"2026-03-23T17:16:41","modified_gmt":"2026-03-23T22:16:41","slug":"supportcandy-timer","status":"publish","type":"product","link":"https:\/\/gpl-love.com\/es\/producto\/supportcandy-timer\/","title":{"rendered":"SupportCandy Timer 3.2.0"},"content":{"rendered":"<h3>SupportCandy Timer Caracteristicas<\/h3>\n<p>El temporizador de soporte, una herramienta incre\u00edblemente \u00fatil para administrar efectivamente las tareas de atenci\u00f3n al cliente, demuestra ser un activo instrumental. Al utilizar este temporizador, los agentes de atenci\u00f3n al cliente pueden monitorear meticulosamente la duraci\u00f3n dedicada a cada tarea, lo que posteriormente garantiza que su asignaci\u00f3n de tiempo sea \u00f3ptimamente eficiente. La simplicidad excepcional exhibida por el temporizador SupportCandy, al que se puede acceder directamente desde el tablero de soporte, contribuye a\u00fan m\u00e1s a su atractivo general. Adem\u00e1s, su versatilidad se ejemplifica a trav\u00e9s de la capacidad de personalizarlo y adaptarlo a las preferencias individuales, lo que permite a los usuarios establecer limitaciones de tiempo precisas para diversas tareas de soporte. En consecuencia, con la incorporaci\u00f3n de este temporizador, los equipos de atenci\u00f3n al cliente pueden mejorar sustancialmente sus niveles de productividad, al tiempo que proporciona un calibre excepcional de servicio a sus valiosos clientes.<\/p>\n<ul>\n<li>Herramienta de temporizador f\u00e1cil de usar dise\u00f1ada para agentes de atenci\u00f3n al cliente<\/li>\n<li>Permite a los agentes establecer l\u00edmites de tiempo para las interacciones del cliente<\/li>\n<li>Muestra un temporizador de cuenta regresiva para cada interacci\u00f3n<\/li>\n<li>Proporciona alertas cuando se acerca el l\u00edmite de tiempo o ha expirado<\/li>\n<li>Ayuda a mejorar la eficiencia y la productividad del agente<\/li>\n<li>Configuraci\u00f3n personalizable para satisfacer necesidades comerciales espec\u00edficas<\/li>\n<li>Se puede utilizar junto con otras herramientas de atenci\u00f3n al cliente<\/li>\n<li>Disponible para dispositivos de escritorio y m\u00f3viles<\/li>\n<li>Instalaci\u00f3n simple e interfaz de usuario<\/li>\n<li>Administra eficientemente las consultas de atenci\u00f3n al cliente, aumentando la satisfacci\u00f3n del cliente.<\/li>\n<\/ul>\n","protected":false},"excerpt":{"rendered":"<p>El temporizador SupportCandy, una herramienta altamente eficiente dise\u00f1ada para mejorar la administraci\u00f3n de su tiempo de atenci\u00f3n al cliente, es un activo invaluable. Al utilizar este temporizador f\u00e1cil de usar, puede garantizar que ninguna fecha l\u00edmite se deslice a trav\u00e9s de las grietas, lo que le brinda la tranquilidad para dirigir su atenci\u00f3n hacia lo que realmente cuenta: \u00a1sus estimados clientes! Con una multitud de configuraciones personalizables, tiene la capacidad de establecer sin esfuerzo sus intervalos de tiempo preferidos y recibir alertas oportunas. \u00a1No se demore m\u00e1s! \u00a1Adquiere su propio temporizador de soporte hoy y desbloquee el potencial para optimizar su productividad en la atenci\u00f3n al cliente!<\/p>\n","protected":false},"featured_media":168832,"comment_status":"open","ping_status":"open","template":"","meta":[],"product_brand":[2570],"product_cat":[1212,1206,1211],"product_tag":[1808],"class_list":{"0":"post-138468","1":"product","2":"type-product","3":"status-publish","4":"has-post-thumbnail","6":"product_brand-supportcandy","7":"product_cat-administracion-wordpress-plugins","8":"product_cat-plugins","9":"product_cat-wordpress-plugins","10":"product_tag-supportcandy","11":"member-discount","12":"discount-restricted","14":"first","15":"instock","16":"sale","17":"downloadable","18":"virtual","19":"sold-individually","20":"purchasable","21":"product-type-simple"},"_links":{"self":[{"href":"https:\/\/gpl-love.com\/es\/wp-json\/wp\/v2\/product\/138468","targetHints":{"allow":["GET"]}}],"collection":[{"href":"https:\/\/gpl-love.com\/es\/wp-json\/wp\/v2\/product"}],"about":[{"href":"https:\/\/gpl-love.com\/es\/wp-json\/wp\/v2\/types\/product"}],"replies":[{"embeddable":true,"href":"https:\/\/gpl-love.com\/es\/wp-json\/wp\/v2\/comments?post=138468"}],"wp:featuredmedia":[{"embeddable":true,"href":"https:\/\/gpl-love.com\/es\/wp-json\/wp\/v2\/media\/168832"}],"wp:attachment":[{"href":"https:\/\/gpl-love.com\/es\/wp-json\/wp\/v2\/media?parent=138468"}],"wp:term":[{"taxonomy":"product_brand","embeddable":true,"href":"https:\/\/gpl-love.com\/es\/wp-json\/wp\/v2\/product_brand?post=138468"},{"taxonomy":"product_cat","embeddable":true,"href":"https:\/\/gpl-love.com\/es\/wp-json\/wp\/v2\/product_cat?post=138468"},{"taxonomy":"product_tag","embeddable":true,"href":"https:\/\/gpl-love.com\/es\/wp-json\/wp\/v2\/product_tag?post=138468"}],"curies":[{"name":"wp","href":"https:\/\/api.w.org\/{rel}","templated":true}]}}