{"id":138466,"date":"2025-05-26T00:00:00","date_gmt":"2025-05-26T05:00:00","guid":{"rendered":"https:\/\/gpl-love.com\/es\/producto\/meta-box-favorite-posts\/"},"modified":"2026-03-09T08:38:21","modified_gmt":"2026-03-09T13:38:21","slug":"meta-box-favorite-posts","status":"publish","type":"product","link":"https:\/\/gpl-love.com\/es\/producto\/meta-box-favorite-posts\/","title":{"rendered":"Meta Box Favorite Posts 2.0.9"},"content":{"rendered":"<h3>Meta Box Favorite Posts Caracteristicas<\/h3>\n<p>El complemento de publicaciones favoritas de Meta Box, que ha sido dise\u00f1ado meticulosamente, tiene el prop\u00f3sito de mejorar la experiencia del usuario a trav\u00e9s de su provisi\u00f3n de una caracter\u00edstica que permite a los usuarios designar sus publicaciones favoritas. Este complemento ventajoso esencialmente elimina la necesidad de que los usuarios gasten el esfuerzo y el tiempo en la b\u00fasqueda manual de su contenido preferido, ya que les otorga la conveniencia de preservar y acceder sin esfuerzo a su contenido deseado. Adem\u00e1s, el complemento se caracteriza por su notable adaptabilidad, proporcionando a los usuarios la libertad de ejercer su discreci\u00f3n al seleccionar las publicaciones espec\u00edficas que desean designar como favoritos, as\u00ed como determinar la ubicaci\u00f3n precisa en la que deber\u00eda ubicarse el bot\u00f3n favorito. En consecuencia, se hace muy evidente que el complemento de publicaciones favoritas de Meta Box sirve como un recurso impecable para blogueros y propietarios de sitios web que fomentan el deseo de elevar la usabilidad general y aumentar la participaci\u00f3n del usuario en sus respectivas plataformas. Al presentar a la perfecci\u00f3n una soluci\u00f3n sencilla pero altamente eficaz que es f\u00e1cil de usar y f\u00e1cilmente implementable, este complemento surge como la elecci\u00f3n por excelencia para aquellos que tienen la intenci\u00f3n de optimizar sus sitios web.<\/p>\n<ul>\n<li>Facilita el f\u00e1cil acceso a publicaciones visitadas con frecuencia<\/li>\n<li>Permite a los usuarios marcar las publicaciones como favoritos para una recuperaci\u00f3n m\u00e1s r\u00e1pida<\/li>\n<li>Ahorra tiempo eliminando la necesidad de buscar contenido con frecuencia<\/li>\n<li>Compatible con la mayor\u00eda de los temas y complementos de WordPress<\/li>\n<li>Interfaz f\u00e1cil de usar para una f\u00e1cil configuraci\u00f3n y administraci\u00f3n<\/li>\n<li>No se requiere codificaci\u00f3n, por lo que es accesible para los usuarios de todos los niveles de habilidad.<\/li>\n<li>Mejora la productividad al reducir el tiempo dedicado a buscar contenido importante<\/li>\n<li>Se puede personalizar con varias opciones de visualizaci\u00f3n para que coincida con el dise\u00f1o del sitio web<\/li>\n<li>Aumenta la eficiencia del sitio web mejorando la experiencia del usuario<\/li>\n<li>Ayuda a realizar un seguimiento de las publicaciones populares y optimizar el contenido del sitio web<\/li>\n<\/ul>\n","protected":false},"excerpt":{"rendered":"<p>El complemento de publicaciones favoritas de Meta Box es una herramienta excepcional adecuada para personas que buscan una soluci\u00f3n perfecta y eficiente para preservar y recuperar sus publicaciones preferidas de WordPress sin esfuerzo. Por medio de un solo par de clics, los usuarios tienen la capacidad de designar cualquier publicaci\u00f3n como favorita, lo que posteriormente la localiza sin esfuerzo en un momento posterior a trav\u00e9s de un tablero especializado dedicado a las publicaciones favoritas. Independientemente de si uno es un blogger, creador de contenido o simplemente un ferviente admirador de WordPress, este complemento demuestra ser invaluable en t\u00e9rminos de medidas que ahorran tiempo y facilitan el descubrimiento de publicaciones apreciadas.<\/p>\n","protected":false},"featured_media":168831,"comment_status":"open","ping_status":"open","template":"","meta":[],"product_brand":[2497],"product_cat":[1214,1206,1211],"product_tag":[2216],"class_list":{"0":"post-138466","1":"product","2":"type-product","3":"status-publish","4":"has-post-thumbnail","6":"product_brand-meta-box","7":"product_cat-personalizacion","8":"product_cat-plugins","9":"product_cat-wordpress-plugins","10":"product_tag-meta-box","11":"member-discount","12":"discount-restricted","14":"first","15":"instock","16":"sale","17":"downloadable","18":"virtual","19":"sold-individually","20":"purchasable","21":"product-type-simple"},"_links":{"self":[{"href":"https:\/\/gpl-love.com\/es\/wp-json\/wp\/v2\/product\/138466","targetHints":{"allow":["GET"]}}],"collection":[{"href":"https:\/\/gpl-love.com\/es\/wp-json\/wp\/v2\/product"}],"about":[{"href":"https:\/\/gpl-love.com\/es\/wp-json\/wp\/v2\/types\/product"}],"replies":[{"embeddable":true,"href":"https:\/\/gpl-love.com\/es\/wp-json\/wp\/v2\/comments?post=138466"}],"wp:featuredmedia":[{"embeddable":true,"href":"https:\/\/gpl-love.com\/es\/wp-json\/wp\/v2\/media\/168831"}],"wp:attachment":[{"href":"https:\/\/gpl-love.com\/es\/wp-json\/wp\/v2\/media?parent=138466"}],"wp:term":[{"taxonomy":"product_brand","embeddable":true,"href":"https:\/\/gpl-love.com\/es\/wp-json\/wp\/v2\/product_brand?post=138466"},{"taxonomy":"product_cat","embeddable":true,"href":"https:\/\/gpl-love.com\/es\/wp-json\/wp\/v2\/product_cat?post=138466"},{"taxonomy":"product_tag","embeddable":true,"href":"https:\/\/gpl-love.com\/es\/wp-json\/wp\/v2\/product_tag?post=138466"}],"curies":[{"name":"wp","href":"https:\/\/api.w.org\/{rel}","templated":true}]}}