{"id":138465,"date":"2025-10-10T00:00:00","date_gmt":"2025-10-10T05:00:00","guid":{"rendered":"https:\/\/gpl-love.com\/es\/producto\/supportcandy-gravity-form-integration\/"},"modified":"2026-03-09T08:11:21","modified_gmt":"2026-03-09T13:11:21","slug":"supportcandy-gravity-form-integration","status":"publish","type":"product","link":"https:\/\/gpl-love.com\/es\/producto\/supportcandy-gravity-form-integration\/","title":{"rendered":"SupportCandy Gravity Form Integration 3.1.5"},"content":{"rendered":"<h3>SupportCandy Gravity Form Integration Caracteristicas<\/h3>\n<p>La integraci\u00f3n de formulario de gravedad de SupportCandy es una herramienta incre\u00edblemente potente y altamente eficiente que integra perfectamente dos de las plataformas m\u00e1s utilizadas en el amplio y expansivo reino de la atenci\u00f3n al cliente: formularios de soporte y gravedad. Esta notable integraci\u00f3n le proporciona la notable capacidad de capturar y recopilar consultas de clientes y comentarios valiosos a trav\u00e9s de la utilizaci\u00f3n de los formularios de gravedad de renombre, que posteriormente facilitan la integraci\u00f3n perfecta de estos valiosos datos en su estimado entorno de soporte. A trav\u00e9s de la utilizaci\u00f3n de la notable integraci\u00f3n de la forma de gravedad de soporte, puede optimizar de manera efectiva y optimizar su proceso de atenci\u00f3n al cliente, lo que resulta en una reducci\u00f3n sustancial en los tiempos de respuesta y, en \u00faltima instancia, proporciona a su estimada clientela una experiencia general no igual y verdaderamente superlativa. La integraci\u00f3n en s\u00ed es incre\u00edblemente directa y sin complicaciones tanto para configurar como para utilizar, al tiempo que proporciona una amplia gama de opciones altamente personalizables, lo que garantiza que satisfaga sin esfuerzo a sus necesidades espec\u00edficas e individualizadas. Ya sea que preside una empresa de peque\u00f1a escala diminuta y modesta o un gigante corporativo extenso y expansivo, las capacidades impresionantes de la integraci\u00f3n del formulario de gravedad de soporte se permitir\u00e1n invariablemente e indiscutiblemente a elevar y trascender los \u00e1mbitos de la atenci\u00f3n al cliente, lo que propondr\u00e1 que su propina a su Estimado organizaci\u00f3n a las vertiginosas alturas de excelencia y un \u00e9xito incomparable.<\/p>\n<ul>\n<li>Integra su sistema de mesa de ayuda con formularios de gravedad<\/li>\n<li>Permite a los clientes enviar boletos de soporte directamente desde un formulario de gravedad en su sitio web<\/li>\n<li>Redacci\u00f3n del proceso de env\u00edo de boletos de soporte eliminando la necesidad de que los clientes visiten una p\u00e1gina de soporte separada<\/li>\n<li>Mejora la experiencia del cliente al facilitarles la ayuda<\/li>\n<li>Crea autom\u00e1ticamente un nuevo boleto en su sistema de soporte cuando un cliente env\u00eda un formulario de gravedad<\/li>\n<li>Mejora la eficiencia del equipo de apoyo al reducir la creaci\u00f3n de entradas manuales y minimizar las posibilidades de errores<\/li>\n<li>La configuraci\u00f3n personalizable le permite controlar qu\u00e9 campos en el formulario de gravedad se asignan a diferentes atributos de boletos en SupportCandy<\/li>\n<li>Admite formas de m\u00faltiples pasos y l\u00f3gica condicional en formas de gravedad<\/li>\n<li>Compatible con las \u00faltimas versiones de SupportCandy and Gravity Forms<\/li>\n<li>Viene con documentaci\u00f3n detallada y apoyo receptivo del equipo de desarrolladores.<\/li>\n<\/ul>\n","protected":false},"excerpt":{"rendered":"<p>La integraci\u00f3n de formulario de gravedad de soporte sirve como una soluci\u00f3n impecable para las empresas con el objetivo de optimizar y optimizar sus procedimientos de atenci\u00f3n al cliente. Nuestra integraci\u00f3n combina meticulosamente su sistema de formularios de gravedad con el software de mesa de ayuda de punta de soporte de soporte, lo que le permite capturar y abordar r\u00e1pidamente las consultas de los clientes y las solicitudes de soporte de manera oportuna. Al utilizar esta integraci\u00f3n, obtiene un control sin esfuerzo sobre la gesti\u00f3n y respondiendo r\u00e1pidamente a las consultas de los clientes, monitoreando diligentemente el estado de cada boleto y asegurando que su equipo de soporte diligente est\u00e9 completamente al tanto de cada problema de los clientes. Independientemente de si su establecimiento es un negocio a peque\u00f1a escala o un amplio conglomerado, la integraci\u00f3n de la forma de gravedad de soporte indudablemente se considera una herramienta indispensable para brindar un servicio al cliente sin igual.<\/p>\n","protected":false},"featured_media":167670,"comment_status":"open","ping_status":"open","template":"","meta":[],"product_brand":[2570],"product_cat":[1212,1206,1211],"product_tag":[1808],"class_list":{"0":"post-138465","1":"product","2":"type-product","3":"status-publish","4":"has-post-thumbnail","6":"product_brand-supportcandy","7":"product_cat-administracion-wordpress-plugins","8":"product_cat-plugins","9":"product_cat-wordpress-plugins","10":"product_tag-supportcandy","11":"member-discount","12":"discount-restricted","14":"first","15":"instock","16":"sale","17":"downloadable","18":"virtual","19":"sold-individually","20":"purchasable","21":"product-type-simple"},"_links":{"self":[{"href":"https:\/\/gpl-love.com\/es\/wp-json\/wp\/v2\/product\/138465","targetHints":{"allow":["GET"]}}],"collection":[{"href":"https:\/\/gpl-love.com\/es\/wp-json\/wp\/v2\/product"}],"about":[{"href":"https:\/\/gpl-love.com\/es\/wp-json\/wp\/v2\/types\/product"}],"replies":[{"embeddable":true,"href":"https:\/\/gpl-love.com\/es\/wp-json\/wp\/v2\/comments?post=138465"}],"wp:featuredmedia":[{"embeddable":true,"href":"https:\/\/gpl-love.com\/es\/wp-json\/wp\/v2\/media\/167670"}],"wp:attachment":[{"href":"https:\/\/gpl-love.com\/es\/wp-json\/wp\/v2\/media?parent=138465"}],"wp:term":[{"taxonomy":"product_brand","embeddable":true,"href":"https:\/\/gpl-love.com\/es\/wp-json\/wp\/v2\/product_brand?post=138465"},{"taxonomy":"product_cat","embeddable":true,"href":"https:\/\/gpl-love.com\/es\/wp-json\/wp\/v2\/product_cat?post=138465"},{"taxonomy":"product_tag","embeddable":true,"href":"https:\/\/gpl-love.com\/es\/wp-json\/wp\/v2\/product_tag?post=138465"}],"curies":[{"name":"wp","href":"https:\/\/api.w.org\/{rel}","templated":true}]}}