{"id":138375,"date":"2025-11-02T00:00:00","date_gmt":"2025-11-02T05:00:00","guid":{"rendered":"https:\/\/gpl-love.com\/es\/producto\/toolset-views\/"},"modified":"2026-03-09T08:38:20","modified_gmt":"2026-03-09T13:38:20","slug":"toolset-views","status":"publish","type":"product","link":"https:\/\/gpl-love.com\/es\/producto\/toolset-views\/","title":{"rendered":"Toolset Views 3.6.21"},"content":{"rendered":"<h3>Toolset Views Caracteristicas<\/h3>\n<p>Toolset Views es un complemento incre\u00edblemente robusto que proporciona a los usuarios la capacidad de generar sin esfuerzo vistas personalizadas para sus sitios web de WordPress, todo sin requerir ninguna experiencia de codificaci\u00f3n. Este notable conjunto de herramientas faculta a las personas para mostrar sin problemas una amplia gama de tipos de contenido, desde tablas y listas hasta cuadr\u00edculas, en una multitud de formatos. Adem\u00e1s, las vistas del conjunto de herramientas cuenta con una amplia variedad de opciones de filtrado y clasificaci\u00f3n, lo que brinda a los usuarios la oportunidad de ajustar y refinar meticulosamente la manera en que se presenta su contenido. Aprovechando el poder de las vistas del conjunto de herramientas, los usuarios pueden construir vistas intrincadas sin esfuerzo que incorporan sin problemas campos personalizados, tipos de publicaciones y taxonom\u00edas. Ya sea que se desee erigir un directorio integral, un cat\u00e1logo de productos expansivo o una plataforma inmobiliaria exquisita, este complemento representa la soluci\u00f3n por excelencia para mostrar impecablemente contenido de la manera m\u00e1s \u00f3ptima, refinada y est\u00e9ticamente agradable.<\/p>\n<ul>\n<li>Proporciona un conjunto integral de herramientas visuales para un an\u00e1lisis y gesti\u00f3n de datos eficientes.<\/li>\n<li>Permite una f\u00e1cil manipulaci\u00f3n y visualizaci\u00f3n de conjuntos de datos complejos<\/li>\n<li>Admite una amplia gama de formatos de datos y fuentes, que incluyen Excel, CSV, bases de datos SQL y m\u00e1s<\/li>\n<li>Optimizar el proceso de limpieza de datos con funciones y herramientas automatizadas<\/li>\n<li>Habilita la colaboraci\u00f3n y el intercambio de conocimientos a trav\u00e9s de su interfaz intuitiva y f\u00e1cil de usar<\/li>\n<li>Ofrece capacidades avanzadas de modelado estad\u00edstico y de datos para la toma de decisiones basadas en datos<\/li>\n<li>Proporciona personalizaci\u00f3n y flexibilidad para los usuarios con diferentes niveles de experiencia t\u00e9cnica.<\/li>\n<li>Facilita la creaci\u00f3n de informes y visualizaciones de grado profesional para presentaciones y comunicaci\u00f3n de partes interesadas<\/li>\n<li>Aumenta la eficiencia y la productividad al reducir los esfuerzos de procesamiento y an\u00e1lisis de datos manuales.<\/li>\n<\/ul>\n","protected":false},"excerpt":{"rendered":"<p>Las vistas del conjunto de herramientas, un producto incre\u00edblemente potente y adaptable, se ha dise\u00f1ado meticulosamente para optimizar el arduo esfuerzo de elaborar vistas personalizadas de contenido de WordPress. Con una interfaz notablemente f\u00e1cil de usar y la integraci\u00f3n perfecta de la mec\u00e1nica de arrastrar y soltar, las vistas del conjunto de herramientas facultan a los usuarios generar expediciones de cuadr\u00edculas, listas y tablas din\u00e1micas y receptivas que complementan sin problemas sus sitios de WordPress. Independientemente de si uno busca exhibir una variedad de productos, eventos o cualquier otra forma concebible de contenido, las vistas del conjunto de herramientas proporcionan un grado incomparable de flexibilidad y autoridad, lo que permite a las personas adaptar a cada faceta de sus vistas de contenido. Al adoptar las vistas del conjunto de herramientas, el potencial de catapultar el sitio de WordPress a alturas sin precedentes se convierte en una realidad emocionante y alcanzable.<\/p>\n","protected":false},"featured_media":168830,"comment_status":"open","ping_status":"open","template":"","meta":[],"product_brand":[2660],"product_cat":[1214,1206,1211],"product_tag":[2280],"class_list":{"0":"post-138375","1":"product","2":"type-product","3":"status-publish","4":"has-post-thumbnail","6":"product_brand-on-the-go-systems","7":"product_cat-personalizacion","8":"product_cat-plugins","9":"product_cat-wordpress-plugins","10":"product_tag-on-the-go-systems","11":"member-discount","12":"discount-restricted","14":"first","15":"instock","16":"sale","17":"downloadable","18":"virtual","19":"sold-individually","20":"purchasable","21":"product-type-simple"},"_links":{"self":[{"href":"https:\/\/gpl-love.com\/es\/wp-json\/wp\/v2\/product\/138375","targetHints":{"allow":["GET"]}}],"collection":[{"href":"https:\/\/gpl-love.com\/es\/wp-json\/wp\/v2\/product"}],"about":[{"href":"https:\/\/gpl-love.com\/es\/wp-json\/wp\/v2\/types\/product"}],"replies":[{"embeddable":true,"href":"https:\/\/gpl-love.com\/es\/wp-json\/wp\/v2\/comments?post=138375"}],"wp:featuredmedia":[{"embeddable":true,"href":"https:\/\/gpl-love.com\/es\/wp-json\/wp\/v2\/media\/168830"}],"wp:attachment":[{"href":"https:\/\/gpl-love.com\/es\/wp-json\/wp\/v2\/media?parent=138375"}],"wp:term":[{"taxonomy":"product_brand","embeddable":true,"href":"https:\/\/gpl-love.com\/es\/wp-json\/wp\/v2\/product_brand?post=138375"},{"taxonomy":"product_cat","embeddable":true,"href":"https:\/\/gpl-love.com\/es\/wp-json\/wp\/v2\/product_cat?post=138375"},{"taxonomy":"product_tag","embeddable":true,"href":"https:\/\/gpl-love.com\/es\/wp-json\/wp\/v2\/product_tag?post=138375"}],"curies":[{"name":"wp","href":"https:\/\/api.w.org\/{rel}","templated":true}]}}