{"id":138369,"date":"2023-01-16T00:00:00","date_gmt":"2023-01-16T05:00:00","guid":{"rendered":"https:\/\/gpl-love.com\/es\/producto\/toolset-cred-commerce\/"},"modified":"2026-03-09T08:38:16","modified_gmt":"2026-03-09T13:38:16","slug":"toolset-cred-commerce","status":"publish","type":"product","link":"https:\/\/gpl-love.com\/es\/producto\/toolset-cred-commerce\/","title":{"rendered":"Toolset CRED Commerce 1.8.5"},"content":{"rendered":"<h3>Toolset CRED Commerce Caracteristicas<\/h3>\n<p>Toolset Cred Commerce es un conjunto de herramientas que abarca todo lo que abarca una gran cantidad de funcionalidades destinadas no solo a crear sitios web de comercio electr\u00f3nico no solo. Cuenta con una interfaz altamente f\u00e1cil de usar, facilitando as\u00ed la tarea de los desarrolladores en la construcci\u00f3n de tipos de publicaciones personalizadas, taxonom\u00edas y meta campos que satisfacen los requisitos espec\u00edficos de los productos, pedidos y clientes. El conjunto de herramientas va m\u00e1s all\u00e1 al incorporar caracter\u00edsticas avanzadas como la l\u00f3gica condicional, el precio din\u00e1mico y la integraci\u00f3n perfecta con las pasarelas de pago, lo que empodera el desarrollo de sitios web de comercio electr\u00f3nico robustos y personalizados que atienden las preferencias individuales de los usuarios. Al aprovechar las capacidades del comercio de credes de herramientas, los desarrolladores pueden dise\u00f1ar y modificar sin esfuerzo componentes cruciales como p\u00e1ginas de productos, flujos de pago y carritos de compras para optimizar la experiencia general del usuario. El conjunto de herramientas ofrece un control incomparable sobre la funcionalidad y el dise\u00f1o del sitio web de comercio electr\u00f3nico, lo que le convierte en la opci\u00f3n perfecta para las empresas que buscan crear plataformas de comercio electr\u00f3nico a medida que se alineen con precisi\u00f3n con sus requisitos \u00fanicos.<\/p>\n<ul>\n<li>Conjunto de herramientas integral dise\u00f1ado para administrar sitios web de comercio electr\u00f3nico<\/li>\n<li>Incluye caracter\u00edsticas como gesti\u00f3n de productos, gesti\u00f3n de pedidos, gesti\u00f3n de clientes e informes<\/li>\n<li>Interfaz f\u00e1cil de usar para una f\u00e1cil navegaci\u00f3n de herramientas y caracter\u00edsticas<\/li>\n<li>Admite varias pasarelas de pago y opciones de env\u00edo<\/li>\n<li>Plantillas de dise\u00f1o personalizables para mejorar el aspecto de su tienda de comercio electr\u00f3nico<\/li>\n<li>Integraci\u00f3n con plataformas CMS populares como WordPress y Drupal<\/li>\n<li>Plataforma segura y confiable con medidas de seguridad avanzadas<\/li>\n<li>Actualizaciones y mejoras peri\u00f3dicas para mantenerse al d\u00eda con las \u00faltimas tendencias y tecnolog\u00eda en comercio electr\u00f3nico<\/li>\n<li>Opciones de precios asequibles con planes flexibles para empresas de todos los tama\u00f1os<\/li>\n<li>Equipo de atenci\u00f3n al cliente dedicado disponible para asistencia y orientaci\u00f3n.<\/li>\n<\/ul>\n","protected":false},"excerpt":{"rendered":"<p>Toolset Cred Commerce, una innovadora soluci\u00f3n de comercio electr\u00f3nico, ha sido meticulosamente dise\u00f1ado para optimizar el intrincado proceso de establecer tiendas en l\u00ednea. Este notable conjunto de herramientas est\u00e1 dotado de una variedad de caracter\u00edsticas robustas que no solo facilitan la creaci\u00f3n de tiendas sino que tambi\u00e9n mejoran la eficiencia. Con el comercio de cr\u00e9dito del conjunto de herramientas a su disposici\u00f3n, la ardua tarea de adici\u00f3n del producto se vuelve manejable sin esfuerzo, mientras que la gesti\u00f3n de pedidos y la aceptaci\u00f3n de pagos se integran sin problemas. Adem\u00e1s, el dise\u00f1o y la funcionalidad personalizables de su tienda se pueden adaptar sin esfuerzo para adaptarse a sus preferencias. Adem\u00e1s de estos atributos notables, Toolset Cred Commerce cuenta con una amplia gama de pasarelas de pago, incluidas opciones de renombre como PayPal, Stripe y Authorize.net. Adem\u00e1s, este conjunto de herramientas alberga la integraci\u00f3n completa con la plataforma WordPress ampliamente aclamada, asegurando la creaci\u00f3n y administraci\u00f3n f\u00e1cil de una tienda en l\u00ednea dentro de los l\u00edmites de su sitio web existente. Si busca un conjunto de herramientas de comercio electr\u00f3nico inmensamente potente que rinda constantemente resultados excepcionales, el comercio de credibilidad de herramientas surge como la soluci\u00f3n por excelencia.<\/p>\n","protected":false},"featured_media":168827,"comment_status":"open","ping_status":"open","template":"","meta":[],"product_brand":[2660],"product_cat":[1214,1206,1211],"product_tag":[2280],"class_list":{"0":"post-138369","1":"product","2":"type-product","3":"status-publish","4":"has-post-thumbnail","6":"product_brand-on-the-go-systems","7":"product_cat-personalizacion","8":"product_cat-plugins","9":"product_cat-wordpress-plugins","10":"product_tag-on-the-go-systems","11":"member-discount","12":"discount-restricted","14":"first","15":"instock","16":"sale","17":"downloadable","18":"virtual","19":"sold-individually","20":"purchasable","21":"product-type-simple"},"_links":{"self":[{"href":"https:\/\/gpl-love.com\/es\/wp-json\/wp\/v2\/product\/138369","targetHints":{"allow":["GET"]}}],"collection":[{"href":"https:\/\/gpl-love.com\/es\/wp-json\/wp\/v2\/product"}],"about":[{"href":"https:\/\/gpl-love.com\/es\/wp-json\/wp\/v2\/types\/product"}],"replies":[{"embeddable":true,"href":"https:\/\/gpl-love.com\/es\/wp-json\/wp\/v2\/comments?post=138369"}],"wp:featuredmedia":[{"embeddable":true,"href":"https:\/\/gpl-love.com\/es\/wp-json\/wp\/v2\/media\/168827"}],"wp:attachment":[{"href":"https:\/\/gpl-love.com\/es\/wp-json\/wp\/v2\/media?parent=138369"}],"wp:term":[{"taxonomy":"product_brand","embeddable":true,"href":"https:\/\/gpl-love.com\/es\/wp-json\/wp\/v2\/product_brand?post=138369"},{"taxonomy":"product_cat","embeddable":true,"href":"https:\/\/gpl-love.com\/es\/wp-json\/wp\/v2\/product_cat?post=138369"},{"taxonomy":"product_tag","embeddable":true,"href":"https:\/\/gpl-love.com\/es\/wp-json\/wp\/v2\/product_tag?post=138369"}],"curies":[{"name":"wp","href":"https:\/\/api.w.org\/{rel}","templated":true}]}}