{"id":138367,"date":"2025-04-02T00:00:00","date_gmt":"2025-04-02T05:00:00","guid":{"rendered":"https:\/\/gpl-love.com\/es\/producto\/toolset-forms\/"},"modified":"2026-03-09T08:38:15","modified_gmt":"2026-03-09T13:38:15","slug":"toolset-forms","status":"publish","type":"product","link":"https:\/\/gpl-love.com\/es\/producto\/toolset-forms\/","title":{"rendered":"Toolset Forms 2.6.23"},"content":{"rendered":"<h3>Toolset Forms Caracteristicas<\/h3>\n<p>Los formularios de herramientas, un complemento incre\u00edblemente potente, ofrecen a los usuarios la capacidad de crear formularios altamente personalizables espec\u00edficamente adaptados a su sitio web de WordPress. Al utilizar su interfaz de arrastre y ca\u00edda incre\u00edblemente f\u00e1cil de usar, las personas pueden dise\u00f1ar formas de dise\u00f1o sin esfuerzo para una amplia gama de fines, que van desde formas de contacto esenciales hasta extensas formularios de registro y encuestas informativas. Adem\u00e1s, los formularios de herramientas otorgan a los usuarios acceso a un impresionante conjunto de caracter\u00edsticas avanzadas, incluidas la l\u00f3gica condicional, los formularios de m\u00faltiples pasos e incluso la capacidad de cargar archivos directamente dentro del formulario. Con una gama tan completa de capacidades, los usuarios tienen un control completo sobre todo el proceso de construcci\u00f3n de formularios. Adem\u00e1s, una vez que los formularios han sido dise\u00f1ados con precisi\u00f3n, los usuarios pueden personalizar sin esfuerzo tanto su apariencia como su funcionalidad para alinearse perfectamente con la est\u00e9tica y los requisitos \u00fanicos de su sitio web. Desde el dise\u00f1o de notificaciones de correo electr\u00f3nico personalizadas hasta establecer redireccionamientos sin problemas, las posibilidades de personalizaci\u00f3n son pr\u00e1cticamente ilimitadas. En esencia, los formularios de herramientas es una necesidad absoluta para que cualquier propietario del sitio web busque optimizar su experiencia de usuario y recopilar efectivamente datos valiosos en el proceso.<\/p>\n<ul>\n<li>Simplifique el proceso de creaci\u00f3n de formularios con interfaz intuitiva<\/li>\n<li>Crear formularios de aspecto profesional en minutos sin codificar<\/li>\n<li>Personalizar el dise\u00f1o y el dise\u00f1o de formularios para que coincidan con la marca o el sitio web<\/li>\n<li>Recopilar y administrar datos de forma segura con almacenamiento de formulario incorporado<\/li>\n<li>Automatizar flujos de trabajo y tareas con integraci\u00f3n a aplicaciones y plataformas populares<\/li>\n<li>Analice los env\u00edos de formularios y rastree el rendimiento con an\u00e1lisis incorporados<\/li>\n<li>Recibir notificaciones y alertas en tiempo real para los env\u00edos de formularios<\/li>\n<li>Compartir formularios f\u00e1cilmente por correo electr\u00f3nico, sitio web o redes sociales<\/li>\n<li>Ofrecer a los clientes y clientes una experiencia f\u00e1cil de usar con formularios de respuesta m\u00f3vil<\/li>\n<li>Reduzca los errores de entrada de datos con la validaci\u00f3n de formulario y las opciones de repleto.<\/li>\n<\/ul>\n","protected":false},"excerpt":{"rendered":"<p>Toolset Forms ofrece una soluci\u00f3n integral y vers\u00e1til para la creaci\u00f3n de formularios personalizados en su sitio web de WordPress. Con una interfaz intuitiva de arrastrar y soltar, esta herramienta le permite dise\u00f1ar formularios sin esfuerzo que se alineen con su marca y recopilen efectivamente la informaci\u00f3n necesaria de sus usuarios. Adem\u00e1s, tiene la flexibilidad de seleccionar entre una amplia gama de tipos de campo, que abarca no solo los campos de texto b\u00e1sicos sino tambi\u00e9n los recolectores de fecha y las cargas de archivos. Lo que distingue a los formularios de conjunto de herramientas es su integraci\u00f3n perfecta con otros complementos de conjunto de herramientas, incluidas vistas y tipos. Al aprovechar estos complementos, puede establecer tipos y pantallas personalizados robustos, optimizando as\u00ed el flujo de trabajo de su sitio web. Experimente la conveniencia y la eficiencia que ofrece formularios de herramientas para racionalizar su sitio web.<\/p>\n","protected":false},"featured_media":168826,"comment_status":"open","ping_status":"open","template":"","meta":[],"product_brand":[2660],"product_cat":[1214,1206,1211],"product_tag":[2280],"class_list":{"0":"post-138367","1":"product","2":"type-product","3":"status-publish","4":"has-post-thumbnail","6":"product_brand-on-the-go-systems","7":"product_cat-personalizacion","8":"product_cat-plugins","9":"product_cat-wordpress-plugins","10":"product_tag-on-the-go-systems","11":"member-discount","12":"discount-restricted","14":"first","15":"instock","16":"sale","17":"downloadable","18":"virtual","19":"sold-individually","20":"purchasable","21":"product-type-simple"},"_links":{"self":[{"href":"https:\/\/gpl-love.com\/es\/wp-json\/wp\/v2\/product\/138367","targetHints":{"allow":["GET"]}}],"collection":[{"href":"https:\/\/gpl-love.com\/es\/wp-json\/wp\/v2\/product"}],"about":[{"href":"https:\/\/gpl-love.com\/es\/wp-json\/wp\/v2\/types\/product"}],"replies":[{"embeddable":true,"href":"https:\/\/gpl-love.com\/es\/wp-json\/wp\/v2\/comments?post=138367"}],"wp:featuredmedia":[{"embeddable":true,"href":"https:\/\/gpl-love.com\/es\/wp-json\/wp\/v2\/media\/168826"}],"wp:attachment":[{"href":"https:\/\/gpl-love.com\/es\/wp-json\/wp\/v2\/media?parent=138367"}],"wp:term":[{"taxonomy":"product_brand","embeddable":true,"href":"https:\/\/gpl-love.com\/es\/wp-json\/wp\/v2\/product_brand?post=138367"},{"taxonomy":"product_cat","embeddable":true,"href":"https:\/\/gpl-love.com\/es\/wp-json\/wp\/v2\/product_cat?post=138367"},{"taxonomy":"product_tag","embeddable":true,"href":"https:\/\/gpl-love.com\/es\/wp-json\/wp\/v2\/product_tag?post=138367"}],"curies":[{"name":"wp","href":"https:\/\/api.w.org\/{rel}","templated":true}]}}