{"id":138363,"date":"2026-04-08T00:00:00","date_gmt":"2026-04-08T05:00:00","guid":{"rendered":"https:\/\/gpl-love.com\/es\/producto\/automatorwp-webhooks\/"},"modified":"2026-04-08T17:16:31","modified_gmt":"2026-04-08T22:16:31","slug":"automatorwp-webhooks","status":"publish","type":"product","link":"https:\/\/gpl-love.com\/es\/producto\/automatorwp-webhooks\/","title":{"rendered":"AutomatorWP Webhooks 5.6.8"},"content":{"rendered":"<h3>AutomatorWP Webhooks Caracteristicas<\/h3>\n<p>Automatorwp Webhooks, una herramienta de automatizaci\u00f3n dise\u00f1ada espec\u00edficamente para mejorar la eficiencia del flujo de trabajo, sirve como un instrumento notable que automatiza las tareas entre su sitio web de WordPress y varias aplicaciones web. Al integrarse sin esfuerzo con Zapier y otras aplicaciones de terceros, AutomatorWP Webhooks le permite iniciar eventos sin esfuerzo desde su sitio web, en consecuencia automatizando acciones en plataformas alternativas, simplificando as\u00ed la gesti\u00f3n de operaciones comerciales, optimizando la eficiencia y ahorra efectivamente un tiempo valioso. Ya sea que su objetivo gire en torno a la automatizaci\u00f3n de campa\u00f1as de correo electr\u00f3nico, monitoreando el an\u00e1lisis del sitio web o el mantenimiento de una presencia de redes sociales impactantes, AutomatorWP Webhooks proporciona todas las herramientas necesarias para optimizar con \u00e9xito su flujo de trabajo y aumentar sustancialmente la productividad. Entonces, \u00bfpor qu\u00e9 dudar? \u00a1Inicie su viaje hoy y disfrute del poder incomparable de la automatizaci\u00f3n!<\/p>\n<ul>\n<li>AutomatorWP Webhooks es una herramienta poderosa que puede ayudarlo a automatizar muchas de las tareas de su sitio web. Estos son algunos de los beneficios que puede esperar de este producto:<\/li>\n<li><\/li>\n<li>Agilice sus flujos de trabajo y ahorre tiempo automatizando tareas repetitivas.<\/li>\n<li>Integre su sitio web con otras herramientas y servicios, como CRMS, plataformas de marketing por correo electr\u00f3nico y m\u00e1s.<\/li>\n<li>Use Webhooks para activar acciones basadas en eventos en su sitio web, como un nuevo registro de usuario o una compra completa.<\/li>\n<li>Cree f\u00e1cilmente flujos de trabajo personalizados utilizando el constructor de arrastrar y soltar, sin necesidad de codificaci\u00f3n.<\/li>\n<li>Obtenga informes detallados sobre sus automatizaciones, incluidas las m\u00e9tricas de rendimiento y los registros de errores.<\/li>\n<li>Disfrute de una integraci\u00f3n perfecta con AutomatorWP, el complemento de automatizaci\u00f3n l\u00edder para WordPress.<\/li>\n<li><\/li>\n<li>En general, AutomatorWP Webhooks pone el poder de la automatizaci\u00f3n en sus manos, lo que le permite simplificar sus flujos de trabajo y lograr m\u00e1s en menos tiempo. Ya sea que sea un vendedor, desarrollador o propietario de un negocio, esta herramienta puede ayudarlo a aumentar su productividad y optimizar sus operaciones.<\/li>\n<\/ul>\n","protected":false},"excerpt":{"rendered":"<p>AutomatorWP Webhooks, un complemento robusto dise\u00f1ado espec\u00edficamente para WordPress, ofrece la notable capacidad de las notificaciones de webhook de integraci\u00f3n sin problemas con AutomatorWP. Al aprovechar esta herramienta excepcional, los usuarios pueden automatizar sin esfuerzo sus flujos de trabajo y recibir actualizaciones instant\u00e1neas con respecto a varios eventos que ocurren dentro de su sitio de WordPress, que abarca actividades como la creaci\u00f3n de publicaciones o el registro de nuevos usuarios. En particular, AutomatorWP Webhooks cuenta con un alto grado de configurabilidad, lo que permite a las personas establecer una multitud de desencadenantes y acciones que se alinean con sus requisitos \u00fanicos. Adem\u00e1s, este complemento sobresale en la facilidad de uso de usuarios, ya que facilita un proceso de instalaci\u00f3n directo que no requiere una amplia experiencia t\u00e9cnica. \u00a1Experimente el funcionamiento perfecto de su sitio de WordPress al adoptar el potencial incomparable de AutomatorWP Webhooks!<\/p>\n","protected":false},"featured_media":168824,"comment_status":"open","ping_status":"open","template":"","meta":[],"product_brand":[2368],"product_cat":[1212,1206,1211],"product_tag":[2210],"class_list":{"0":"post-138363","1":"product","2":"type-product","3":"status-publish","4":"has-post-thumbnail","6":"product_brand-automatorwp","7":"product_cat-administracion-wordpress-plugins","8":"product_cat-plugins","9":"product_cat-wordpress-plugins","10":"product_tag-automatorwp","11":"member-discount","12":"discount-restricted","14":"first","15":"instock","16":"sale","17":"downloadable","18":"virtual","19":"sold-individually","20":"purchasable","21":"product-type-simple"},"_links":{"self":[{"href":"https:\/\/gpl-love.com\/es\/wp-json\/wp\/v2\/product\/138363","targetHints":{"allow":["GET"]}}],"collection":[{"href":"https:\/\/gpl-love.com\/es\/wp-json\/wp\/v2\/product"}],"about":[{"href":"https:\/\/gpl-love.com\/es\/wp-json\/wp\/v2\/types\/product"}],"replies":[{"embeddable":true,"href":"https:\/\/gpl-love.com\/es\/wp-json\/wp\/v2\/comments?post=138363"}],"wp:featuredmedia":[{"embeddable":true,"href":"https:\/\/gpl-love.com\/es\/wp-json\/wp\/v2\/media\/168824"}],"wp:attachment":[{"href":"https:\/\/gpl-love.com\/es\/wp-json\/wp\/v2\/media?parent=138363"}],"wp:term":[{"taxonomy":"product_brand","embeddable":true,"href":"https:\/\/gpl-love.com\/es\/wp-json\/wp\/v2\/product_brand?post=138363"},{"taxonomy":"product_cat","embeddable":true,"href":"https:\/\/gpl-love.com\/es\/wp-json\/wp\/v2\/product_cat?post=138363"},{"taxonomy":"product_tag","embeddable":true,"href":"https:\/\/gpl-love.com\/es\/wp-json\/wp\/v2\/product_tag?post=138363"}],"curies":[{"name":"wp","href":"https:\/\/api.w.org\/{rel}","templated":true}]}}