{"id":138361,"date":"2025-10-07T00:00:00","date_gmt":"2025-10-07T05:00:00","guid":{"rendered":"https:\/\/gpl-love.com\/es\/producto\/woocommerce-walmart\/"},"modified":"2026-03-09T08:38:11","modified_gmt":"2026-03-09T13:38:11","slug":"woocommerce-walmart","status":"publish","type":"product","link":"https:\/\/gpl-love.com\/es\/producto\/woocommerce-walmart\/","title":{"rendered":"WooCommerce Walmart 4.0.6"},"content":{"rendered":"<h3>WooCommerce Walmart Caracteristicas<\/h3>\n<p>La integraci\u00f3n entre WooCommerce y Walmart Marketplace, conocida como WooCommerce Walmart, ofrece una multitud de caracter\u00edsticas poderosas que permiten a los propietarios de tiendas en l\u00ednea establecer sin esfuerzo una conexi\u00f3n entre su tienda WooCommerce y Walmart Marketplace. Al utilizar esta integraci\u00f3n, los usuarios obtienen la capacidad de enumerar sin esfuerzo su amplia gama de productos en el amplio mercado de Walmart, al tiempo que gestionan los \u00f3rdenes, el inventario y los precios, todos dentro de los confines de su panel de control de WooCommerce familiar y f\u00e1cil de usar. Adem\u00e1s, esta integraci\u00f3n cuenta con una variedad de funcionalidades adicionales, incluida la sincronizaci\u00f3n en tiempo real de productos, atributos e im\u00e1genes, cumplimiento de orden automatizado y capacidades de informes avanzados. En consecuencia, esta integraci\u00f3n optimiza el proceso para los minoristas en l\u00ednea, facilitando la venta de su diversa gama de productos en uno de los mercados en l\u00ednea m\u00e1s grandes del mundo, al tiempo que gestiona de manera efectiva sus operaciones a trav\u00e9s de la conveniencia de su tienda de WooCommerce. En conclusi\u00f3n, la integraci\u00f3n de WooCommerce Walmart representa una herramienta indispensable para cualquier propietario entusiasta de la tienda en l\u00ednea, ya que facilita efectivamente la expansi\u00f3n de su alcance del mercado y promueve un aumento de las ventas.<\/p>\n<ul>\n<li>Permite la integraci\u00f3n de su tienda WooCommerce con Walmart<\/li>\n<li>Le permite enumerar y vender sus productos en el mercado de Walmart<\/li>\n<li>Automatiza la sincronizaci\u00f3n de la informaci\u00f3n del producto, el inventario y los precios entre su tienda WooCommerce y Walmart<\/li>\n<li>Proporciona gesti\u00f3n y seguimiento de pedidos en tiempo real<\/li>\n<li>Ofrece una forma simplificada y simplificada de administrar sus canales de ventas de WooCommerce y Walmart desde una plataforma<\/li>\n<li>Ayuda a aumentar la visibilidad de su producto entre la gran base de clientes de Walmart, aumentando sus ventas e ingresos<\/li>\n<li>Proporciona una interfaz f\u00e1cil de usar sin necesidad de habilidades de codificaci\u00f3n<\/li>\n<li>Admite m\u00faltiples canales de Walmart, como Walmart.com y Walmart Canada<\/li>\n<li>Ofrece actualizaciones confiables y regulares para garantizar la compatibilidad con las funciones actuales de WooCommerce y Walmart<\/li>\n<li>Proporciona una excelente atenci\u00f3n al cliente para ayudar con cualquier necesidad o pregunta.<\/li>\n<\/ul>\n","protected":false},"excerpt":{"rendered":"<p>La integraci\u00f3n de WooCommerce Walmart es una herramienta absolutamente esencial que ning\u00fan comerciante en l\u00ednea puede permitirse ignorar si buscan ampliar su base de clientes y aprovechar el amplio grupo de compradores potenciales en Walmart.com. Este complemento inmensamente robusto y vers\u00e1til armoniza sin esfuerzo todo su cat\u00e1logo de productos, inventario y fijaci\u00f3n de precios con el expansivo mercado Walmart, lo que le permite ajustar meticulosamente sus estrategias de ventas y optimizar sus m\u00e1rgenes de ganancia. Al facilitar sin esfuerzo la gesti\u00f3n de pedidos en tiempo real y proporcionar un sistema de seguimiento simplificado, la integraci\u00f3n de WooCommerce Walmart optimiza y simplifica significativamente sus operaciones generales de comercio electr\u00f3nico, lo que es en \u00faltima instancia alimentando un crecimiento sustancial y sostenible para su estimada entidad comercial.<\/p>\n","protected":false},"featured_media":168823,"comment_status":"open","ping_status":"open","template":"","meta":[],"product_brand":[2344],"product_cat":[1208,1207,1206],"product_tag":[1423],"class_list":{"0":"post-138361","1":"product","2":"type-product","3":"status-publish","4":"has-post-thumbnail","6":"product_brand-woocommerce","7":"product_cat-administracion","8":"product_cat-comercio-electronico-plugins","9":"product_cat-plugins","10":"product_tag-woocommerce","11":"member-discount","12":"discount-restricted","14":"first","15":"instock","16":"sale","17":"downloadable","18":"virtual","19":"sold-individually","20":"purchasable","21":"product-type-simple"},"_links":{"self":[{"href":"https:\/\/gpl-love.com\/es\/wp-json\/wp\/v2\/product\/138361","targetHints":{"allow":["GET"]}}],"collection":[{"href":"https:\/\/gpl-love.com\/es\/wp-json\/wp\/v2\/product"}],"about":[{"href":"https:\/\/gpl-love.com\/es\/wp-json\/wp\/v2\/types\/product"}],"replies":[{"embeddable":true,"href":"https:\/\/gpl-love.com\/es\/wp-json\/wp\/v2\/comments?post=138361"}],"wp:featuredmedia":[{"embeddable":true,"href":"https:\/\/gpl-love.com\/es\/wp-json\/wp\/v2\/media\/168823"}],"wp:attachment":[{"href":"https:\/\/gpl-love.com\/es\/wp-json\/wp\/v2\/media?parent=138361"}],"wp:term":[{"taxonomy":"product_brand","embeddable":true,"href":"https:\/\/gpl-love.com\/es\/wp-json\/wp\/v2\/product_brand?post=138361"},{"taxonomy":"product_cat","embeddable":true,"href":"https:\/\/gpl-love.com\/es\/wp-json\/wp\/v2\/product_cat?post=138361"},{"taxonomy":"product_tag","embeddable":true,"href":"https:\/\/gpl-love.com\/es\/wp-json\/wp\/v2\/product_tag?post=138361"}],"curies":[{"name":"wp","href":"https:\/\/api.w.org\/{rel}","templated":true}]}}