{"id":138357,"date":"2024-04-25T00:00:00","date_gmt":"2024-04-25T05:00:00","guid":{"rendered":"https:\/\/gpl-love.com\/es\/producto\/loginpress-redirect-login\/"},"modified":"2026-03-09T08:38:09","modified_gmt":"2026-03-09T13:38:09","slug":"loginpress-redirect-login","status":"publish","type":"product","link":"https:\/\/gpl-love.com\/es\/producto\/loginpress-redirect-login\/","title":{"rendered":"LoginPress Redirect Login 3.0.0"},"content":{"rendered":"<h3>LoginPress Redirect Login Caracteristicas<\/h3>\n<p>LoginPress Redirect Login es un complemento de WordPress incre\u00edblemente poderoso que otorga a los propietarios de sitios web la capacidad de redirigir su p\u00e1gina de inicio de sesi\u00f3n a una URL de su elecci\u00f3n. La gran versatilidad de este complemento permite a los usuarios personalizar perfectamente su p\u00e1gina de inicio de sesi\u00f3n para alinearse perfectamente con la marca de su sitio web. Adem\u00e1s, despu\u00e9s de que un usuario inicia sesi\u00f3n con \u00e9xito, puede ser redirigido sin esfuerzo a una p\u00e1gina espec\u00edficamente designada. Dentro de lo de inicio de sesi\u00f3n de redireccionamiento de loginpress, los usuarios pueden deleitarse en una multitud de caracter\u00edsticas notables, como la capacidad de dise\u00f1ar su propia p\u00e1gina de inicio de sesi\u00f3n a su gusto, una interfaz que es f\u00e1cil de usar y f\u00e1cilmente navegable, y configuraciones que son maravillosamente simples de ajustar, habilitando Una configuraci\u00f3n perfecta de la redirecci\u00f3n de inicio de sesi\u00f3n. Independientemente de si la intenci\u00f3n es redirigir a los usuarios a una p\u00e1gina en particular, una p\u00e1gina de bienvenida o una p\u00e1gina de inicio de sesi\u00f3n personalizada, la redirecci\u00f3n de inicio de sesi\u00f3n de inicio de sesi\u00f3n garantiza una cobertura inquebrantable. Al utilizar este complemento notable, los usuarios pueden mejorar la participaci\u00f3n y satisfacci\u00f3n general del usuario de su sitio web, proporcionando una experiencia personalizada que es perfecta y gratificante.<\/p>\n<ul>\n<li>Plugin f\u00e1cil de usar para los propietarios de sitios web de WordPress<\/li>\n<li>Permite a los propietarios de sitios web elegir d\u00f3nde se dirigen a sus usuarios despu\u00e9s de iniciar sesi\u00f3n<\/li>\n<li>Proporciona opciones de flexibilidad y personalizaci\u00f3n para los propietarios de sitios web<\/li>\n<li>Mejora la experiencia del usuario dirigi\u00e9ndolos a p\u00e1ginas relevantes al iniciar sesi\u00f3n<\/li>\n<li>Reduce la confusi\u00f3n y la frustraci\u00f3n para los usuarios al eliminar las redirecciones innecesarias<\/li>\n<li>Ahorra tiempo para los propietarios de sitios web eliminando redireccionamientos manuales para los usuarios<\/li>\n<li>Compatible con la mayor\u00eda de los temas y complementos de WordPress<\/li>\n<li>Actualizaciones y soporte regulares disponibles para un rendimiento \u00f3ptimo<\/li>\n<\/ul>\n","protected":false},"excerpt":{"rendered":"<p>LoginPress Redirect Login es un complemento de WordPress altamente sofisticado y notablemente efectivo, que posee la notable capacidad de redirigir a los usuarios a una extensa variedad de p\u00e1ginas o URL personalizadas posteriores a su inicio de sesi\u00f3n, cerrar sesi\u00f3n o incluso registrarse en su sitio web estimado. A trav\u00e9s de la utilizaci\u00f3n de este complemento extraordinario, la experiencia general del usuario puede mejorarse significativamente, ya que los usuarios pueden redirigirse a una p\u00e1gina de destino a medida exclusivamente, una p\u00e1gina de agradecimiento resplandeciente, o de hecho, cualquier otra p\u00e1gina de su elecci\u00f3n exigente. Adem\u00e1s, vale la pena se\u00f1alar que este complemento excepcional incorpora una variedad de caracter\u00edsticas avanzadas, como redireccionamientos condicionales basados \u200b\u200ben roles de usuario, meta de usuario e incluso la fuente de referencia. Adem\u00e1s, tambi\u00e9n se debe dilucidar que LoginPress Redirect Login es un complemento navegable y altamente adaptable sin esfuerzo, lo que le convierte en la soluci\u00f3n por excelencia para cualquier sitio web de WordPress exigente.<\/p>\n","protected":false},"featured_media":168821,"comment_status":"open","ping_status":"open","template":"","meta":[],"product_brand":[2489],"product_cat":[1212,1206,1211],"product_tag":[1322],"class_list":{"0":"post-138357","1":"product","2":"type-product","3":"status-publish","4":"has-post-thumbnail","6":"product_brand-wp-brigade","7":"product_cat-administracion-wordpress-plugins","8":"product_cat-plugins","9":"product_cat-wordpress-plugins","10":"product_tag-wp-brigade","11":"member-discount","12":"discount-restricted","14":"first","15":"instock","16":"sale","17":"downloadable","18":"virtual","19":"sold-individually","20":"purchasable","21":"product-type-simple"},"_links":{"self":[{"href":"https:\/\/gpl-love.com\/es\/wp-json\/wp\/v2\/product\/138357","targetHints":{"allow":["GET"]}}],"collection":[{"href":"https:\/\/gpl-love.com\/es\/wp-json\/wp\/v2\/product"}],"about":[{"href":"https:\/\/gpl-love.com\/es\/wp-json\/wp\/v2\/types\/product"}],"replies":[{"embeddable":true,"href":"https:\/\/gpl-love.com\/es\/wp-json\/wp\/v2\/comments?post=138357"}],"wp:featuredmedia":[{"embeddable":true,"href":"https:\/\/gpl-love.com\/es\/wp-json\/wp\/v2\/media\/168821"}],"wp:attachment":[{"href":"https:\/\/gpl-love.com\/es\/wp-json\/wp\/v2\/media?parent=138357"}],"wp:term":[{"taxonomy":"product_brand","embeddable":true,"href":"https:\/\/gpl-love.com\/es\/wp-json\/wp\/v2\/product_brand?post=138357"},{"taxonomy":"product_cat","embeddable":true,"href":"https:\/\/gpl-love.com\/es\/wp-json\/wp\/v2\/product_cat?post=138357"},{"taxonomy":"product_tag","embeddable":true,"href":"https:\/\/gpl-love.com\/es\/wp-json\/wp\/v2\/product_tag?post=138357"}],"curies":[{"name":"wp","href":"https:\/\/api.w.org\/{rel}","templated":true}]}}