{"id":138355,"date":"2024-04-25T00:00:00","date_gmt":"2024-04-25T05:00:00","guid":{"rendered":"https:\/\/gpl-love.com\/es\/producto\/loginpress-auto-login\/"},"modified":"2026-03-09T08:38:07","modified_gmt":"2026-03-09T13:38:07","slug":"loginpress-auto-login","status":"publish","type":"product","link":"https:\/\/gpl-love.com\/es\/producto\/loginpress-auto-login\/","title":{"rendered":"LoginPress Auto Login 3.0.0"},"content":{"rendered":"<h3>LoginPress Auto Login Caracteristicas<\/h3>\n<p>LoginPress Auto Login es una herramienta incre\u00edblemente robusta y eficiente que otorga a los usuarios la capacidad de iniciar sesi\u00f3n sin esfuerzo y convenientemente en sus sitios web de WordPress sin la molestia de tener que ingresar manualmente sus credenciales de inicio de sesi\u00f3n en cada ocasi\u00f3n a las que desean acceder a su tablero. Este maravilloso complemento no solo ahorra a los usuarios un valioso tiempo y energ\u00eda, sino que tambi\u00e9n simplifica su proceso de inicio de sesi\u00f3n general en un grado notable. Adem\u00e1s, el proceso de instalaci\u00f3n para este complemento es notablemente sencillo, y su interfaz est\u00e1 dise\u00f1ada con la m\u00e1xima intuici\u00f3n en mente, garantizando una experiencia f\u00e1cil de usar que incluso las personas con experiencia t\u00e9cnica limitada pueden navegar f\u00e1cilmente. Adem\u00e1s, el inicio de sesi\u00f3n autom\u00e1tico de loginpress incluye una gran cantidad de opciones de personalizaci\u00f3n, lo que permite a los usuarios adaptar sus par\u00e1metros y preferencias de inicio de sesi\u00f3n para satisfacer sus necesidades y preferencias exactas. Tenga la seguridad de que con las capacidades notables de LoginPress Auto Inicio de sesi\u00f3n a su disposici\u00f3n, los usuarios pueden disfrutar de la seguridad de que encontrar\u00e1n constantemente una experiencia de inicio de sesi\u00f3n sin problemas cada vez que se embarcan en acceder a sus apreciados sitios web de WordPress.<\/p>\n<ul>\n<li>Soluci\u00f3n simple para inicio de sesi\u00f3n autom\u00e1tico del usuario<\/li>\n<li>Ahorra tiempo y optimiza el proceso de inicio de sesi\u00f3n<\/li>\n<li>Aumenta la eficiencia y la productividad<\/li>\n<li>No m\u00e1s contrase\u00f1as olvidadas o detalles de inicio de sesi\u00f3n<\/li>\n<li>Se puede instalar y configurar f\u00e1cilmente<\/li>\n<li>Compatible con varios sitios web y aplicaciones<\/li>\n<li>Proporciona autenticaci\u00f3n de inicio de sesi\u00f3n segura y confiable<\/li>\n<li>Interfaz f\u00e1cil de usar para facilitar el uso<\/li>\n<li>Guarda las credenciales de inicio de sesi\u00f3n de forma segura para uso futuro<\/li>\n<li>Ayuda a prevenir errores de inicio de sesi\u00f3n e intentos fallidos<\/li>\n<\/ul>\n","protected":false},"excerpt":{"rendered":"<p>Al utilizar la notable funcionalidad del inicio de sesi\u00f3n autom\u00e1tico de loginpress, a las personas se les otorga la notable capacidad de obtener acceso r\u00e1pido y sin esfuerzo a sus plataformas y sitios web en l\u00ednea preferidos con el mero toque de un bot\u00f3n. Esta herramienta incre\u00edblemente conveniente almacena y conserva efectivamente las credenciales de inicio de sesi\u00f3n para m\u00faltiples sitios web, ahorrando a los usuarios de la ardua tarea de memorizar numerosas contrase\u00f1as. El proceso directo implica la instalaci\u00f3n del complemento, en el que los usuarios pueden registrar eficientemente su informaci\u00f3n de inicio de sesi\u00f3n, lo que permite a LoginPress manejar los pasos restantes sin esfuerzo. Despedirse de la terrible experiencia de las frustraciones relacionadas con la contrase\u00f1a y dar la bienvenida a un encuentro de navegaci\u00f3n sin problemas con las caracter\u00edsticas notables de LoginPress Auto Inicio de sesi\u00f3n.<\/p>\n","protected":false},"featured_media":168820,"comment_status":"open","ping_status":"open","template":"","meta":[],"product_brand":[2489],"product_cat":[1212,1206,1211],"product_tag":[1322],"class_list":{"0":"post-138355","1":"product","2":"type-product","3":"status-publish","4":"has-post-thumbnail","6":"product_brand-wp-brigade","7":"product_cat-administracion-wordpress-plugins","8":"product_cat-plugins","9":"product_cat-wordpress-plugins","10":"product_tag-wp-brigade","11":"member-discount","12":"discount-restricted","14":"first","15":"instock","16":"sale","17":"downloadable","18":"virtual","19":"sold-individually","20":"purchasable","21":"product-type-simple"},"_links":{"self":[{"href":"https:\/\/gpl-love.com\/es\/wp-json\/wp\/v2\/product\/138355","targetHints":{"allow":["GET"]}}],"collection":[{"href":"https:\/\/gpl-love.com\/es\/wp-json\/wp\/v2\/product"}],"about":[{"href":"https:\/\/gpl-love.com\/es\/wp-json\/wp\/v2\/types\/product"}],"replies":[{"embeddable":true,"href":"https:\/\/gpl-love.com\/es\/wp-json\/wp\/v2\/comments?post=138355"}],"wp:featuredmedia":[{"embeddable":true,"href":"https:\/\/gpl-love.com\/es\/wp-json\/wp\/v2\/media\/168820"}],"wp:attachment":[{"href":"https:\/\/gpl-love.com\/es\/wp-json\/wp\/v2\/media?parent=138355"}],"wp:term":[{"taxonomy":"product_brand","embeddable":true,"href":"https:\/\/gpl-love.com\/es\/wp-json\/wp\/v2\/product_brand?post=138355"},{"taxonomy":"product_cat","embeddable":true,"href":"https:\/\/gpl-love.com\/es\/wp-json\/wp\/v2\/product_cat?post=138355"},{"taxonomy":"product_tag","embeddable":true,"href":"https:\/\/gpl-love.com\/es\/wp-json\/wp\/v2\/product_tag?post=138355"}],"curies":[{"name":"wp","href":"https:\/\/api.w.org\/{rel}","templated":true}]}}