{"id":138353,"date":"2024-04-25T00:00:00","date_gmt":"2024-04-25T05:00:00","guid":{"rendered":"https:\/\/gpl-love.com\/es\/producto\/loginpress-limit-login-attempts\/"},"modified":"2026-03-09T08:38:06","modified_gmt":"2026-03-09T13:38:06","slug":"loginpress-limit-login-attempts","status":"publish","type":"product","link":"https:\/\/gpl-love.com\/es\/producto\/loginpress-limit-login-attempts\/","title":{"rendered":"LoginPress Limit Login Attempts 4.0"},"content":{"rendered":"<h3>LoginPress Limit Login Attempts Caracteristicas<\/h3>\n<p>Los intentos de inicio de sesi\u00f3n de LIGINPress Limit es un complemento de seguridad de inicio de sesi\u00f3n ejemplar que sirve como un elemento disuasorio formidable contra el acceso no autorizado a un sitio de WordPress, que exhibe su eficacia al fortalecer el mecanismo de inicio de sesi\u00f3n del sitio. El complemento cuenta con una interfaz intuitiva y f\u00e1cil de usar, lo que permite a los propietarios de sitios web estipular el n\u00famero preciso de intentos de inicio de sesi\u00f3n que un individuo puede emprender antes de enfrentar la ignominia de ser prohibido temporalmente acceder al sitio. Adem\u00e1s, confiere a los usuarios la libertad de configurar la duraci\u00f3n del per\u00edodo de bloqueo, lo que les brinda una sensaci\u00f3n de control sobre los par\u00e1metros de seguridad de su sitio. En particular, este complemento otorga a los propietarios del sitio web la conveniencia de recibir notificaciones oportunas cada vez que un usuario se incapacita debido a un l\u00edmite excedido de intentos de inicio de sesi\u00f3n fallidos. Adem\u00e1s, proporciona un extenso cach\u00e9 de informaci\u00f3n de registros, facilitando la identificaci\u00f3n y mitigaci\u00f3n de posibles vulnerabilidades de seguridad. Una ventaja conspicua ofrecida por los intentos de inicio de sesi\u00f3n de LIGINPress Limit radica en su provisi\u00f3n para que los usuarios personalicen los mensajes que se muestran a aquellos que se encuentran atrapados en las garras del bloqueo, lo que permite una v\u00eda para la promoci\u00f3n de conciencia de marca. En un paisaje digital lleno de peligros, este complemento indispensable sirve como una piedra angular indispensable para fortalecer la seguridad general de cualquier sitio de WordPress.<\/p>\n<ul>\n<li>Evita el acceso no autorizado de la cuenta al limitar el n\u00famero de intentos de inicio de sesi\u00f3n<\/li>\n<li>F\u00e1cil de instalar y configurar<\/li>\n<li>Configuraci\u00f3n personalizable para satisfacer necesidades de seguridad espec\u00edficas<\/li>\n<li>Env\u00eda notificaciones por correo electr\u00f3nico a los administradores cuando los intentos de inicio de sesi\u00f3n exceden los l\u00edmites establecidos<\/li>\n<li>Bloquea direcciones IP de delincuentes repetidos para mayor seguridad<\/li>\n<li>Compatible con todos los temas y complementos de WordPress<\/li>\n<li>Mantiene registros de intentos de inicio de sesi\u00f3n para referencia futura<\/li>\n<li>Mejora la seguridad general del sitio y protege datos valiosos.<\/li>\n<\/ul>\n","protected":false},"excerpt":{"rendered":"<p>Los intentos de inicio de sesi\u00f3n de LoginPress Limit es un complemento incre\u00edblemente beneficioso dise\u00f1ado espec\u00edficamente para sitios web de WordPress, ya que restringe efectivamente la cantidad de intentos de inicio de sesi\u00f3n que un usuario puede hacer. Esta caracter\u00edstica cr\u00edtica sirve para salvaguardar su sitio web del peligro siempre presente de los ataques de fuerza bruta y cualquier posible acceso no autorizado. Adem\u00e1s, este notable complemento le ofrece la invaluable opci\u00f3n para personalizar sus mensajes de error de inicio de sesi\u00f3n para satisfacer sus necesidades y requisitos espec\u00edficos. Adem\u00e1s, le proporciona m\u00e9tricas integrales y detalladas relacionadas con cada intento de inicio de sesi\u00f3n que tiene lugar. Al integrar los intentos de inicio de sesi\u00f3n de LIGINPress Limit en su sitio web, sin duda mejorar\u00e1 su seguridad general, fortaleciendo as\u00ed sus valiosos datos con cualquier amenaza potencial que pueda surgir.<\/p>\n","protected":false},"featured_media":168819,"comment_status":"open","ping_status":"open","template":"","meta":[],"product_brand":[2489],"product_cat":[1212,1206,1211],"product_tag":[1322],"class_list":{"0":"post-138353","1":"product","2":"type-product","3":"status-publish","4":"has-post-thumbnail","6":"product_brand-wp-brigade","7":"product_cat-administracion-wordpress-plugins","8":"product_cat-plugins","9":"product_cat-wordpress-plugins","10":"product_tag-wp-brigade","11":"member-discount","12":"discount-restricted","14":"first","15":"instock","16":"sale","17":"downloadable","18":"virtual","19":"sold-individually","20":"purchasable","21":"product-type-simple"},"_links":{"self":[{"href":"https:\/\/gpl-love.com\/es\/wp-json\/wp\/v2\/product\/138353","targetHints":{"allow":["GET"]}}],"collection":[{"href":"https:\/\/gpl-love.com\/es\/wp-json\/wp\/v2\/product"}],"about":[{"href":"https:\/\/gpl-love.com\/es\/wp-json\/wp\/v2\/types\/product"}],"replies":[{"embeddable":true,"href":"https:\/\/gpl-love.com\/es\/wp-json\/wp\/v2\/comments?post=138353"}],"wp:featuredmedia":[{"embeddable":true,"href":"https:\/\/gpl-love.com\/es\/wp-json\/wp\/v2\/media\/168819"}],"wp:attachment":[{"href":"https:\/\/gpl-love.com\/es\/wp-json\/wp\/v2\/media?parent=138353"}],"wp:term":[{"taxonomy":"product_brand","embeddable":true,"href":"https:\/\/gpl-love.com\/es\/wp-json\/wp\/v2\/product_brand?post=138353"},{"taxonomy":"product_cat","embeddable":true,"href":"https:\/\/gpl-love.com\/es\/wp-json\/wp\/v2\/product_cat?post=138353"},{"taxonomy":"product_tag","embeddable":true,"href":"https:\/\/gpl-love.com\/es\/wp-json\/wp\/v2\/product_tag?post=138353"}],"curies":[{"name":"wp","href":"https:\/\/api.w.org\/{rel}","templated":true}]}}