{"id":138351,"date":"2024-04-25T00:00:00","date_gmt":"2024-04-25T05:00:00","guid":{"rendered":"https:\/\/gpl-love.com\/es\/producto\/loginpress-social-login\/"},"modified":"2026-03-09T08:38:05","modified_gmt":"2026-03-09T13:38:05","slug":"loginpress-social-login","status":"publish","type":"product","link":"https:\/\/gpl-love.com\/es\/producto\/loginpress-social-login\/","title":{"rendered":"LoginPress Social Login 3.0.0"},"content":{"rendered":"<h3>LoginPress Social Login Caracteristicas<\/h3>\n<p>Loginpress Social Sogin es una soluci\u00f3n vers\u00e1til y abarrotable que satisface las necesidades de los sitios web que buscan proporcionar a sus usuarios la conveniencia de las opciones de inicio de sesi\u00f3n sociales. Este notable complemento cuenta con un soporte inagotable para redes sociales de renombre como Facebook, Google, Twitter y LinkedIn, facilitando el proceso perfecto y altamente seguro de iniciar sesi\u00f3n en su sitio utilizando las cuentas de redes sociales preexistentes. Adem\u00e1s, el complemento es notablemente adaptable, lo que permite una amplia gama de opciones de personalizaci\u00f3n que le permiten personalizar el encuentro de inicio de sesi\u00f3n social de acuerdo con la marca y el estilo distintivos de su sitio web. Con las caracter\u00edsticas integradas del inicio de sesi\u00f3n social de loginpress, puede aumentar sin esfuerzo la participaci\u00f3n del usuario, agilizar el procedimiento de inicio de sesi\u00f3n y elevar la experiencia general del usuario de su estimado sitio web.<\/p>\n<ul>\n<li>Integraci\u00f3n de inicio de sesi\u00f3n de redes sociales f\u00e1cil y r\u00e1pida<\/li>\n<li>Admite m\u00e1s de 20 plataformas de redes sociales como Facebook, Twitter, LinkedIn, Google y m\u00e1s<\/li>\n<li>Proporciona una experiencia de usuario personalizada con botones y dise\u00f1os de inicio de sesi\u00f3n personalizables<\/li>\n<li>Permite a los usuarios elegir qu\u00e9 cuenta de redes sociales usar para iniciar sesi\u00f3n, lo que es conveniente para ellos<\/li>\n<li>Protege la privacidad del usuario con API seguras y cifrado de datos<\/li>\n<li>Compatible con cualquier tema de WordPress y funciona sin problemas con otros complementos de inicio de sesi\u00f3n<\/li>\n<li>Aumenta las tasas de registro y reduce las tasas de abandono del carrito de los sitios web de comercio electr\u00f3nico<\/li>\n<li>Proporciona an\u00e1lisis detallados sobre inicios de sesi\u00f3n y actividad de los usuarios para los propietarios de sitios web<\/li>\n<li>Ofrece una excelente atenci\u00f3n al cliente y actualizaciones regulares para garantizar un rendimiento \u00f3ptimo<\/li>\n<li>Precios asequibles con varios paquetes para adaptarse a diferentes necesidades comerciales.<\/li>\n<\/ul>\n","protected":false},"excerpt":{"rendered":"<p>Loginpress Social Sogin es un complemento incre\u00edblemente conveniente y eficiente que otorga a los usuarios la capacidad de acceder r\u00e1pidamente y sin esfuerzo a su sitio de WordPress utilizando sus cuentas de redes sociales. Este notable complemento cuenta con una extensa gama de plataformas compatibles, que abarca redes sociales notables como Facebook, Google, Twitter y LinkedIn, entre otras. Adem\u00e1s, proporciona a los usuarios un bot\u00f3n de inicio de sesi\u00f3n meticulosamente personalizable y un formulario de registro, facilitando as\u00ed un nivel de personalizaci\u00f3n incomparable. Al incorporar las capacidades notables de inicio de sesi\u00f3n social de loginpress en sus respectivos sitios web, los propietarios de sitios pueden elevar significativamente la participaci\u00f3n del usuario y optimizar el procedimiento de inicio de sesi\u00f3n contorneado.<\/p>\n","protected":false},"featured_media":168818,"comment_status":"open","ping_status":"open","template":"","meta":[],"product_brand":[2489],"product_cat":[1212,1206,1211],"product_tag":[1322],"class_list":{"0":"post-138351","1":"product","2":"type-product","3":"status-publish","4":"has-post-thumbnail","6":"product_brand-wp-brigade","7":"product_cat-administracion-wordpress-plugins","8":"product_cat-plugins","9":"product_cat-wordpress-plugins","10":"product_tag-wp-brigade","11":"member-discount","12":"discount-restricted","14":"first","15":"instock","16":"sale","17":"downloadable","18":"virtual","19":"sold-individually","20":"purchasable","21":"product-type-simple"},"_links":{"self":[{"href":"https:\/\/gpl-love.com\/es\/wp-json\/wp\/v2\/product\/138351","targetHints":{"allow":["GET"]}}],"collection":[{"href":"https:\/\/gpl-love.com\/es\/wp-json\/wp\/v2\/product"}],"about":[{"href":"https:\/\/gpl-love.com\/es\/wp-json\/wp\/v2\/types\/product"}],"replies":[{"embeddable":true,"href":"https:\/\/gpl-love.com\/es\/wp-json\/wp\/v2\/comments?post=138351"}],"wp:featuredmedia":[{"embeddable":true,"href":"https:\/\/gpl-love.com\/es\/wp-json\/wp\/v2\/media\/168818"}],"wp:attachment":[{"href":"https:\/\/gpl-love.com\/es\/wp-json\/wp\/v2\/media?parent=138351"}],"wp:term":[{"taxonomy":"product_brand","embeddable":true,"href":"https:\/\/gpl-love.com\/es\/wp-json\/wp\/v2\/product_brand?post=138351"},{"taxonomy":"product_cat","embeddable":true,"href":"https:\/\/gpl-love.com\/es\/wp-json\/wp\/v2\/product_cat?post=138351"},{"taxonomy":"product_tag","embeddable":true,"href":"https:\/\/gpl-love.com\/es\/wp-json\/wp\/v2\/product_tag?post=138351"}],"curies":[{"name":"wp","href":"https:\/\/api.w.org\/{rel}","templated":true}]}}