{"id":138160,"date":"2026-03-23T00:00:00","date_gmt":"2026-03-23T05:00:00","guid":{"rendered":"https:\/\/gpl-love.com\/es\/producto\/postx-pro-gutenberg-post-blocks\/"},"modified":"2026-03-30T11:16:25","modified_gmt":"2026-03-30T16:16:25","slug":"postx-pro-gutenberg-post-blocks","status":"publish","type":"product","link":"https:\/\/gpl-love.com\/es\/producto\/postx-pro-gutenberg-post-blocks\/","title":{"rendered":"PostX Pro Gutenberg Post Blocks 1.7.5"},"content":{"rendered":"<h3>PostX Pro Gutenberg Post Blocks Caracteristicas<\/h3>\n<p>Postx Pro Gutenberg Post Blocks es un complemento de WordPress incre\u00edblemente robusto e influyente que sirve para amplificar y aumentar la funcionalidad del ya impresionante editor de Gutenberg. Logra esto al brindar a los usuarios la oportunidad de incorporar una variedad de bloques de publicaciones frescas e innovadoras, lo que permite la creaci\u00f3n de publicaciones visualmente cautivadoras e impresionantes. A trav\u00e9s de la utilizaci\u00f3n de este complemento, los individuos pueden personalizar h\u00e1bilmente sus publicaciones con la inclusi\u00f3n de dise\u00f1os, tipograf\u00eda y animaciones impresionantes y est\u00e9ticamente agradables, todos los cuales poseen la calidad \u00fanica de ser completamente receptivo y compatible con todo tipo de dispositivos. Este complemento es particularmente adecuado para aquellas personas que se identifican como bloggers, vendedores o simplemente cualquier persona que busque generar contenido de un calibre profesional sin necesitar ning\u00fan tipo de experiencia o experiencia de codificaci\u00f3n. Con su interfaz notablemente f\u00e1cil de usar y un ensamblaje de caracter\u00edsticas que son navegables sin esfuerzo, es absolutamente innegable que los bloques post de Postx Pro Gutenberg representen la herramienta por excelencia para cualquier individuo que busque impulsar su sitio web de WordPress al Zenith absoluto de su potencial.<\/p>\n<ul>\n<li>Agregue bloques de publicaci\u00f3n hermosos y receptivos a su sitio web de WordPress<\/li>\n<li>Dise\u00f1ado espec\u00edficamente para el editor de Gutenberg<\/li>\n<li>Incluye una variedad de bloques predise\u00f1ados, incluidos botones de intercambio social, biograf\u00eda de autor, publicaciones relacionadas y m\u00e1s<\/li>\n<li>Personalice f\u00e1cilmente el aspecto de cada bloque con un editor visual f\u00e1cil de usar<\/li>\n<li>Compatible con todos los temas y complementos de WordPress<\/li>\n<li>Ayuda a aumentar el compromiso y mejorar el dise\u00f1o general de su sitio web<\/li>\n<li>Actualizaciones regulares y excelente atenci\u00f3n al cliente proporcionada por el equipo Postx<\/li>\n<li>Opciones de precios asequibles y flexibles para adaptarse a cualquier presupuesto<\/li>\n<li>Perfecto para bloggers, creadores de contenido, sitios web de comercio electr\u00f3nico y m\u00e1s.<\/li>\n<\/ul>\n","protected":false},"excerpt":{"rendered":"<p>Postx Pro Gutenberg Post Blocks es un complemento de WordPress incre\u00edblemente robusto y din\u00e1mico que ha sido elaborado por expertos para elevar y enriquecer su experiencia general de edici\u00f3n posterior. Incre\u00edblemente f\u00e1cil de usar e intuitivo, este complemento excepcional le otorga la capacidad perfecta para moda sin esfuerzo impresionantes publicaciones rebosantes con una extensa variedad de bloques predise\u00f1ados. Estos notables bloques abarcan una variedad impresionante de elementos como t\u00edtulos cautivadores, im\u00e1genes exquisitas, videos cautivadores, citas que invitan a la reflexi\u00f3n, tablas meticulosamente organizadas y una gran cantidad de otras caracter\u00edsticas notables. Sorprendentemente, cada uno de estos bloques cautivadores puede adaptarse meticulosamente y personalizarse para alinearse sin problemas con sus preferencias espec\u00edficas y exigentes, asegurando as\u00ed un nivel de personalizaci\u00f3n incomparable. Postx Pro Gutenberg Post Blocks satisface las necesidades y aspiraciones de los bloggers ardientes, sino que tambi\u00e9n se presta perfectamente a los requisitos multifac\u00e9ticos de los especialistas en marketing astutos y a cualquier individuo que busque crear publicaciones estimulantes y cautivadoras visualmente. \u00a1Permita que las capacidades transformadoras de los bloques Post de Postx Pro Gutenberg otorguen su preciado contenido el aumento exponencial y la mejora que se merece tan ricamente!<\/p>\n","protected":false},"featured_media":168817,"comment_status":"open","ping_status":"open","template":"","meta":[],"product_brand":[2659],"product_cat":[1207,1206,1431],"product_tag":[2279],"class_list":{"0":"post-138160","1":"product","2":"type-product","3":"status-publish","4":"has-post-thumbnail","6":"product_brand-wpxpo","7":"product_cat-comercio-electronico-plugins","8":"product_cat-plugins","9":"product_cat-social-comercio-electronico-plugins","10":"product_tag-wpxpo","11":"member-discount","12":"discount-restricted","14":"first","15":"instock","16":"sale","17":"downloadable","18":"virtual","19":"sold-individually","20":"purchasable","21":"product-type-simple"},"_links":{"self":[{"href":"https:\/\/gpl-love.com\/es\/wp-json\/wp\/v2\/product\/138160","targetHints":{"allow":["GET"]}}],"collection":[{"href":"https:\/\/gpl-love.com\/es\/wp-json\/wp\/v2\/product"}],"about":[{"href":"https:\/\/gpl-love.com\/es\/wp-json\/wp\/v2\/types\/product"}],"replies":[{"embeddable":true,"href":"https:\/\/gpl-love.com\/es\/wp-json\/wp\/v2\/comments?post=138160"}],"wp:featuredmedia":[{"embeddable":true,"href":"https:\/\/gpl-love.com\/es\/wp-json\/wp\/v2\/media\/168817"}],"wp:attachment":[{"href":"https:\/\/gpl-love.com\/es\/wp-json\/wp\/v2\/media?parent=138160"}],"wp:term":[{"taxonomy":"product_brand","embeddable":true,"href":"https:\/\/gpl-love.com\/es\/wp-json\/wp\/v2\/product_brand?post=138160"},{"taxonomy":"product_cat","embeddable":true,"href":"https:\/\/gpl-love.com\/es\/wp-json\/wp\/v2\/product_cat?post=138160"},{"taxonomy":"product_tag","embeddable":true,"href":"https:\/\/gpl-love.com\/es\/wp-json\/wp\/v2\/product_tag?post=138160"}],"curies":[{"name":"wp","href":"https:\/\/api.w.org\/{rel}","templated":true}]}}